{"id":5402,"date":"2025-02-18T11:06:35","date_gmt":"2025-02-18T10:06:35","guid":{"rendered":"https:\/\/wiejskieprzysmaki.estima.site\/produkt\/dla-psa-pasztet-z-kurczaka-wolowiny-i-indyka-z-aloesem-bio-150-g-yarrah\/"},"modified":"2025-02-20T15:09:05","modified_gmt":"2025-02-20T14:09:05","slug":"dla-psa-pasztet-z-kurczaka-wolowiny-i-indyka-z-aloesem-bio-150-g-yarrah","status":"publish","type":"product","link":"https:\/\/wiejskieprzysmaki.estima.site\/en\/product\/dla-psa-pasztet-z-kurczaka-wolowiny-i-indyka-z-aloesem-bio-150-g-yarrah\/","title":{"rendered":"(DLA PSA) PASZTET Z KURCZAKA, WO\u0141OWINY I INDYKA Z ALOESEM BIO 150 g &#8211; YARRAH"},"content":{"rendered":"<p>SK\u0141ADNIKI<br \/>mi\u0119so i produkty pochodzenia zwierz\u0119cego* 55 % (kurczak* 30 %, wo\u0142owina* 15 %, indyk* 10 %), produkty pochodzenia ro\u015blinnego* (suszony aloes* 1,5 %), substancje mineralne, oleje i t\u0142uszcze* (olej s\u0142onecznikowy*). (*certyfikowany sk\u0142adnik ekologiczny).<\/p>\n<p>OPIS<br \/>Karma pe\u0142noporcjowa dla psa. <\/p>\n<p>SK\u0141ADNIKI ANALITYCZNE<br \/>bia\u0142ko surowe &#8211; 10 % <br \/>w\u0142\u00f3kno surowe &#8211; 0,4 % <br \/>t\u0142uszcz surowy &#8211; 6,5 % <br \/>popi\u00f3\u0142 surowy &#8211; 2 % <br \/>wilgotno\u015b\u0107 &#8211; 81 %<\/p>\n<p>DODATKI DIETETYCZNE\/kg<br \/>witamina D &#8211; 275 IU<br \/>witamina E &#8211; 30 mg<br \/>cynk &#8211; 15 mg<br \/>mangan &#8211; 6 mg<br \/>mied\u017a &#8211; 1 mg<br \/>Jod &#8211; 0,3 mg<\/p>\n<p>ZALECANE DZIENNE KARMIENIE<br \/>Pies o masie 3 kg &#8211; 300 g<br \/>Pies o masie 7 kg &#8211; 600 g<br \/>Pies o masie 12 kg &#8211; 900 g<\/p>\n<p>UWAGA<br \/>Podawa\u0107 w temperaturze pokojowej. Nale\u017cy zapewni\u0107 psu dost\u0119p do \u015bwie\u017cej wody.<\/p>\n<p>ZALECANE WARUNKI PRZECHOWYWANIA<br \/>Przechowywa\u0107 w ch\u0142odnym i suchym miejscu. Po otwarciu przechowywa\u0107 w lod\u00f3wce (maks. 2 dni).<\/p>","protected":false},"excerpt":{"rendered":"<p>SK\u0141ADNIKImi\u0119so i produkty pochodzenia zwierz\u0119cego* 55 % (kurczak* 30 %, wo\u0142owina* 15 %, indyk* 10 %), produkty pochodzenia ro\u015blinnego* (suszony aloes* 1,5 %), substancje mineralne, oleje i t\u0142uszcze* (olej s\u0142onecznikowy*). (*certyfikowany sk\u0142adnik ekologiczny). OPISKarma pe\u0142noporcjowa dla psa. SK\u0141ADNIKI ANALITYCZNEbia\u0142ko surowe &#8211; 10 % w\u0142\u00f3kno surowe &#8211; 0,4 % t\u0142uszcz surowy &#8211; 6,5 % popi\u00f3\u0142 surowy [&hellip;]<\/p>","protected":false},"featured_media":5403,"comment_status":"closed","ping_status":"open","template":"","meta":{"_acf_changed":false},"product_brand":[],"product_cat":[9054],"product_tag":[],"class_list":{"0":"post-5402","1":"product","2":"type-product","3":"status-publish","4":"has-post-thumbnail","6":"product_cat-karma-dla-zwierzat","7":"pa_ean-matka-4388","8":"pa_gwarancja-przydatnosci-718","9":"pa_ilosc-w-opakowaniu-374","10":"pa_jednostka-podstawowa-szt","11":"pa_kod-cn-2309-10-51","12":"pa_kraj-pochodzenia-skladnikow-turcja","13":"pa_masa-netto-197","14":"pa_objetosc-brutto-2367","15":"pa_producent-yarrah-karma-dla-kotow-i-psow","16":"pa_producent-nazwa-adres-premium-petfood-brands-b-v-putterweg-5-ermelo-postal-p-o-box-1214-nl-3840-be-harderwijk-the-netherlands","17":"pa_tagi-bez-cukru-w-skladnikach","18":"pa_tagi-bez-glutenu-w-skladnikach","19":"pa_tagi-certyfikat-bio","21":"first","22":"instock","23":"taxable","24":"shipping-taxable","25":"purchasable","26":"product-type-simple"},"acf":[],"_links":{"self":[{"href":"https:\/\/wiejskieprzysmaki.estima.site\/en\/wp-json\/wp\/v2\/product\/5402","targetHints":{"allow":["GET"]}}],"collection":[{"href":"https:\/\/wiejskieprzysmaki.estima.site\/en\/wp-json\/wp\/v2\/product"}],"about":[{"href":"https:\/\/wiejskieprzysmaki.estima.site\/en\/wp-json\/wp\/v2\/types\/product"}],"replies":[{"embeddable":true,"href":"https:\/\/wiejskieprzysmaki.estima.site\/en\/wp-json\/wp\/v2\/comments?post=5402"}],"wp:featuredmedia":[{"embeddable":true,"href":"https:\/\/wiejskieprzysmaki.estima.site\/en\/wp-json\/wp\/v2\/media\/5403"}],"wp:attachment":[{"href":"https:\/\/wiejskieprzysmaki.estima.site\/en\/wp-json\/wp\/v2\/media?parent=5402"}],"wp:term":[{"taxonomy":"product_brand","embeddable":true,"href":"https:\/\/wiejskieprzysmaki.estima.site\/en\/wp-json\/wp\/v2\/product_brand?post=5402"},{"taxonomy":"product_cat","embeddable":true,"href":"https:\/\/wiejskieprzysmaki.estima.site\/en\/wp-json\/wp\/v2\/product_cat?post=5402"},{"taxonomy":"product_tag","embeddable":true,"href":"https:\/\/wiejskieprzysmaki.estima.site\/en\/wp-json\/wp\/v2\/product_tag?post=5402"}],"curies":[{"name":"wp","href":"https:\/\/api.w.org\/{rel}","templated":true}]}}