{"id":5444,"date":"2025-02-18T11:07:00","date_gmt":"2025-02-18T10:07:00","guid":{"rendered":"https:\/\/wiejskieprzysmaki.estima.site\/produkt\/deser-migdalowy-mango-bezglutenowy-bio-180-g-my-love-my-life\/"},"modified":"2025-02-18T11:07:12","modified_gmt":"2025-02-18T10:07:12","slug":"deser-migdalowy-mango-bezglutenowy-bio-180-g-my-love-my-life","status":"publish","type":"product","link":"https:\/\/wiejskieprzysmaki.estima.site\/en\/product\/deser-migdalowy-mango-bezglutenowy-bio-180-g-my-love-my-life\/","title":{"rendered":"DESER MIGDA\u0141OWY MANGO BEZGLUTENOWY BIO 180 g &#8211; MY LOVE MY LIFE"},"content":{"rendered":"<p>SK\u0141ADNIKI<br \/>woda, mango* (12 %), cukier*, MIGDA\u0141Y* (5 %), skrobia z tapioki*, skrobia kukurydziana*, stabilizator: m\u0105czka chleba \u015bwi\u0119toja\u0144skiego*, skoncentrowany sok z cytryny*, s\u00f3l, kultury bakterii mlekowych (*certyfikowany sk\u0142adnik ekologiczny)<\/p>\n<p>WARTO\u015a\u0106 OD\u017bYWCZA W 100 g  <br \/>Warto\u015b\u0107 energetyczna &#8211; 355 kJ\/84 kcal  <br \/>T\u0142uszcz &#8211; 2,5 g  <br \/>w tym kwasy t\u0142uszczowe nasycone &#8211; 0,2 g  <br \/>W\u0119glowodany &#8211; 14 g  <br \/>w tym cukry &#8211; 10 g  <br \/>Bia\u0142ko &#8211; 0,5 g  <br \/>S\u00f3l &#8211; 0,1 g<\/p>\n<p>ZALECANE WARUNKI PRZECHOWYWANIA  <br \/>Przechowywa\u0107 w lod\u00f3wce po otwarciu spo\u017cy\u0107 w ci\u0105gu 3 dni.<\/p>","protected":false},"excerpt":{"rendered":"<p>SK\u0141ADNIKIwoda, mango* (12 %), cukier*, MIGDA\u0141Y* (5 %), skrobia z tapioki*, skrobia kukurydziana*, stabilizator: m\u0105czka chleba \u015bwi\u0119toja\u0144skiego*, skoncentrowany sok z cytryny*, s\u00f3l, kultury bakterii mlekowych (*certyfikowany sk\u0142adnik ekologiczny) WARTO\u015a\u0106 OD\u017bYWCZA W 100 g Warto\u015b\u0107 energetyczna &#8211; 355 kJ\/84 kcal T\u0142uszcz &#8211; 2,5 g w tym kwasy t\u0142uszczowe nasycone &#8211; 0,2 g W\u0119glowodany &#8211; 14 g [&hellip;]<\/p>","protected":false},"featured_media":5445,"comment_status":"closed","ping_status":"open","template":"","meta":{"_acf_changed":false},"product_brand":[],"product_cat":[274,275],"product_tag":[],"class_list":{"0":"post-5444","1":"product","2":"type-product","3":"status-publish","4":"has-post-thumbnail","6":"product_cat-lodowka-inne","7":"product_cat-roslinne-alternatywy-jogurtow","8":"pa_ean-matka-4411","9":"pa_gwarancja-przydatnosci-681","10":"pa_ilosc-w-opakowaniu-298","11":"pa_jednostka-podstawowa-szt","12":"pa_kod-cn-2106-90-92","13":"pa_kraj-pochodzenia-skladnikow-turcja","14":"pa_masa-netto-432","15":"pa_objetosc-brutto-2067","16":"pa_producent-my-love-my-life-desery-i-produkty-roslinne","17":"pa_producent-nazwa-adres-hale-gmbh-my-love-my-life-hauptstrase-22-4552-wartberg","18":"pa_tagi-bez-glutenu-deklaracja","19":"pa_tagi-bez-glutenu-w-skladnikach","20":"pa_tagi-certyfikat-bio","21":"pa_tagi-weganski","22":"pa_tagi-wegetarianski","24":"first","25":"instock","26":"taxable","27":"shipping-taxable","28":"purchasable","29":"product-type-simple"},"acf":[],"_links":{"self":[{"href":"https:\/\/wiejskieprzysmaki.estima.site\/en\/wp-json\/wp\/v2\/product\/5444","targetHints":{"allow":["GET"]}}],"collection":[{"href":"https:\/\/wiejskieprzysmaki.estima.site\/en\/wp-json\/wp\/v2\/product"}],"about":[{"href":"https:\/\/wiejskieprzysmaki.estima.site\/en\/wp-json\/wp\/v2\/types\/product"}],"replies":[{"embeddable":true,"href":"https:\/\/wiejskieprzysmaki.estima.site\/en\/wp-json\/wp\/v2\/comments?post=5444"}],"wp:featuredmedia":[{"embeddable":true,"href":"https:\/\/wiejskieprzysmaki.estima.site\/en\/wp-json\/wp\/v2\/media\/5445"}],"wp:attachment":[{"href":"https:\/\/wiejskieprzysmaki.estima.site\/en\/wp-json\/wp\/v2\/media?parent=5444"}],"wp:term":[{"taxonomy":"product_brand","embeddable":true,"href":"https:\/\/wiejskieprzysmaki.estima.site\/en\/wp-json\/wp\/v2\/product_brand?post=5444"},{"taxonomy":"product_cat","embeddable":true,"href":"https:\/\/wiejskieprzysmaki.estima.site\/en\/wp-json\/wp\/v2\/product_cat?post=5444"},{"taxonomy":"product_tag","embeddable":true,"href":"https:\/\/wiejskieprzysmaki.estima.site\/en\/wp-json\/wp\/v2\/product_tag?post=5444"}],"curies":[{"name":"wp","href":"https:\/\/api.w.org\/{rel}","templated":true}]}}