{"id":5464,"date":"2025-02-18T11:07:16","date_gmt":"2025-02-18T10:07:16","guid":{"rendered":"https:\/\/wiejskieprzysmaki.estima.site\/produkt\/ashwagandha-bio-495-mg-250-tabletek-batom-ajurweda\/"},"modified":"2025-02-20T15:13:47","modified_gmt":"2025-02-20T14:13:47","slug":"ashwagandha-bio-495-mg-250-tabletek-batom-ajurweda","status":"publish","type":"product","link":"https:\/\/wiejskieprzysmaki.estima.site\/en\/product\/ashwagandha-bio-495-mg-250-tabletek-batom-ajurweda\/","title":{"rendered":"ASHWAGANDHA BIO (495 mg) 250 TABLETEK &#8211; BATOM (AJURWEDA)"},"content":{"rendered":"<p>SK\u0141ADNIKI<br \/>proszek z korzenia Ashwagandhy*, substancja przeciwzbrylaj\u0105ca &#8211; krzemionka koloidalna bezwodna*. (*certyfikowany sk\u0142adnik ekologiczny)<\/p>\n<p>OPIS<br \/>Suplement diety.<\/p>\n<p>ZALECANE SPO\u017bYCIE I INNE UWAGI<br \/>2 tabletki dziennie popijaj\u0105c du\u017c\u0105 ilo\u015bci\u0105 wody, najlepiej spo\u017cy\u0107 p\u00f3\u0142 godziny przed posi\u0142kiem. Nie nale\u017cy przekracza\u0107 zalecanej porcji do spo\u017cycia w ci\u0105gu dnia.<br \/>Suplement diety nie mog\u0105 by\u0107 stosowane jako substytut (zamiennik) zr\u00f3\u017cnicowanej diety.<\/p>\n<p>ZALECANE WARUNKI PRZECHOWYWANIA  <br \/>Przechowywa\u0107 w suchym i ch\u0142odnym miejscu, w spos\u00f3b niedost\u0119pny dla ma\u0142ych dzieci.<\/p>","protected":false},"excerpt":{"rendered":"<p>SK\u0141ADNIKIproszek z korzenia Ashwagandhy*, substancja przeciwzbrylaj\u0105ca &#8211; krzemionka koloidalna bezwodna*. (*certyfikowany sk\u0142adnik ekologiczny) OPISSuplement diety. ZALECANE SPO\u017bYCIE I INNE UWAGI2 tabletki dziennie popijaj\u0105c du\u017c\u0105 ilo\u015bci\u0105 wody, najlepiej spo\u017cy\u0107 p\u00f3\u0142 godziny przed posi\u0142kiem. Nie nale\u017cy przekracza\u0107 zalecanej porcji do spo\u017cycia w ci\u0105gu dnia.Suplement diety nie mog\u0105 by\u0107 stosowane jako substytut (zamiennik) zr\u00f3\u017cnicowanej diety. ZALECANE WARUNKI PRZECHOWYWANIA [&hellip;]<\/p>","protected":false},"featured_media":5465,"comment_status":"closed","ping_status":"open","template":"","meta":{"_acf_changed":false},"product_brand":[],"product_cat":[1497,9057],"product_tag":[],"class_list":{"0":"post-5464","1":"product","2":"type-product","3":"status-publish","4":"has-post-thumbnail","6":"product_cat-kapsulki-tabletki","7":"product_cat-suplementy-diety","8":"pa_ean-matka-4425","9":"pa_gwarancja-przydatnosci-311","10":"pa_ilosc-w-opakowaniu-298","11":"pa_jednostka-podstawowa-szt","12":"pa_kod-cn-2106-90-92","13":"pa_kraj-pochodzenia-skladnikow-turcja","14":"pa_masa-netto-811","15":"pa_objetosc-brutto-4423","16":"pa_producent-batom-oleje-soki-sole-kapielowe","17":"pa_producent-nazwa-adres-batom-pl-jozef-lesniak-hurtownia-zdrowej-zywnosci-generala-augusta-fieldorfa-nila-17-31-209-krakow","18":"pa_tagi-bez-cukru-w-skladnikach","19":"pa_tagi-bez-glutenu-w-skladnikach","20":"pa_tagi-certyfikat-bio","21":"pa_tagi-weganski","22":"pa_tagi-wegetarianski","24":"first","25":"instock","26":"taxable","27":"shipping-taxable","28":"purchasable","29":"product-type-simple"},"acf":[],"_links":{"self":[{"href":"https:\/\/wiejskieprzysmaki.estima.site\/en\/wp-json\/wp\/v2\/product\/5464","targetHints":{"allow":["GET"]}}],"collection":[{"href":"https:\/\/wiejskieprzysmaki.estima.site\/en\/wp-json\/wp\/v2\/product"}],"about":[{"href":"https:\/\/wiejskieprzysmaki.estima.site\/en\/wp-json\/wp\/v2\/types\/product"}],"replies":[{"embeddable":true,"href":"https:\/\/wiejskieprzysmaki.estima.site\/en\/wp-json\/wp\/v2\/comments?post=5464"}],"wp:featuredmedia":[{"embeddable":true,"href":"https:\/\/wiejskieprzysmaki.estima.site\/en\/wp-json\/wp\/v2\/media\/5465"}],"wp:attachment":[{"href":"https:\/\/wiejskieprzysmaki.estima.site\/en\/wp-json\/wp\/v2\/media?parent=5464"}],"wp:term":[{"taxonomy":"product_brand","embeddable":true,"href":"https:\/\/wiejskieprzysmaki.estima.site\/en\/wp-json\/wp\/v2\/product_brand?post=5464"},{"taxonomy":"product_cat","embeddable":true,"href":"https:\/\/wiejskieprzysmaki.estima.site\/en\/wp-json\/wp\/v2\/product_cat?post=5464"},{"taxonomy":"product_tag","embeddable":true,"href":"https:\/\/wiejskieprzysmaki.estima.site\/en\/wp-json\/wp\/v2\/product_tag?post=5464"}],"curies":[{"name":"wp","href":"https:\/\/api.w.org\/{rel}","templated":true}]}}