{"id":5504,"date":"2025-02-18T11:07:32","date_gmt":"2025-02-18T10:07:32","guid":{"rendered":"https:\/\/wiejskieprzysmaki.estima.site\/produkt\/imbir-kandyzowany-w-czekoladzie-gorzkiej-bezglutenowy-bio-50-g-doti\/"},"modified":"2025-02-18T11:07:37","modified_gmt":"2025-02-18T10:07:37","slug":"imbir-kandyzowany-w-czekoladzie-gorzkiej-bezglutenowy-bio-50-g-doti","status":"publish","type":"product","link":"https:\/\/wiejskieprzysmaki.estima.site\/en\/product\/imbir-kandyzowany-w-czekoladzie-gorzkiej-bezglutenowy-bio-50-g-doti\/","title":{"rendered":"IMBIR KANDYZOWANY W CZEKOLADZIE GORZKIEJ BEZGLUTENOWY BIO 50 g &#8211; DOTI"},"content":{"rendered":"<p>SK\u0141ADNIKI<br \/>kandyzowany imbir* 50 % (imbir*, cukier trzcinowy*), czekolada* 49 % [miazga kakaowa*, cukier trzcinowy*, t\u0142uszcz kakaowy*, kakao o obni\u017conej zawarto\u015bci t\u0142uszczu*, emulgator: lecytyny (z SOI*)], substancje glazuruj\u0105ce*: guma arabska*, cukier*. (*certyfikowany sk\u0142adnik ekologiczny)<br \/>Czekolada: masa kakaowa minimum 60 %. <\/p>\n<p>OPIS  <br \/> Wysoka zawarto\u015b\u0107 b\u0142onnika pokarmowego. Opakowanie zawiera dwie sugerowane porcje produktu.<\/p>\n<p>WARTO\u015a\u0106 OD\u017bYWCZA W 100 g<br \/>Warto\u015b\u0107 energetyczna: 1807 kJ\/ 432 kcal  <br \/>T\u0142uszcz: 20 g  <br \/>w tym kwasy t\u0142uszczowe nasycone: 12 g  <br \/>W\u0119glowodany: 58 g  <br \/>w tym cukry: 22 g <br \/>B\u0142onnik: 6,0 g  <br \/>Bia\u0142ko: 2,9 g  <br \/>S\u00f3l: 0 g<\/p>\n<p>INFORMACJA ALERGENNA<br \/>Mo\u017ce zawiera\u0107 ORZECHY NERKOWCA i MIGDA\u0141Y.<\/p>\n<p>ZALECANE WARUNKI PRZECHOWYWANIA<br \/>Przechowywa\u0107 w suchym i ch\u0142odnym miejscu.<\/p>","protected":false},"excerpt":{"rendered":"<p>SK\u0141ADNIKIkandyzowany imbir* 50 % (imbir*, cukier trzcinowy*), czekolada* 49 % [miazga kakaowa*, cukier trzcinowy*, t\u0142uszcz kakaowy*, kakao o obni\u017conej zawarto\u015bci t\u0142uszczu*, emulgator: lecytyny (z SOI*)], substancje glazuruj\u0105ce*: guma arabska*, cukier*. (*certyfikowany sk\u0142adnik ekologiczny)Czekolada: masa kakaowa minimum 60 %. OPIS Wysoka zawarto\u015b\u0107 b\u0142onnika pokarmowego. Opakowanie zawiera dwie sugerowane porcje produktu. WARTO\u015a\u0106 OD\u017bYWCZA W 100 gWarto\u015b\u0107 energetyczna: [&hellip;]<\/p>","protected":false},"featured_media":5505,"comment_status":"closed","ping_status":"open","template":"","meta":{"_acf_changed":false},"product_brand":[],"product_cat":[700,139],"product_tag":[],"class_list":{"0":"post-5504","1":"product","2":"type-product","3":"status-publish","4":"has-post-thumbnail","6":"product_cat-bakalie-w-czekol-i-kandyz","7":"product_cat-slodycze-i-przekaski","8":"pa_ean-matka-4447","9":"pa_gwarancja-przydatnosci-320","10":"pa_ilosc-w-opakowaniu-674","11":"pa_jednostka-podstawowa-szt","12":"pa_kod-cn-1806-90-90","13":"pa_kraj-pochodzenia-skladnikow-turcja","14":"pa_masa-netto-461","15":"pa_objetosc-brutto-1257","16":"pa_producent-doti-produkty-w-deserowej-czekoladzie","17":"pa_producent-nazwa-adres-doti-spolka-jawna-manufaktura-d-m-mroczkowscy-smolec-starowiejska-39-55-080-katy-wroclawskie","18":"pa_tagi-bez-glutenu-deklaracja","19":"pa_tagi-bez-glutenu-w-skladnikach","20":"pa_tagi-certyfikat-bio","21":"pa_tagi-weganski","22":"pa_tagi-wegetarianski","24":"first","25":"instock","26":"taxable","27":"shipping-taxable","28":"purchasable","29":"product-type-simple"},"acf":[],"_links":{"self":[{"href":"https:\/\/wiejskieprzysmaki.estima.site\/en\/wp-json\/wp\/v2\/product\/5504","targetHints":{"allow":["GET"]}}],"collection":[{"href":"https:\/\/wiejskieprzysmaki.estima.site\/en\/wp-json\/wp\/v2\/product"}],"about":[{"href":"https:\/\/wiejskieprzysmaki.estima.site\/en\/wp-json\/wp\/v2\/types\/product"}],"replies":[{"embeddable":true,"href":"https:\/\/wiejskieprzysmaki.estima.site\/en\/wp-json\/wp\/v2\/comments?post=5504"}],"wp:featuredmedia":[{"embeddable":true,"href":"https:\/\/wiejskieprzysmaki.estima.site\/en\/wp-json\/wp\/v2\/media\/5505"}],"wp:attachment":[{"href":"https:\/\/wiejskieprzysmaki.estima.site\/en\/wp-json\/wp\/v2\/media?parent=5504"}],"wp:term":[{"taxonomy":"product_brand","embeddable":true,"href":"https:\/\/wiejskieprzysmaki.estima.site\/en\/wp-json\/wp\/v2\/product_brand?post=5504"},{"taxonomy":"product_cat","embeddable":true,"href":"https:\/\/wiejskieprzysmaki.estima.site\/en\/wp-json\/wp\/v2\/product_cat?post=5504"},{"taxonomy":"product_tag","embeddable":true,"href":"https:\/\/wiejskieprzysmaki.estima.site\/en\/wp-json\/wp\/v2\/product_tag?post=5504"}],"curies":[{"name":"wp","href":"https:\/\/api.w.org\/{rel}","templated":true}]}}