{"id":5508,"date":"2025-02-18T11:07:32","date_gmt":"2025-02-18T10:07:32","guid":{"rendered":"https:\/\/wiejskieprzysmaki.estima.site\/produkt\/kapsulki-na-wydalanie-wody-bio-60-szt-306-g-mir-lek-ludowe-receptury\/"},"modified":"2025-02-20T15:13:47","modified_gmt":"2025-02-20T14:13:47","slug":"kapsulki-na-wydalanie-wody-bio-60-szt-306-g-mir-lek-ludowe-receptury","status":"publish","type":"product","link":"https:\/\/wiejskieprzysmaki.estima.site\/en\/product\/kapsulki-na-wydalanie-wody-bio-60-szt-306-g-mir-lek-ludowe-receptury\/","title":{"rendered":"KAPSU\u0141KI NA WYDALANIE WODY BIO (60 szt.) 30,6 g &#8211; MIR-LEK (LUDOWE RECEPTURY)"},"content":{"rendered":"<p>SK\u0141ADNIKI<br \/>Perz k\u0142\u0105cze* o zawarto\u015bci ekstraktu 35 % (30 %), ja\u0142owiec* o zawarto\u015bci olejk\u00f3w eterycznych 1,8 % (20 %), bez czarny* (20 %), krwawnik* o zawarto\u015bci olejk\u00f3w eterycznych 0,27 ml\/100g (17 %), korze\u0144 mniszka* (8 %), \u0142uska gryki* (5 %), otoczka kapsu\u0142ki &#8211; hypromeloza. (*certyfikowany sk\u0142adnik ekologiczny)<\/p>\n<p>OPIS<br \/>Suplement diety. Perz w\u0142a\u015bciwy stosowany jest w celu wspomagania funkcji wydalniczej nerek a tak\u017ce  w celu u\u0142atwienia kontroli masy cia\u0142a, ja\u0142owiec pospolity u\u017cywany jest w celu zwi\u0119kszenia eliminacji wody przez nerki  <\/p>\n<p>ZALECANE SPO\u017bYCIE I INNE UWAGI<br \/>3 razy dziennie po 1 kapsu\u0142ce w trakcie lub po posi\u0142ku. Nie przekracza\u0107 zalecanej porcji do spo\u017cycia w ci\u0105gu dnia Kapsu\u0142k\u0119 po\u0142kn\u0105\u0107 i popi\u0107 wod\u0105  <br \/>Produkt przeznaczony dla doros\u0142ych. Spo\u017cywanie produktu jest niewskazane w okresie ci\u0105\u017cy i karmienia. Nie stosowa\u0107 w przypadku nadwra\u017cliwo\u015bci na jakikolwiek sk\u0142adnik preparatu. Suplement diety nie mo\u017ce by\u0107 stosowany jako substytut zr\u00f3\u017cnicowanej i zbilansowane diety oraz nie zast\u0105pi zdrowego trybu \u017cycia.  <\/p>\n<p>ZALECANE WARUNKI PRZECHOWYWANIA<br \/>Przechowywa\u0107 w suchym miejscu w spos\u00f3b niedost\u0119pny dla ma\u0142ych dzieci. Chroni\u0107 od \u015bwiat\u0142a.  <\/p>","protected":false},"excerpt":{"rendered":"<p>SK\u0141ADNIKIPerz k\u0142\u0105cze* o zawarto\u015bci ekstraktu 35 % (30 %), ja\u0142owiec* o zawarto\u015bci olejk\u00f3w eterycznych 1,8 % (20 %), bez czarny* (20 %), krwawnik* o zawarto\u015bci olejk\u00f3w eterycznych 0,27 ml\/100g (17 %), korze\u0144 mniszka* (8 %), \u0142uska gryki* (5 %), otoczka kapsu\u0142ki &#8211; hypromeloza. (*certyfikowany sk\u0142adnik ekologiczny) OPISSuplement diety. Perz w\u0142a\u015bciwy stosowany jest w celu wspomagania [&hellip;]<\/p>","protected":false},"featured_media":5509,"comment_status":"closed","ping_status":"open","template":"","meta":{"_acf_changed":false},"product_brand":[],"product_cat":[1497,9057],"product_tag":[],"class_list":{"0":"post-5508","1":"product","2":"type-product","3":"status-publish","4":"has-post-thumbnail","6":"product_cat-kapsulki-tabletki","7":"product_cat-suplementy-diety","8":"pa_ean-matka-4452","9":"pa_gwarancja-przydatnosci-522","10":"pa_ilosc-w-opakowaniu-2511","11":"pa_jednostka-podstawowa-szt","12":"pa_kod-cn-2106-90-92","13":"pa_masa-netto-443","14":"pa_objetosc-brutto-1676","15":"pa_producent-mir-lek-suplementy-diety","16":"pa_producent-nazwa-adres-mir-lek-spolka-z-ograniczona-odpowiedzialnoscia-lipowa-3-42-421-rudniki","17":"pa_tagi-bez-cukru-w-skladnikach","18":"pa_tagi-bez-glutenu-w-skladnikach","19":"pa_tagi-certyfikat-bio","20":"pa_tagi-weganski","21":"pa_tagi-wegetarianski","23":"first","24":"instock","25":"taxable","26":"shipping-taxable","27":"purchasable","28":"product-type-simple"},"acf":[],"_links":{"self":[{"href":"https:\/\/wiejskieprzysmaki.estima.site\/en\/wp-json\/wp\/v2\/product\/5508","targetHints":{"allow":["GET"]}}],"collection":[{"href":"https:\/\/wiejskieprzysmaki.estima.site\/en\/wp-json\/wp\/v2\/product"}],"about":[{"href":"https:\/\/wiejskieprzysmaki.estima.site\/en\/wp-json\/wp\/v2\/types\/product"}],"replies":[{"embeddable":true,"href":"https:\/\/wiejskieprzysmaki.estima.site\/en\/wp-json\/wp\/v2\/comments?post=5508"}],"wp:featuredmedia":[{"embeddable":true,"href":"https:\/\/wiejskieprzysmaki.estima.site\/en\/wp-json\/wp\/v2\/media\/5509"}],"wp:attachment":[{"href":"https:\/\/wiejskieprzysmaki.estima.site\/en\/wp-json\/wp\/v2\/media?parent=5508"}],"wp:term":[{"taxonomy":"product_brand","embeddable":true,"href":"https:\/\/wiejskieprzysmaki.estima.site\/en\/wp-json\/wp\/v2\/product_brand?post=5508"},{"taxonomy":"product_cat","embeddable":true,"href":"https:\/\/wiejskieprzysmaki.estima.site\/en\/wp-json\/wp\/v2\/product_cat?post=5508"},{"taxonomy":"product_tag","embeddable":true,"href":"https:\/\/wiejskieprzysmaki.estima.site\/en\/wp-json\/wp\/v2\/product_tag?post=5508"}],"curies":[{"name":"wp","href":"https:\/\/api.w.org\/{rel}","templated":true}]}}