{"id":5514,"date":"2025-02-18T11:07:32","date_gmt":"2025-02-18T10:07:32","guid":{"rendered":"https:\/\/wiejskieprzysmaki.estima.site\/produkt\/groszek-ptysiowy-bez-dodatku-cukrow-bio-70-g-bio-ania\/"},"modified":"2025-02-18T11:07:41","modified_gmt":"2025-02-18T10:07:41","slug":"groszek-ptysiowy-bez-dodatku-cukrow-bio-70-g-bio-ania","status":"publish","type":"product","link":"https:\/\/wiejskieprzysmaki.estima.site\/en\/product\/groszek-ptysiowy-bez-dodatku-cukrow-bio-70-g-bio-ania\/","title":{"rendered":"GROSZEK PTYSIOWY BEZ DODATKU CUKR\u00d3W BIO 70 g &#8211; BIO ANIA"},"content":{"rendered":"<p>SK\u0141ADNIKI<br \/>m\u0105ka PSZENNA*, masa JAJOWA*, t\u0142uszcz kokosowy*, s\u00f3l (*certyfikowany sk\u0142adnik ekologiczny)<\/p>\n<p>WARTO\u015a\u0106 OD\u017bYWCZA W 100 g<br \/>Warto\u015b\u0107 energetyczna 2225 kJ \/ 533 kcal  <br \/>T\u0142uszcz &#8211; 30,2 g  <br \/>w tym kwasy nasycone &#8211; 12,7 g  <br \/>W\u0119glowodany &#8211; 47,5 g  <br \/>w tym cukry &#8211; 1,0 g  <br \/>Bia\u0142ko &#8211; 19,3 g  <br \/>S\u00f3l &#8211; 1,0 g<\/p>\n<p>INFORMACJA ALERGENNA<br \/>Produkt mo\u017ce zawiera\u0107 MLEKO (\u0142\u0105cznie z LAKTOZ\u0104), SEZAM, ORZECHY i SOJ\u0118.<\/p>\n<p>ZALECANE WARUNKI PRZECHOWYWANIA<br \/>Przechowywa\u0107 w suchym i ch\u0142odnym miejscu, z dala od \u017ar\u00f3de\u0142 ciep\u0142a i nas\u0142onecznienia.<\/p>","protected":false},"excerpt":{"rendered":"<p>SK\u0141ADNIKIm\u0105ka PSZENNA*, masa JAJOWA*, t\u0142uszcz kokosowy*, s\u00f3l (*certyfikowany sk\u0142adnik ekologiczny) WARTO\u015a\u0106 OD\u017bYWCZA W 100 gWarto\u015b\u0107 energetyczna 2225 kJ \/ 533 kcal T\u0142uszcz &#8211; 30,2 g w tym kwasy nasycone &#8211; 12,7 g W\u0119glowodany &#8211; 47,5 g w tym cukry &#8211; 1,0 g Bia\u0142ko &#8211; 19,3 g S\u00f3l &#8211; 1,0 g INFORMACJA ALERGENNAProdukt mo\u017ce zawiera\u0107 MLEKO [&hellip;]<\/p>","protected":false},"featured_media":5515,"comment_status":"closed","ping_status":"open","template":"","meta":{"_acf_changed":false},"product_brand":[],"product_cat":[2246,139],"product_tag":[],"class_list":{"0":"post-5514","1":"product","2":"type-product","3":"status-publish","4":"has-post-thumbnail","6":"product_cat-paluszki-precelki","7":"product_cat-slodycze-i-przekaski","8":"pa_ean-matka-4455","9":"pa_gwarancja-przydatnosci-324","10":"pa_ilosc-w-opakowaniu-327","11":"pa_jednostka-podstawowa-szt","12":"pa_kod-cn-1905-90-70","13":"pa_kraj-pochodzenia-skladnikow-polska","14":"pa_masa-netto-695","15":"pa_objetosc-brutto-906","16":"pa_producent-bio-ania-ciastka-muffiny-wafle","17":"pa_producent-nazwa-adres-ania-spolka-z-ograniczona-odpowiedzialnoscia-spolka-komandytowa-niepokalanej-panny-marii-103-31-589-krakow","18":"pa_tagi-bez-cukru-w-skladnikach","19":"pa_tagi-certyfikat-bio","20":"pa_tagi-wegetarianski","22":"first","23":"instock","24":"taxable","25":"shipping-taxable","26":"purchasable","27":"product-type-simple"},"acf":[],"_links":{"self":[{"href":"https:\/\/wiejskieprzysmaki.estima.site\/en\/wp-json\/wp\/v2\/product\/5514","targetHints":{"allow":["GET"]}}],"collection":[{"href":"https:\/\/wiejskieprzysmaki.estima.site\/en\/wp-json\/wp\/v2\/product"}],"about":[{"href":"https:\/\/wiejskieprzysmaki.estima.site\/en\/wp-json\/wp\/v2\/types\/product"}],"replies":[{"embeddable":true,"href":"https:\/\/wiejskieprzysmaki.estima.site\/en\/wp-json\/wp\/v2\/comments?post=5514"}],"wp:featuredmedia":[{"embeddable":true,"href":"https:\/\/wiejskieprzysmaki.estima.site\/en\/wp-json\/wp\/v2\/media\/5515"}],"wp:attachment":[{"href":"https:\/\/wiejskieprzysmaki.estima.site\/en\/wp-json\/wp\/v2\/media?parent=5514"}],"wp:term":[{"taxonomy":"product_brand","embeddable":true,"href":"https:\/\/wiejskieprzysmaki.estima.site\/en\/wp-json\/wp\/v2\/product_brand?post=5514"},{"taxonomy":"product_cat","embeddable":true,"href":"https:\/\/wiejskieprzysmaki.estima.site\/en\/wp-json\/wp\/v2\/product_cat?post=5514"},{"taxonomy":"product_tag","embeddable":true,"href":"https:\/\/wiejskieprzysmaki.estima.site\/en\/wp-json\/wp\/v2\/product_tag?post=5514"}],"curies":[{"name":"wp","href":"https:\/\/api.w.org\/{rel}","templated":true}]}}