{"id":5540,"date":"2025-02-18T11:07:49","date_gmt":"2025-02-18T10:07:49","guid":{"rendered":"https:\/\/wiejskieprzysmaki.estima.site\/produkt\/sok-z-brzozy-bio-270-ml-dary-natury\/"},"modified":"2025-02-18T11:07:52","modified_gmt":"2025-02-18T10:07:52","slug":"sok-z-brzozy-bio-270-ml-dary-natury","status":"publish","type":"product","link":"https:\/\/wiejskieprzysmaki.estima.site\/en\/product\/sok-z-brzozy-bio-270-ml-dary-natury\/","title":{"rendered":"SOK Z BRZOZY BIO 270 ml &#8211; DARY NATURY"},"content":{"rendered":"<p>SK\u0141ADNIKI <br \/>sok z brzozy* 96 %, sok z cytryny* (*certyfikowany sk\u0142adnik ekologiczny)<\/p>\n<p>OPIS <br \/>Sok z brzozy \u201eosko\u0142a\u201d pozyskiwany jest przez ludzi wiosn\u0105, od tysi\u0119cy lat. Dzia\u0142a jako nap\u00f3j oczyszczaj\u0105cy i wzmacniaj\u0105cy, zawiera sole mineralne i witaminy z grupy A. Zbieramy go w podlaskich lasach w okolicy Puszczy Bia\u0142OWIESkiej i jest to prawdopodobnie jedyny sok dost\u0119pny na rynku zebrany z polskich brz\u00f3z. Nasz sok posiada certyfikat ekologiczny nie tylko dlatego, \u017ce zbierany jest w czystym \u015brodowisku, ale tak\u017ce dlatego, \u017ce przy pozyskiwaniu go, nie wyrz\u0105dzamy szkody drzewom.<br \/>Produkt pasteryzowany.<\/p>\n<p>WARTO\u015a\u0106 OD\u017bYWCZA W 100 g <br \/>Warto\u015b\u0107 energetyczna: 17 kJ \/ 4 kcal  <br \/>T\u0142uszcz: 0 g  <br \/>w tym kwasy t\u0142uszczowe nasycone: 0 g  <br \/>W\u0119glowodany: 1,0 g  <br \/>w tym cukry: 0,1 g  <br \/>Bia\u0142ko: 0 g  <br \/>S\u00f3l: 0 g<\/p>\n<p>ZALECANE WARUNKI PRZECHOWYWANIA <br \/>Przechowywa\u0107 suchym i ch\u0142odnym miejscu.<\/p>","protected":false},"excerpt":{"rendered":"<p>SK\u0141ADNIKI sok z brzozy* 96 %, sok z cytryny* (*certyfikowany sk\u0142adnik ekologiczny) OPIS Sok z brzozy \u201eosko\u0142a\u201d pozyskiwany jest przez ludzi wiosn\u0105, od tysi\u0119cy lat. Dzia\u0142a jako nap\u00f3j oczyszczaj\u0105cy i wzmacniaj\u0105cy, zawiera sole mineralne i witaminy z grupy A. Zbieramy go w podlaskich lasach w okolicy Puszczy Bia\u0142OWIESkiej i jest to prawdopodobnie jedyny sok dost\u0119pny [&hellip;]<\/p>","protected":false},"featured_media":5541,"comment_status":"closed","ping_status":"open","template":"","meta":{"_acf_changed":false},"product_brand":[],"product_cat":[134,863],"product_tag":[],"class_list":{"0":"post-5540","1":"product","2":"type-product","3":"status-publish","4":"has-post-thumbnail","6":"product_cat-napoje","7":"product_cat-soki-warzywne-warzywne-z-dodatkami-i-inne","8":"pa_ean-matka-4469","9":"pa_gwarancja-przydatnosci-311","10":"pa_ilosc-w-opakowaniu-350","11":"pa_jednostka-podstawowa-szt","12":"pa_kod-cn-1302-19-70","13":"pa_objetosc-brutto-1983","14":"pa_objetosc-netto-740","15":"pa_producent-dary-natury-inne","16":"pa_producent-nazwa-adres-miroslaw-angielczyk-dary-natury-koryciny-73-17-315-grodzisk","17":"pa_tagi-bez-cukru-w-skladnikach","18":"pa_tagi-bez-glutenu-w-skladnikach","19":"pa_tagi-certyfikat-bio","20":"pa_tagi-weganski","21":"pa_tagi-wegetarianski","23":"first","24":"instock","25":"taxable","26":"shipping-taxable","27":"purchasable","28":"product-type-simple"},"acf":[],"_links":{"self":[{"href":"https:\/\/wiejskieprzysmaki.estima.site\/en\/wp-json\/wp\/v2\/product\/5540","targetHints":{"allow":["GET"]}}],"collection":[{"href":"https:\/\/wiejskieprzysmaki.estima.site\/en\/wp-json\/wp\/v2\/product"}],"about":[{"href":"https:\/\/wiejskieprzysmaki.estima.site\/en\/wp-json\/wp\/v2\/types\/product"}],"replies":[{"embeddable":true,"href":"https:\/\/wiejskieprzysmaki.estima.site\/en\/wp-json\/wp\/v2\/comments?post=5540"}],"wp:featuredmedia":[{"embeddable":true,"href":"https:\/\/wiejskieprzysmaki.estima.site\/en\/wp-json\/wp\/v2\/media\/5541"}],"wp:attachment":[{"href":"https:\/\/wiejskieprzysmaki.estima.site\/en\/wp-json\/wp\/v2\/media?parent=5540"}],"wp:term":[{"taxonomy":"product_brand","embeddable":true,"href":"https:\/\/wiejskieprzysmaki.estima.site\/en\/wp-json\/wp\/v2\/product_brand?post=5540"},{"taxonomy":"product_cat","embeddable":true,"href":"https:\/\/wiejskieprzysmaki.estima.site\/en\/wp-json\/wp\/v2\/product_cat?post=5540"},{"taxonomy":"product_tag","embeddable":true,"href":"https:\/\/wiejskieprzysmaki.estima.site\/en\/wp-json\/wp\/v2\/product_tag?post=5540"}],"curies":[{"name":"wp","href":"https:\/\/api.w.org\/{rel}","templated":true}]}}