{"id":5544,"date":"2025-02-18T11:07:49","date_gmt":"2025-02-18T10:07:49","guid":{"rendered":"https:\/\/wiejskieprzysmaki.estima.site\/produkt\/sok-z-natki-pietruszki-bio-250-ml-dary-natury\/"},"modified":"2025-02-18T11:07:53","modified_gmt":"2025-02-18T10:07:53","slug":"sok-z-natki-pietruszki-bio-250-ml-dary-natury","status":"publish","type":"product","link":"https:\/\/wiejskieprzysmaki.estima.site\/en\/product\/sok-z-natki-pietruszki-bio-250-ml-dary-natury\/","title":{"rendered":"SOK Z NATKI PIETRUSZKI BIO 250 ml &#8211; DARY NATURY"},"content":{"rendered":"<p>SK\u0141ADNIKI <br \/>sok z natki pietruszki* 96 %, sok z pigwowca*. (*certyfikowany sk\u0142adnik ekologiczny)  <\/p>\n<p>OPIS <br \/>Pietruszka to warzywo cenione za swoje w\u0142a\u015bciwo\u015bci od pokole\u0144. Ju\u017c od blisko 2000 lat wykorzystuje si\u0119 dobroczynne sk\u0142adniki ro\u015bliny. Wyj\u0105tkowy stosunek do niej mieli mieszka\u0144cy staro\u017cytnej Grecji oraz Rzymianie, kt\u00f3rzy uwa\u017cali j\u0105 za \u015bwi\u0119t\u0105. Pietruszka mia\u0142a zapewnia\u0107 im przyp\u0142yw si\u0142 witalnych, wzmaga\u0142a spryt i refleks. Obecnie potwierdzono, \u017ce natka pietruszki wspomaga funkcj\u0119 wydalnicz\u0105 nerek. Dzi\u0119ki w\u0142a\u015bciwo\u015bciom moczop\u0119dnym wspieraj\u0105 eliminacj\u0119 wody z organizmu.<br \/>Zalecane spo\u017cycie: 50 ml soku dziennie. Produkt pasteryzowany.<\/p>\n<p>WARTO\u015a\u0106 OD\u017bYWCZA W 100 g <br \/>Warto\u015b\u0107 energetyczna: 76 kJ\/18 kcal  <br \/>T\u0142uszcz: 0 g  <br \/>w tym kwasy t\u0142uszczowe nasycone: 0 g  <br \/>W\u0119glowodany: 3,4 g  <br \/>w tym cukry: 1,0 g  <br \/>Bia\u0142ko: 1,0 g  <br \/>S\u00f3l: 0,1 g<\/p>\n<p>ZALECANE WARUNKI PRZECHOWYWANIA <br \/>Przechowywa\u0107 suchym i ch\u0142odnym miejscu, po otwarciu w lod\u00f3wce, spo\u017cy\u0107 w ci\u0105gu 5 dni.<\/p>","protected":false},"excerpt":{"rendered":"<p>SK\u0141ADNIKI sok z natki pietruszki* 96 %, sok z pigwowca*. (*certyfikowany sk\u0142adnik ekologiczny) OPIS Pietruszka to warzywo cenione za swoje w\u0142a\u015bciwo\u015bci od pokole\u0144. Ju\u017c od blisko 2000 lat wykorzystuje si\u0119 dobroczynne sk\u0142adniki ro\u015bliny. Wyj\u0105tkowy stosunek do niej mieli mieszka\u0144cy staro\u017cytnej Grecji oraz Rzymianie, kt\u00f3rzy uwa\u017cali j\u0105 za \u015bwi\u0119t\u0105. Pietruszka mia\u0142a zapewnia\u0107 im przyp\u0142yw si\u0142 witalnych, [&hellip;]<\/p>","protected":false},"featured_media":5545,"comment_status":"closed","ping_status":"open","template":"","meta":{"_acf_changed":false},"product_brand":[],"product_cat":[134,863],"product_tag":[],"class_list":{"0":"post-5544","1":"product","2":"type-product","3":"status-publish","4":"has-post-thumbnail","6":"product_cat-napoje","7":"product_cat-soki-warzywne-warzywne-z-dodatkami-i-inne","8":"pa_ean-matka-4474","9":"pa_gwarancja-przydatnosci-311","10":"pa_ilosc-w-opakowaniu-392","11":"pa_jednostka-podstawowa-szt","12":"pa_kod-cn-2009-89-99","13":"pa_objetosc-brutto-527","14":"pa_objetosc-netto-359","15":"pa_producent-dary-natury-inne","16":"pa_producent-nazwa-adres-miroslaw-angielczyk-dary-natury-koryciny-73-17-315-grodzisk","17":"pa_tagi-bez-cukru-w-skladnikach","18":"pa_tagi-bez-glutenu-w-skladnikach","19":"pa_tagi-certyfikat-bio","20":"pa_tagi-weganski","21":"pa_tagi-wegetarianski","23":"first","24":"instock","25":"taxable","26":"shipping-taxable","27":"purchasable","28":"product-type-simple"},"acf":[],"_links":{"self":[{"href":"https:\/\/wiejskieprzysmaki.estima.site\/en\/wp-json\/wp\/v2\/product\/5544","targetHints":{"allow":["GET"]}}],"collection":[{"href":"https:\/\/wiejskieprzysmaki.estima.site\/en\/wp-json\/wp\/v2\/product"}],"about":[{"href":"https:\/\/wiejskieprzysmaki.estima.site\/en\/wp-json\/wp\/v2\/types\/product"}],"replies":[{"embeddable":true,"href":"https:\/\/wiejskieprzysmaki.estima.site\/en\/wp-json\/wp\/v2\/comments?post=5544"}],"wp:featuredmedia":[{"embeddable":true,"href":"https:\/\/wiejskieprzysmaki.estima.site\/en\/wp-json\/wp\/v2\/media\/5545"}],"wp:attachment":[{"href":"https:\/\/wiejskieprzysmaki.estima.site\/en\/wp-json\/wp\/v2\/media?parent=5544"}],"wp:term":[{"taxonomy":"product_brand","embeddable":true,"href":"https:\/\/wiejskieprzysmaki.estima.site\/en\/wp-json\/wp\/v2\/product_brand?post=5544"},{"taxonomy":"product_cat","embeddable":true,"href":"https:\/\/wiejskieprzysmaki.estima.site\/en\/wp-json\/wp\/v2\/product_cat?post=5544"},{"taxonomy":"product_tag","embeddable":true,"href":"https:\/\/wiejskieprzysmaki.estima.site\/en\/wp-json\/wp\/v2\/product_tag?post=5544"}],"curies":[{"name":"wp","href":"https:\/\/api.w.org\/{rel}","templated":true}]}}