{"id":5552,"date":"2025-02-18T11:07:49","date_gmt":"2025-02-18T10:07:49","guid":{"rendered":"https:\/\/wiejskieprzysmaki.estima.site\/produkt\/ciastka-z-migdalami-bezglutenowe-bio-180-g-naten\/"},"modified":"2025-02-18T11:07:56","modified_gmt":"2025-02-18T10:07:56","slug":"ciastka-z-migdalami-bezglutenowe-bio-180-g-naten","status":"publish","type":"product","link":"https:\/\/wiejskieprzysmaki.estima.site\/en\/product\/ciastka-z-migdalami-bezglutenowe-bio-180-g-naten\/","title":{"rendered":"CIASTKA Z MIGDA\u0141AMI BEZGLUTENOWE BIO 180 g &#8211; NATEN"},"content":{"rendered":"<p>SK\u0141ADNIKI <br \/>JAJA* 25 %, olej s\u0142onecznikowy*, cukier trzcinowy*, skrobia ziemniaczana*, m\u0105ka ry\u017cowa*, mi\u00f3d*, syrop z tapioki*, syrop ry\u017cowy*, MIGDA\u0141Y mielone* 5 %, skrobia kukurydziana*, b\u0142onnik psyllium*, naturalny aromat MIGDA\u0141OWY*, b\u0142onnik akacjowy*, substancje spulchniaj\u0105ce: w\u0119glany sodu, fosforan monowapniowy, emulgator: lecytyny (ze s\u0142onecznika*), s\u00f3l morska. (*certyfikowany sk\u0142adnik ekologiczny)<\/p>\n<p>OPIS<br \/>Pyszna przek\u0105ska dla ka\u017cdego, idealnie nadaj\u0105 si\u0119 do chrupania przy kawie, herbacie lub szklance mleka.<\/p>\n<p>WARTO\u015a\u0106 OD\u017bYWCZA W 100 g<br \/>Warto\u015b\u0107 energetyczna: 1866 kJ\/ 447 kcal <br \/>T\u0142uszcz: 25 g <br \/>w tym kwasy t\u0142uszczowe nasycone: 3,0 g <br \/>W\u0119glowodany: 49 g <br \/>w tym cukry: 30 g <br \/>B\u0142onnik: 4,2 g <br \/>Bia\u0142ko: 5,0 g <br \/>S\u00f3l: 1,1 g <\/p>\n<p>INFORMACJA ALERGENNA<br \/>Mo\u017ce zawiera\u0107 inne ORZECHY.<\/p>\n<p>ZALECANE WARUNKI PRZECHOWYWANIA <br \/>Przechowywa\u0107 w suchym i ch\u0142odnym miejscu.<\/p>","protected":false},"excerpt":{"rendered":"<p>SK\u0141ADNIKI JAJA* 25 %, olej s\u0142onecznikowy*, cukier trzcinowy*, skrobia ziemniaczana*, m\u0105ka ry\u017cowa*, mi\u00f3d*, syrop z tapioki*, syrop ry\u017cowy*, MIGDA\u0141Y mielone* 5 %, skrobia kukurydziana*, b\u0142onnik psyllium*, naturalny aromat MIGDA\u0141OWY*, b\u0142onnik akacjowy*, substancje spulchniaj\u0105ce: w\u0119glany sodu, fosforan monowapniowy, emulgator: lecytyny (ze s\u0142onecznika*), s\u00f3l morska. (*certyfikowany sk\u0142adnik ekologiczny) OPISPyszna przek\u0105ska dla ka\u017cdego, idealnie nadaj\u0105 si\u0119 do chrupania [&hellip;]<\/p>","protected":false},"featured_media":5553,"comment_status":"closed","ping_status":"open","template":"","meta":{"_acf_changed":false},"product_brand":[],"product_cat":[1434,139],"product_tag":[],"class_list":{"0":"post-5552","1":"product","2":"type-product","3":"status-publish","4":"has-post-thumbnail","6":"product_cat-ciastka","7":"product_cat-slodycze-i-przekaski","8":"pa_ean-matka-4481","9":"pa_gwarancja-przydatnosci-1171","10":"pa_ilosc-w-opakowaniu-298","11":"pa_jednostka-podstawowa-szt","12":"pa_kod-cn-1905-31-30","13":"pa_kraj-pochodzenia-skladnikow-rolnictwo-ue-spoza-ue","14":"pa_masa-netto-432","15":"pa_objetosc-brutto-4480","16":"pa_producent-naten-ciastka-bezglutenowe","17":"pa_producent-nazwa-adres-abcd-nutrition-sarl-rue-robert-estienne-513-60400-noyon","18":"pa_tagi-bez-glutenu-deklaracja","19":"pa_tagi-bez-glutenu-w-skladnikach","20":"pa_tagi-certyfikat-bio","21":"pa_tagi-wegetarianski","22":"pa_termin-przydatnosci-12-03-2025","24":"first","25":"instock","26":"taxable","27":"shipping-taxable","28":"purchasable","29":"product-type-simple"},"acf":[],"_links":{"self":[{"href":"https:\/\/wiejskieprzysmaki.estima.site\/en\/wp-json\/wp\/v2\/product\/5552","targetHints":{"allow":["GET"]}}],"collection":[{"href":"https:\/\/wiejskieprzysmaki.estima.site\/en\/wp-json\/wp\/v2\/product"}],"about":[{"href":"https:\/\/wiejskieprzysmaki.estima.site\/en\/wp-json\/wp\/v2\/types\/product"}],"replies":[{"embeddable":true,"href":"https:\/\/wiejskieprzysmaki.estima.site\/en\/wp-json\/wp\/v2\/comments?post=5552"}],"wp:featuredmedia":[{"embeddable":true,"href":"https:\/\/wiejskieprzysmaki.estima.site\/en\/wp-json\/wp\/v2\/media\/5553"}],"wp:attachment":[{"href":"https:\/\/wiejskieprzysmaki.estima.site\/en\/wp-json\/wp\/v2\/media?parent=5552"}],"wp:term":[{"taxonomy":"product_brand","embeddable":true,"href":"https:\/\/wiejskieprzysmaki.estima.site\/en\/wp-json\/wp\/v2\/product_brand?post=5552"},{"taxonomy":"product_cat","embeddable":true,"href":"https:\/\/wiejskieprzysmaki.estima.site\/en\/wp-json\/wp\/v2\/product_cat?post=5552"},{"taxonomy":"product_tag","embeddable":true,"href":"https:\/\/wiejskieprzysmaki.estima.site\/en\/wp-json\/wp\/v2\/product_tag?post=5552"}],"curies":[{"name":"wp","href":"https:\/\/api.w.org\/{rel}","templated":true}]}}