{"id":5554,"date":"2025-02-18T11:07:49","date_gmt":"2025-02-18T10:07:49","guid":{"rendered":"https:\/\/wiejskieprzysmaki.estima.site\/produkt\/ciastka-owsiane-z-czekolada-i-orzechami-laskowymi-bezglutenowe-bio-120-g-naten\/"},"modified":"2025-02-18T11:07:57","modified_gmt":"2025-02-18T10:07:57","slug":"ciastka-owsiane-z-czekolada-i-orzechami-laskowymi-bezglutenowe-bio-120-g-naten","status":"publish","type":"product","link":"https:\/\/wiejskieprzysmaki.estima.site\/en\/product\/ciastka-owsiane-z-czekolada-i-orzechami-laskowymi-bezglutenowe-bio-120-g-naten\/","title":{"rendered":"CIASTKA OWSIANE Z CZEKOLAD\u0104 I ORZECHAMI LASKOWYMI BEZGLUTENOWE BIO 120 g &#8211; NATEN"},"content":{"rendered":"<p>SK\u0141ADNIKI <br \/>OWIES* 32 % (p\u0142atki*, m\u0105ka*) (bez glutenu), margaryna* (olej s\u0142onecznikowy*, t\u0142uszcz kakaowy*, woda, emulgator: lecytyny*, sok z cytryny*), czekolada gorzka* 14 % (miazga kakaowa*, cukier trzcinowy*, t\u0142uszcz kakaowy*), cukier trzcinowy*, skrobia ziemniaczana*, m\u0105ka ry\u017cowa*, ORZECHY LASKOWE* pra\u017cone, siekane 6 %, pasta z ORZECH\u00d3W LASKOWYCH* 5,7 % (ORZECHY LASKOWE* 3,5 %, cukier trzcinowy*), m\u0105ka kukurydziana*, olej s\u0142onecznikowy*, s\u00f3l morska, substancja spulchniaj\u0105ca: w\u0119glany amonu. (*certyfikowany sk\u0142adnik ekologiczny)<\/p>\n<p>OPIS<br \/>Pyszna przek\u0105ska dla ka\u017cdego, idealnie nadaj\u0105 si\u0119 do chrupania przy kawie, herbacie lub szklance mleka.<\/p>\n<p>WARTO\u015a\u0106 OD\u017bYWCZA W 100 g<br \/>Warto\u015b\u0107 energetyczna: 2202 kJ\/ 527 kcal <br \/>T\u0142uszcz: 29 g <br \/>w tym kwasy t\u0142uszczowe nasycone: 6,8 g <br \/>W\u0119glowodany: 57 g <br \/>w tym cukry: 25 g <br \/>B\u0142onnik: 5,2 g <br \/>Bia\u0142ko: 6,8 g <br \/>S\u00f3l: 0,49 g <\/p>\n<p>INFORMACJA ALERGENNA<br \/>Mo\u017ce zawiera\u0107 MLEKO (\u0142\u0105cznie z LAKTOZ\u0104), JAJA i inne ORZECHY.<\/p>\n<p>ZALECANE WARUNKI PRZECHOWYWANIA <br \/>Przechowywa\u0107 w suchym i ch\u0142odnym miejscu.<\/p>","protected":false},"excerpt":{"rendered":"<p>SK\u0141ADNIKI OWIES* 32 % (p\u0142atki*, m\u0105ka*) (bez glutenu), margaryna* (olej s\u0142onecznikowy*, t\u0142uszcz kakaowy*, woda, emulgator: lecytyny*, sok z cytryny*), czekolada gorzka* 14 % (miazga kakaowa*, cukier trzcinowy*, t\u0142uszcz kakaowy*), cukier trzcinowy*, skrobia ziemniaczana*, m\u0105ka ry\u017cowa*, ORZECHY LASKOWE* pra\u017cone, siekane 6 %, pasta z ORZECH\u00d3W LASKOWYCH* 5,7 % (ORZECHY LASKOWE* 3,5 %, cukier trzcinowy*), m\u0105ka kukurydziana*, [&hellip;]<\/p>","protected":false},"featured_media":5555,"comment_status":"closed","ping_status":"open","template":"","meta":{"_acf_changed":false},"product_brand":[],"product_cat":[1434,139],"product_tag":[],"class_list":{"0":"post-5554","1":"product","2":"type-product","3":"status-publish","4":"has-post-thumbnail","6":"product_cat-ciastka","7":"product_cat-slodycze-i-przekaski","8":"pa_ean-matka-4483","9":"pa_gwarancja-przydatnosci-324","10":"pa_ilosc-w-opakowaniu-298","11":"pa_jednostka-podstawowa-szt","12":"pa_kod-cn-1905-31-19","13":"pa_kraj-pochodzenia-skladnikow-rolnictwo-ue-spoza-ue","14":"pa_masa-netto-411","15":"pa_objetosc-brutto-4482","16":"pa_producent-naten-ciastka-bezglutenowe","17":"pa_producent-nazwa-adres-abcd-nutrition-sarl-rue-robert-estienne-513-60400-noyon","18":"pa_tagi-bez-glutenu-deklaracja","19":"pa_tagi-bez-glutenu-w-skladnikach","20":"pa_tagi-certyfikat-bio","21":"pa_tagi-weganski","22":"pa_tagi-wegetarianski","24":"first","25":"instock","26":"taxable","27":"shipping-taxable","28":"purchasable","29":"product-type-simple"},"acf":[],"_links":{"self":[{"href":"https:\/\/wiejskieprzysmaki.estima.site\/en\/wp-json\/wp\/v2\/product\/5554","targetHints":{"allow":["GET"]}}],"collection":[{"href":"https:\/\/wiejskieprzysmaki.estima.site\/en\/wp-json\/wp\/v2\/product"}],"about":[{"href":"https:\/\/wiejskieprzysmaki.estima.site\/en\/wp-json\/wp\/v2\/types\/product"}],"replies":[{"embeddable":true,"href":"https:\/\/wiejskieprzysmaki.estima.site\/en\/wp-json\/wp\/v2\/comments?post=5554"}],"wp:featuredmedia":[{"embeddable":true,"href":"https:\/\/wiejskieprzysmaki.estima.site\/en\/wp-json\/wp\/v2\/media\/5555"}],"wp:attachment":[{"href":"https:\/\/wiejskieprzysmaki.estima.site\/en\/wp-json\/wp\/v2\/media?parent=5554"}],"wp:term":[{"taxonomy":"product_brand","embeddable":true,"href":"https:\/\/wiejskieprzysmaki.estima.site\/en\/wp-json\/wp\/v2\/product_brand?post=5554"},{"taxonomy":"product_cat","embeddable":true,"href":"https:\/\/wiejskieprzysmaki.estima.site\/en\/wp-json\/wp\/v2\/product_cat?post=5554"},{"taxonomy":"product_tag","embeddable":true,"href":"https:\/\/wiejskieprzysmaki.estima.site\/en\/wp-json\/wp\/v2\/product_tag?post=5554"}],"curies":[{"name":"wp","href":"https:\/\/api.w.org\/{rel}","templated":true}]}}