{"id":5584,"date":"2025-02-18T11:08:05","date_gmt":"2025-02-18T10:08:05","guid":{"rendered":"https:\/\/wiejskieprzysmaki.estima.site\/produkt\/krowki-kakaowe-bezmleczne-bezglutenowe-bio-150-g-me-gusto-super-krowka\/"},"modified":"2025-02-18T11:08:11","modified_gmt":"2025-02-18T10:08:11","slug":"krowki-kakaowe-bezmleczne-bezglutenowe-bio-150-g-me-gusto-super-krowka","status":"publish","type":"product","link":"https:\/\/wiejskieprzysmaki.estima.site\/en\/product\/krowki-kakaowe-bezmleczne-bezglutenowe-bio-150-g-me-gusto-super-krowka\/","title":{"rendered":"KR\u00d3WKI KAKAOWE BEZMLECZNE BEZGLUTENOWE BIO 150 g &#8211; ME GUSTO (SUPER KR\u00d3WKA)"},"content":{"rendered":"<p>SK\u0141ADNIKI<br \/>cukier kokosowy*, proszek kokosowy*, syrop ry\u017cowy*, kakao w proszku o obni\u017conej zawarto\u015bci t\u0142uszczu* 4,8 %, bia\u0142ko s\u0142onecznika*, guma arabska (b\u0142onnik z akacji)* (*certyfikowany sk\u0142adnik ekologiczny)<\/p>\n<p>OPIS<br \/>\u0179r\u00f3d\u0142o b\u0142onnika pokarmowego. \u0179r\u00f3d\u0142o magnezu, fosforu i potasu. Nie zawiera MLEKA.<\/p>\n<p>WARTO\u015a\u0106 OD\u017bYWCZA W 100 g<br \/>Warto\u015b\u0107 energetyczna: 1610 kJ\/ 383 kcal<br \/>T\u0142uszcz: 12 g<br \/>w tym kwasy t\u0142uszczowe nasycone: 10,0 g<br \/>W\u0119glowodany: 61 g<br \/>w tym cukry: 54 g  <br \/>B\u0142onnik: 6,0 g  <br \/>Bia\u0142ko: 5,1 g<br \/>S\u00f3l: 0,13 g  <br \/>Fosfor: 166 mg (24 %**)<br \/>Magnez: 83 mg (22 %**)<br \/>Potas:  525 mg (25 %**)<br \/>Wap\u0144: 156 mg (20 %**)<br \/>\u017belazo: 4,4 mg (31 %**)<br \/>RWS** &#8211; dzienna referencyjna warto\u015b\u0107 spo\u017cycia witamin i sk\u0142adnik\u00f3w mineralnych (dla osoby doros\u0142ej).<br \/> Zawarto\u015b\u0107 soli wynika wy\u0142\u0105cznie z obecno\u015bci naturalnie wyst\u0119puj\u0105cego sodu.<\/p>\n<p>INFORMACJA ALERGENNA<br \/>Mo\u017ce zawiera\u0107 SEZAM.<\/p>\n<p>UWAGA  <br \/>Dopuszcza si\u0119 nieznaczne r\u00f3\u017cnice pomi\u0119dzy poszczeg\u00f3lnymi partiami wynikaj\u0105ce z naturalnego pochodzenia produktu.<\/p>\n<p>ZALECANE WARUNI PRZECHOWYWANIA  <br \/>Przechowywa\u0107 w suchym i ch\u0142odnym miejscu.<\/p>","protected":false},"excerpt":{"rendered":"<p>SK\u0141ADNIKIcukier kokosowy*, proszek kokosowy*, syrop ry\u017cowy*, kakao w proszku o obni\u017conej zawarto\u015bci t\u0142uszczu* 4,8 %, bia\u0142ko s\u0142onecznika*, guma arabska (b\u0142onnik z akacji)* (*certyfikowany sk\u0142adnik ekologiczny) OPIS\u0179r\u00f3d\u0142o b\u0142onnika pokarmowego. \u0179r\u00f3d\u0142o magnezu, fosforu i potasu. Nie zawiera MLEKA. WARTO\u015a\u0106 OD\u017bYWCZA W 100 gWarto\u015b\u0107 energetyczna: 1610 kJ\/ 383 kcalT\u0142uszcz: 12 gw tym kwasy t\u0142uszczowe nasycone: 10,0 gW\u0119glowodany: 61 [&hellip;]<\/p>","protected":false},"featured_media":5585,"comment_status":"closed","ping_status":"open","template":"","meta":{"_acf_changed":false},"product_brand":[],"product_cat":[1175,139],"product_tag":[],"class_list":{"0":"post-5584","1":"product","2":"type-product","3":"status-publish","4":"has-post-thumbnail","6":"product_cat-cukierki-lizaki","7":"product_cat-slodycze-i-przekaski","8":"pa_ean-matka-4504","9":"pa_gwarancja-przydatnosci-324","10":"pa_ilosc-w-opakowaniu-350","11":"pa_jednostka-podstawowa-szt","12":"pa_kod-cn-1806-90-50","13":"pa_kraj-pochodzenia-skladnikow-indonezja","14":"pa_masa-netto-197","15":"pa_objetosc-brutto-201","16":"pa_producent-me-gusto-krowki-weganskie-czekolady-wafelki","17":"pa_producent-nazwa-adres-me-gusto-spolka-z-ograniczona-odpowiedzialnoscia-baltycka-4a-3-81-707-sopot","18":"pa_tagi-bez-glutenu-deklaracja","19":"pa_tagi-bez-glutenu-w-skladnikach","20":"pa_tagi-certyfikat-bio","21":"pa_tagi-weganski","22":"pa_tagi-wegetarianski","24":"first","25":"instock","26":"taxable","27":"shipping-taxable","28":"purchasable","29":"product-type-simple"},"acf":[],"_links":{"self":[{"href":"https:\/\/wiejskieprzysmaki.estima.site\/en\/wp-json\/wp\/v2\/product\/5584","targetHints":{"allow":["GET"]}}],"collection":[{"href":"https:\/\/wiejskieprzysmaki.estima.site\/en\/wp-json\/wp\/v2\/product"}],"about":[{"href":"https:\/\/wiejskieprzysmaki.estima.site\/en\/wp-json\/wp\/v2\/types\/product"}],"replies":[{"embeddable":true,"href":"https:\/\/wiejskieprzysmaki.estima.site\/en\/wp-json\/wp\/v2\/comments?post=5584"}],"wp:featuredmedia":[{"embeddable":true,"href":"https:\/\/wiejskieprzysmaki.estima.site\/en\/wp-json\/wp\/v2\/media\/5585"}],"wp:attachment":[{"href":"https:\/\/wiejskieprzysmaki.estima.site\/en\/wp-json\/wp\/v2\/media?parent=5584"}],"wp:term":[{"taxonomy":"product_brand","embeddable":true,"href":"https:\/\/wiejskieprzysmaki.estima.site\/en\/wp-json\/wp\/v2\/product_brand?post=5584"},{"taxonomy":"product_cat","embeddable":true,"href":"https:\/\/wiejskieprzysmaki.estima.site\/en\/wp-json\/wp\/v2\/product_cat?post=5584"},{"taxonomy":"product_tag","embeddable":true,"href":"https:\/\/wiejskieprzysmaki.estima.site\/en\/wp-json\/wp\/v2\/product_tag?post=5584"}],"curies":[{"name":"wp","href":"https:\/\/api.w.org\/{rel}","templated":true}]}}