{"id":5594,"date":"2025-02-18T11:08:05","date_gmt":"2025-02-18T10:08:05","guid":{"rendered":"https:\/\/wiejskieprzysmaki.estima.site\/produkt\/zelatyna-w-listkach-12-listkow-bio-20-g-ewald\/"},"modified":"2025-02-18T11:08:14","modified_gmt":"2025-02-18T10:08:14","slug":"zelatyna-w-listkach-12-listkow-bio-20-g-ewald","status":"publish","type":"product","link":"https:\/\/wiejskieprzysmaki.estima.site\/en\/product\/zelatyna-w-listkach-12-listkow-bio-20-g-ewald\/","title":{"rendered":"\u017bELATYNA W LISTKACH (12 LISTK\u00d3W) BIO 20 g &#8211; EWALD"},"content":{"rendered":"<p>SK\u0141ADNIKI<br \/>\u017celatyna wieprzowa* (*certyfikowany sk\u0142adnik ekologiczny)<\/p>\n<p>OPIS<br \/>Opakowanie zawiera 12 listk\u00f3w. 20 g \u017celatyny w listkach starcza na 1 l masy.<\/p>\n<p>SPOS\u00d3B U\u017bYCIA<br \/>1. Potrzebn\u0105 ilo\u015b\u0107 \u017celatyny w listkach namoczy\u0107 w zimnej wodzie przez 5 min, nast\u0119pnie wyj\u0105\u0107 i lekko odcisn\u0105\u0107. <br \/>2. Dla gor\u0105cych da\u0144: odci\u015bni\u0119t\u0105 \u017celatyn\u0119 wymiesza\u0107 bezpo\u015brednio z gor\u0105c\u0105 mas\u0105. \u017belatyna natychmiast si\u0119 rozpuszcza. Nie gotuj, poniewa\u017c \u017celatyna straci swoj\u0105 zdolno\u015b\u0107 \u017celowania. <br \/>3. Dla zimnej masy (np. \u015bmietany): odci\u015bni\u0119t\u0105 \u017celatyn\u0119 podgrza\u0107 w ma\u0142ym rondlu z niewielk\u0105 ilo\u015bci\u0105 wody i rozpu\u015bci\u0107, nast\u0119pnie doda\u0107 niewielk\u0105 ilo\u015b\u0107 masy &#8211; nigdy odwrotnie. Nast\u0119pnie wymiesza\u0107 j\u0105 z pozosta\u0142\u0105 mas\u0105. <br \/>4. Sch\u0142odzi\u0107 w lod\u00f3wce przez 4 godziny.<\/p>\n<p>WARTO\u015a\u0106 OD\u017bYWCZA w 100 g<br \/>Warto\u015b\u0107 energetyczna: 1444 kJ\/336 kcal<br \/>T\u0142uszcz: &lt;0,6 g<br \/>w tym kwasy t\u0142uszczowe nasycone: &lt;0,3 g<br \/>W\u0119glowodany: 0 g<br \/>w tym cukry: 0 g<br \/>B\u0142onnik: 0 g<br \/>Bia\u0142ko: 83 g<br \/>S\u00f3l: &lt;1,0 g<\/p>\n<p>ZALECANE WARUNKI PRZECHOWYWANIA <br \/>Przechowywa\u0107 w suchym miejscu, z dala od obcych zapach\u00f3w. <\/p>","protected":false},"excerpt":{"rendered":"<p>SK\u0141ADNIKI\u017celatyna wieprzowa* (*certyfikowany sk\u0142adnik ekologiczny) OPISOpakowanie zawiera 12 listk\u00f3w. 20 g \u017celatyny w listkach starcza na 1 l masy. SPOS\u00d3B U\u017bYCIA1. Potrzebn\u0105 ilo\u015b\u0107 \u017celatyny w listkach namoczy\u0107 w zimnej wodzie przez 5 min, nast\u0119pnie wyj\u0105\u0107 i lekko odcisn\u0105\u0107. 2. Dla gor\u0105cych da\u0144: odci\u015bni\u0119t\u0105 \u017celatyn\u0119 wymiesza\u0107 bezpo\u015brednio z gor\u0105c\u0105 mas\u0105. \u017belatyna natychmiast si\u0119 rozpuszcza. Nie gotuj, [&hellip;]<\/p>","protected":false},"featured_media":5595,"comment_status":"closed","ping_status":"open","template":"","meta":{"_acf_changed":false},"product_brand":[],"product_cat":[36],"product_tag":[],"class_list":{"0":"post-5594","1":"product","2":"type-product","3":"status-publish","4":"has-post-thumbnail","6":"product_cat-dodatki-do-wypiekow-i-deserow","7":"pa_ean-matka-4514","8":"pa_gwarancja-przydatnosci-301","9":"pa_ilosc-w-opakowaniu-435","10":"pa_jednostka-podstawowa-szt","11":"pa_kod-cn-3503-00-10","12":"pa_kraj-pochodzenia-skladnikow-niemcy","13":"pa_masa-netto-737","14":"pa_objetosc-brutto-4512","15":"pa_producent-ewald-zelatyna","16":"pa_producent-nazwa-adres-ewald-gelatine-gmbh-meddersheimer-strase-50-55566-bad-sobernheim","17":"pa_tagi-bez-cukru-w-skladnikach","18":"pa_tagi-bez-glutenu-w-skladnikach","19":"pa_tagi-certyfikat-bio","21":"first","22":"instock","23":"taxable","24":"shipping-taxable","25":"purchasable","26":"product-type-simple"},"acf":[],"_links":{"self":[{"href":"https:\/\/wiejskieprzysmaki.estima.site\/en\/wp-json\/wp\/v2\/product\/5594","targetHints":{"allow":["GET"]}}],"collection":[{"href":"https:\/\/wiejskieprzysmaki.estima.site\/en\/wp-json\/wp\/v2\/product"}],"about":[{"href":"https:\/\/wiejskieprzysmaki.estima.site\/en\/wp-json\/wp\/v2\/types\/product"}],"replies":[{"embeddable":true,"href":"https:\/\/wiejskieprzysmaki.estima.site\/en\/wp-json\/wp\/v2\/comments?post=5594"}],"wp:featuredmedia":[{"embeddable":true,"href":"https:\/\/wiejskieprzysmaki.estima.site\/en\/wp-json\/wp\/v2\/media\/5595"}],"wp:attachment":[{"href":"https:\/\/wiejskieprzysmaki.estima.site\/en\/wp-json\/wp\/v2\/media?parent=5594"}],"wp:term":[{"taxonomy":"product_brand","embeddable":true,"href":"https:\/\/wiejskieprzysmaki.estima.site\/en\/wp-json\/wp\/v2\/product_brand?post=5594"},{"taxonomy":"product_cat","embeddable":true,"href":"https:\/\/wiejskieprzysmaki.estima.site\/en\/wp-json\/wp\/v2\/product_cat?post=5594"},{"taxonomy":"product_tag","embeddable":true,"href":"https:\/\/wiejskieprzysmaki.estima.site\/en\/wp-json\/wp\/v2\/product_tag?post=5594"}],"curies":[{"name":"wp","href":"https:\/\/api.w.org\/{rel}","templated":true}]}}