{"id":5606,"date":"2025-02-18T11:08:05","date_gmt":"2025-02-18T10:08:05","guid":{"rendered":"https:\/\/wiejskieprzysmaki.estima.site\/produkt\/chleb-z-pelnego-ziarna-krojony-bezglutenowy-bio-250-g-balviten\/"},"modified":"2025-02-18T11:08:19","modified_gmt":"2025-02-18T10:08:19","slug":"chleb-z-pelnego-ziarna-krojony-bezglutenowy-bio-250-g-balviten","status":"publish","type":"product","link":"https:\/\/wiejskieprzysmaki.estima.site\/en\/product\/chleb-z-pelnego-ziarna-krojony-bezglutenowy-bio-250-g-balviten\/","title":{"rendered":"CHLEB Z PE\u0141NEGO ZIARNA KROJONY BEZGLUTENOWY BIO 250 g &#8211; BALVITEN"},"content":{"rendered":"<p>SK\u0141ADNIKI<br \/>woda, ziarna 31,8 %* (s\u0142onecznik*, siemi\u0119 lniane br\u0105zowe*, dynia*, siemi\u0119 lniane \u017c\u00f3\u0142te*, kasza jaglana*), p\u0142atki OWSIANE* (bezglutenowe) 22 %, olej ro\u015blinny s\u0142onecznikowy*, ocet jab\u0142kowy*, b\u0142onnik z babki p\u0142esznik*, b\u0142onnik jab\u0142kowy*, s\u00f3l (*certyfikowany sk\u0142adnik ekologiczny)<\/p>\n<p>OPIS<br \/>Bezglutenowy chleb z ziaren, bez MLEKA, JAJEK oraz dro\u017cd\u017cy. Odpowiedni dla wegan. Pakowano w atmosferze ochronnej.  <\/p>\n<p>WARTO\u015a\u0106 OD\u017bYWCZA W 100 g<br \/>Warto\u015b\u0107 energetyczna: 1533 kJ \/ 370 kcal  <br \/>T\u0142uszcz: 27 g  <br \/>w tym kwasy t\u0142uszczowe nasycone: 2,5 g  <br \/>W\u0119glowodany: 14 g  <br \/>w tym cukry: 0,8 g  <br \/>B\u0142onnik: 12 g  <br \/>Bia\u0142ko: 11 g  <br \/>S\u00f3l: 1,1 g<\/p>\n<p>ZALECANE WARUNKI PRZECHOWYWANIA<br \/>Przechowywa\u0107 w suchym, ch\u0142odnym i zacienionym miejscu. Po otwarciu spo\u017cy\u0107 w ci\u0105gu 48 godzin.<\/p>","protected":false},"excerpt":{"rendered":"<p>SK\u0141ADNIKIwoda, ziarna 31,8 %* (s\u0142onecznik*, siemi\u0119 lniane br\u0105zowe*, dynia*, siemi\u0119 lniane \u017c\u00f3\u0142te*, kasza jaglana*), p\u0142atki OWSIANE* (bezglutenowe) 22 %, olej ro\u015blinny s\u0142onecznikowy*, ocet jab\u0142kowy*, b\u0142onnik z babki p\u0142esznik*, b\u0142onnik jab\u0142kowy*, s\u00f3l (*certyfikowany sk\u0142adnik ekologiczny) OPISBezglutenowy chleb z ziaren, bez MLEKA, JAJEK oraz dro\u017cd\u017cy. Odpowiedni dla wegan. Pakowano w atmosferze ochronnej. WARTO\u015a\u0106 OD\u017bYWCZA W 100 gWarto\u015b\u0107 [&hellip;]<\/p>","protected":false},"featured_media":5607,"comment_status":"closed","ping_status":"open","template":"","meta":{"_acf_changed":false},"product_brand":[],"product_cat":[1437,64],"product_tag":[],"class_list":{"0":"post-5606","1":"product","2":"type-product","3":"status-publish","4":"has-post-thumbnail","6":"product_cat-chleby-bulki","7":"product_cat-pieczywo","8":"pa_ean-matka-4524","9":"pa_gwarancja-przydatnosci-535","10":"pa_ilosc-w-opakowaniu-454","11":"pa_jednostka-podstawowa-szt","12":"pa_kod-cn-1905-10-00","13":"pa_masa-netto-480","14":"pa_objetosc-brutto-4523","15":"pa_producent-balviten-chleby-mieszanki-do-wypieku","16":"pa_producent-nazwa-adres-balviten-aleja-wojciecha-korfantego-191-40-153-katowice","17":"pa_tagi-bez-cukru-w-skladnikach","18":"pa_tagi-bez-glutenu-deklaracja","19":"pa_tagi-bez-glutenu-w-skladnikach","20":"pa_tagi-certyfikat-bio","21":"pa_tagi-weganski","22":"pa_tagi-wegetarianski","24":"first","25":"instock","26":"taxable","27":"shipping-taxable","28":"purchasable","29":"product-type-simple"},"acf":[],"_links":{"self":[{"href":"https:\/\/wiejskieprzysmaki.estima.site\/en\/wp-json\/wp\/v2\/product\/5606","targetHints":{"allow":["GET"]}}],"collection":[{"href":"https:\/\/wiejskieprzysmaki.estima.site\/en\/wp-json\/wp\/v2\/product"}],"about":[{"href":"https:\/\/wiejskieprzysmaki.estima.site\/en\/wp-json\/wp\/v2\/types\/product"}],"replies":[{"embeddable":true,"href":"https:\/\/wiejskieprzysmaki.estima.site\/en\/wp-json\/wp\/v2\/comments?post=5606"}],"wp:featuredmedia":[{"embeddable":true,"href":"https:\/\/wiejskieprzysmaki.estima.site\/en\/wp-json\/wp\/v2\/media\/5607"}],"wp:attachment":[{"href":"https:\/\/wiejskieprzysmaki.estima.site\/en\/wp-json\/wp\/v2\/media?parent=5606"}],"wp:term":[{"taxonomy":"product_brand","embeddable":true,"href":"https:\/\/wiejskieprzysmaki.estima.site\/en\/wp-json\/wp\/v2\/product_brand?post=5606"},{"taxonomy":"product_cat","embeddable":true,"href":"https:\/\/wiejskieprzysmaki.estima.site\/en\/wp-json\/wp\/v2\/product_cat?post=5606"},{"taxonomy":"product_tag","embeddable":true,"href":"https:\/\/wiejskieprzysmaki.estima.site\/en\/wp-json\/wp\/v2\/product_tag?post=5606"}],"curies":[{"name":"wp","href":"https:\/\/api.w.org\/{rel}","templated":true}]}}