{"id":5608,"date":"2025-02-18T11:08:05","date_gmt":"2025-02-18T10:08:05","guid":{"rendered":"https:\/\/wiejskieprzysmaki.estima.site\/produkt\/sok-imbirowy-nfc-bio-330-ml-batom\/"},"modified":"2025-02-18T11:08:20","modified_gmt":"2025-02-18T10:08:20","slug":"sok-imbirowy-nfc-bio-330-ml-batom","status":"publish","type":"product","link":"https:\/\/wiejskieprzysmaki.estima.site\/en\/product\/sok-imbirowy-nfc-bio-330-ml-batom\/","title":{"rendered":"SOK IMBIROWY NFC BIO 330 ml &#8211; BATOM"},"content":{"rendered":"<p>SK\u0141ADNIKI  <br \/>sok imbirowy* 99,1 %,  sok z cytryn* (*certyfikowany sk\u0142adnik ekologiczny)<\/p>\n<p>OPIS  <br \/>Sok t\u0142oczony z korzeni imbiru. Idealny do herbaty lub jako przyprawa. Produkt pasteryzowany. Zawiera naturalnie wyst\u0119puj\u0105ce cukry.<\/p>\n<p>WARTO\u015a\u0106 OD\u017bYWCZA W 100 ml  <br \/>Warto\u015b\u0107 energetyczna: 29 kJ \/ 7 kcal  <br \/>T\u0142uszcz: 0 g  <br \/>w tym kwasy t\u0142uszczowe nasycone: 0 g  <br \/>W\u0119glowodany: 0,8 g  <br \/>w tym cukry: 0,8 g  <br \/>B\u0142onnik: 0 g  <br \/>Bia\u0142ko: 0,8 g  <br \/>S\u00f3l: 0 g<\/p>\n<p>UWAGA  <br \/>Przed otwarciem wstrz\u0105sn\u0105\u0107. M\u0119tno\u015b\u0107 i osad tworz\u0105 naturalne cz\u0105steczki imbiru.  <\/p>\n<p>ZALECANE WARUNKI PRZECHOWYWANIA  <br \/>Przechowywa\u0107 w ch\u0142odnym i ciemnym miejscu, po otwarciu w lod\u00f3wce i spo\u017cy\u0107 w ci\u0105gu 5 dni  <\/p>","protected":false},"excerpt":{"rendered":"<p>SK\u0141ADNIKI sok imbirowy* 99,1 %, sok z cytryn* (*certyfikowany sk\u0142adnik ekologiczny) OPIS Sok t\u0142oczony z korzeni imbiru. Idealny do herbaty lub jako przyprawa. Produkt pasteryzowany. Zawiera naturalnie wyst\u0119puj\u0105ce cukry. WARTO\u015a\u0106 OD\u017bYWCZA W 100 ml Warto\u015b\u0107 energetyczna: 29 kJ \/ 7 kcal T\u0142uszcz: 0 g w tym kwasy t\u0142uszczowe nasycone: 0 g W\u0119glowodany: 0,8 g w [&hellip;]<\/p>","protected":false},"featured_media":5609,"comment_status":"closed","ping_status":"open","template":"","meta":{"_acf_changed":false},"product_brand":[],"product_cat":[134,863],"product_tag":[],"class_list":{"0":"post-5608","1":"product","2":"type-product","3":"status-publish","4":"has-post-thumbnail","6":"product_cat-napoje","7":"product_cat-soki-warzywne-warzywne-z-dodatkami-i-inne","8":"pa_ean-matka-4525","9":"pa_gwarancja-przydatnosci-324","10":"pa_ilosc-w-opakowaniu-374","11":"pa_jednostka-podstawowa-szt","12":"pa_kod-cn-2009-89-79","13":"pa_kraj-pochodzenia-skladnikow-chiny","14":"pa_objetosc-brutto-1293","15":"pa_objetosc-netto-1012","16":"pa_producent-batom-oleje-soki-sole-kapielowe","17":"pa_producent-nazwa-adres-batom-pl-jozef-lesniak-hurtownia-zdrowej-zywnosci-generala-augusta-fieldorfa-nila-17-31-209-krakow","18":"pa_tagi-bez-cukru-w-skladnikach","19":"pa_tagi-bez-glutenu-w-skladnikach","20":"pa_tagi-certyfikat-bio","21":"pa_tagi-weganski","22":"pa_tagi-wegetarianski","24":"first","25":"instock","26":"taxable","27":"shipping-taxable","28":"purchasable","29":"product-type-simple"},"acf":[],"_links":{"self":[{"href":"https:\/\/wiejskieprzysmaki.estima.site\/en\/wp-json\/wp\/v2\/product\/5608","targetHints":{"allow":["GET"]}}],"collection":[{"href":"https:\/\/wiejskieprzysmaki.estima.site\/en\/wp-json\/wp\/v2\/product"}],"about":[{"href":"https:\/\/wiejskieprzysmaki.estima.site\/en\/wp-json\/wp\/v2\/types\/product"}],"replies":[{"embeddable":true,"href":"https:\/\/wiejskieprzysmaki.estima.site\/en\/wp-json\/wp\/v2\/comments?post=5608"}],"wp:featuredmedia":[{"embeddable":true,"href":"https:\/\/wiejskieprzysmaki.estima.site\/en\/wp-json\/wp\/v2\/media\/5609"}],"wp:attachment":[{"href":"https:\/\/wiejskieprzysmaki.estima.site\/en\/wp-json\/wp\/v2\/media?parent=5608"}],"wp:term":[{"taxonomy":"product_brand","embeddable":true,"href":"https:\/\/wiejskieprzysmaki.estima.site\/en\/wp-json\/wp\/v2\/product_brand?post=5608"},{"taxonomy":"product_cat","embeddable":true,"href":"https:\/\/wiejskieprzysmaki.estima.site\/en\/wp-json\/wp\/v2\/product_cat?post=5608"},{"taxonomy":"product_tag","embeddable":true,"href":"https:\/\/wiejskieprzysmaki.estima.site\/en\/wp-json\/wp\/v2\/product_tag?post=5608"}],"curies":[{"name":"wp","href":"https:\/\/api.w.org\/{rel}","templated":true}]}}