{"id":5612,"date":"2025-02-18T11:08:05","date_gmt":"2025-02-18T10:08:05","guid":{"rendered":"https:\/\/wiejskieprzysmaki.estima.site\/produkt\/woda-zrodlana-sredniozmineralizowana-champion-niegazowana-700-ml-jantar\/"},"modified":"2025-02-18T11:08:21","modified_gmt":"2025-02-18T10:08:21","slug":"woda-zrodlana-sredniozmineralizowana-champion-niegazowana-700-ml-jantar","status":"publish","type":"product","link":"https:\/\/wiejskieprzysmaki.estima.site\/en\/product\/woda-zrodlana-sredniozmineralizowana-champion-niegazowana-700-ml-jantar\/","title":{"rendered":"WODA \u0179R\u00d3DLANA \u015aREDNIOZMINERALIZOWANA CHAMPION NIEGAZOWANA 700 ml &#8211; JANTAR"},"content":{"rendered":"<p>OPIS<br \/>* \u015aredniozmineralizowana woda \u017ar\u00f3dlana<br \/>* Jako woda chlorkowo-sodowa szybko i skutecznie nawadnia.<br \/>* Odpowiedni poziom sodu, potasu oraz chlorku zapewnia utrzymanie wewn\u0119trznej r\u00f3wnowagi wodno-elektrolitowej co jest wa\u017cne podczas wysi\u0142ku fizycznego.<br \/>* Doskona\u0142y stosunek potasu do sodu (zbli\u017cony do rekomendowanego w badaniach na poziom elektrolit\u00f3w w osoczu). Wspomaga dzia\u0142anie pompy sodowo-potasowej.  <br \/>* Posiada wodorow\u0119glany HCO3 \u2013 doskona\u0142y czynnik dla sportowc\u00f3w oraz poprawiaj\u0105cy przyswajalno\u015b\u0107 wapnia i magnezu.<br \/>* Zasadowy odczyn pH 7,4-7,7 przeciwdzia\u0142a zakwaszeniu.<\/p>","protected":false},"excerpt":{"rendered":"<p>OPIS* \u015aredniozmineralizowana woda \u017ar\u00f3dlana* Jako woda chlorkowo-sodowa szybko i skutecznie nawadnia.* Odpowiedni poziom sodu, potasu oraz chlorku zapewnia utrzymanie wewn\u0119trznej r\u00f3wnowagi wodno-elektrolitowej co jest wa\u017cne podczas wysi\u0142ku fizycznego.* Doskona\u0142y stosunek potasu do sodu (zbli\u017cony do rekomendowanego w badaniach na poziom elektrolit\u00f3w w osoczu). Wspomaga dzia\u0142anie pompy sodowo-potasowej. * Posiada wodorow\u0119glany HCO3 \u2013 doskona\u0142y czynnik dla [&hellip;]<\/p>","protected":false},"featured_media":5613,"comment_status":"closed","ping_status":"open","template":"","meta":{"_acf_changed":false},"product_brand":[],"product_cat":[134,379],"product_tag":[],"class_list":{"0":"post-5612","1":"product","2":"type-product","3":"status-publish","4":"has-post-thumbnail","6":"product_cat-napoje","7":"product_cat-wody-mineralne-zrodlane-i-smakowe","8":"pa_ean-matka-4527","9":"pa_gwarancja-przydatnosci-324","10":"pa_ilosc-w-opakowaniu-374","11":"pa_jednostka-podstawowa-szt","12":"pa_kod-cn-2201-10-11","13":"pa_kraj-pochodzenia-skladnikow-polska","14":"pa_objetosc-brutto-2683","15":"pa_objetosc-netto-2182","16":"pa_producent-jantar-woda-i-suplementy","17":"pa_producent-nazwa-adres-jantar-dystrybucja-sp-z-o-o-zurawia-24-78-100-kolobrzeg","18":"pa_tagi-bez-cukru-w-skladnikach","19":"pa_tagi-bez-glutenu-w-skladnikach","20":"pa_tagi-weganski","21":"pa_tagi-wegetarianski","23":"first","24":"instock","25":"taxable","26":"shipping-taxable","27":"purchasable","28":"product-type-simple"},"acf":[],"_links":{"self":[{"href":"https:\/\/wiejskieprzysmaki.estima.site\/en\/wp-json\/wp\/v2\/product\/5612","targetHints":{"allow":["GET"]}}],"collection":[{"href":"https:\/\/wiejskieprzysmaki.estima.site\/en\/wp-json\/wp\/v2\/product"}],"about":[{"href":"https:\/\/wiejskieprzysmaki.estima.site\/en\/wp-json\/wp\/v2\/types\/product"}],"replies":[{"embeddable":true,"href":"https:\/\/wiejskieprzysmaki.estima.site\/en\/wp-json\/wp\/v2\/comments?post=5612"}],"wp:featuredmedia":[{"embeddable":true,"href":"https:\/\/wiejskieprzysmaki.estima.site\/en\/wp-json\/wp\/v2\/media\/5613"}],"wp:attachment":[{"href":"https:\/\/wiejskieprzysmaki.estima.site\/en\/wp-json\/wp\/v2\/media?parent=5612"}],"wp:term":[{"taxonomy":"product_brand","embeddable":true,"href":"https:\/\/wiejskieprzysmaki.estima.site\/en\/wp-json\/wp\/v2\/product_brand?post=5612"},{"taxonomy":"product_cat","embeddable":true,"href":"https:\/\/wiejskieprzysmaki.estima.site\/en\/wp-json\/wp\/v2\/product_cat?post=5612"},{"taxonomy":"product_tag","embeddable":true,"href":"https:\/\/wiejskieprzysmaki.estima.site\/en\/wp-json\/wp\/v2\/product_tag?post=5612"}],"curies":[{"name":"wp","href":"https:\/\/api.w.org\/{rel}","templated":true}]}}