{"id":5624,"date":"2025-02-18T11:08:22","date_gmt":"2025-02-18T10:08:22","guid":{"rendered":"https:\/\/wiejskieprzysmaki.estima.site\/produkt\/olej-shea-fair-for-life-bio-200-ml-bio-planete\/"},"modified":"2025-02-18T11:08:25","modified_gmt":"2025-02-18T10:08:25","slug":"olej-shea-fair-for-life-bio-200-ml-bio-planete","status":"publish","type":"product","link":"https:\/\/wiejskieprzysmaki.estima.site\/en\/product\/olej-shea-fair-for-life-bio-200-ml-bio-planete\/","title":{"rendered":"OLEJ SHEA FAIR FOR LIFE BIO 200 ml &#8211; BIO PLANETE"},"content":{"rendered":"<p>SK\u0141ADNIKI<br \/>olej shea* (*certyfikowany sk\u0142adnik ekologiczny)<\/p>\n<p>OPIS <br \/>Olej shea BIO PLAN\u00c8TE to cz\u0105stka Afryki w europejskiej kuchni. To \u201ez\u0142oto afryka\u0144skich kobiet\u201d jest nie tylko stosowane tradycyjnie w kosmetyce (do piel\u0119gnacji sk\u00f3ry i w\u0142os\u00f3w) i medycynie, ale jest tak\u017ce obecne w diecie.<br \/>Olej shea \u0142atwo si\u0119 rozsmarowuje, ma neutralny smak i zapach oraz du\u017c\u0105 odporno\u015b\u0107 na wysokie temperatury i dlatego nadaje si\u0119 do pieczenia i sma\u017cenia. <br \/>Ze wzgl\u0119du na te w\u0142a\u015bciwo\u015bci mieszka\u0144cy region\u00f3w, w kt\u00f3rych jest wytwarzane, u\u017cywaj\u0105 go tradycyjnie jako t\u0142uszczu do sma\u017cenia i pieczenia. <br \/>Szczeg\u00f3ln\u0105 zalet\u0105 oleju shea BIO PLAN\u00c8TE jest to, \u017ce nadaje ono wypiekom wspaniale chrupi\u0105c\u0105, rumian\u0105 sk\u00f3rk\u0119.<br \/>Opr\u00f3cz tego zast\u0119puje zwyk\u0142e MAS\u0141O pochodzenia zwierz\u0119cego i mo\u017ce by\u0107 stosowane jako wega\u0144ska pasta do smarowania chleba.<\/p>\n<p>WARTO\u015a\u0106 OD\u017bYWCZA W 100 g <br \/>Warto\u015b\u0107 energetyczna &#8211; 3700 kJ\/900 kcal <br \/>T\u0142uszcz &#8211; 100 g <br \/>w tym kwasy t\u0142uszczowe nasycone &#8211; 48 g <br \/>kwasy t\u0142uszczowe jednonienasycone &#8211; 47 g <br \/>kwasy t\u0142uszczowe wielonienasycone &#8211; 5,0 g<br \/>Zawiera znikome ilo\u015bci w\u0119glowodan\u00f3w, cukr\u00f3w, bia\u0142ka i soli.<\/p>\n<p>UWAGA <br \/>Olej shea w temperaturze do 28 stopni Celsjusza ma konsystencj\u0119 sta\u0142\u0105. W celu zmiany konsystencji na p\u0142ynn\u0105 umie\u015bci\u0107 produkt w k\u0105pieli wodnej.<br \/>W przypadku oleju shea BIO PLAN\u00c8TE substancje zapachowe i smakowe usuwa si\u0119 za pomoc\u0105 pary wodnej (dezodorowania). Ta forma fizycznej rafinacji oznacza rezygnacj\u0119 z agresywnych, szkodliwych dla \u015brodowiska substancji. Olej nale\u017cy wymieni\u0107 po 10 u\u017cyciach.<\/p>\n<p>ZALECANE WARUNKI PRZECHOWYWANIA<br \/>Przechowywa\u0107 w temperaturze pokojowej i chroni\u0107 przed bezpo\u015brednim dzia\u0142aniem promieni s\u0142onecznych.<\/p>","protected":false},"excerpt":{"rendered":"<p>SK\u0141ADNIKIolej shea* (*certyfikowany sk\u0142adnik ekologiczny) OPIS Olej shea BIO PLAN\u00c8TE to cz\u0105stka Afryki w europejskiej kuchni. To \u201ez\u0142oto afryka\u0144skich kobiet\u201d jest nie tylko stosowane tradycyjnie w kosmetyce (do piel\u0119gnacji sk\u00f3ry i w\u0142os\u00f3w) i medycynie, ale jest tak\u017ce obecne w diecie.Olej shea \u0142atwo si\u0119 rozsmarowuje, ma neutralny smak i zapach oraz du\u017c\u0105 odporno\u015b\u0107 na wysokie temperatury [&hellip;]<\/p>","protected":false},"featured_media":5625,"comment_status":"closed","ping_status":"open","template":"","meta":{"_acf_changed":false},"product_brand":[],"product_cat":[993,994],"product_tag":[],"class_list":{"0":"post-5624","1":"product","2":"type-product","3":"status-publish","4":"has-post-thumbnail","6":"product_cat-oleje-i-oliwy","7":"product_cat-stale-kokosowe-kakaowe-shea","8":"pa_ean-matka-4535","9":"pa_gwarancja-przydatnosci-324","10":"pa_ilosc-w-opakowaniu-298","11":"pa_jednostka-podstawowa-szt","12":"pa_kod-cn-1515-90-91","13":"pa_objetosc-brutto-2002","14":"pa_objetosc-netto-436","15":"pa_producent-bio-planete-oleje-i-oliwy","16":"pa_producent-nazwa-adres-olmuhle-moog-gmbh-klappendorf-1-1623-lommatzsch","17":"pa_tagi-bez-cukru-w-skladnikach","18":"pa_tagi-bez-glutenu-w-skladnikach","19":"pa_tagi-certyfikat-bio","20":"pa_tagi-weganski","21":"pa_tagi-wegetarianski","23":"first","24":"instock","25":"taxable","26":"shipping-taxable","27":"purchasable","28":"product-type-simple"},"acf":[],"_links":{"self":[{"href":"https:\/\/wiejskieprzysmaki.estima.site\/en\/wp-json\/wp\/v2\/product\/5624","targetHints":{"allow":["GET"]}}],"collection":[{"href":"https:\/\/wiejskieprzysmaki.estima.site\/en\/wp-json\/wp\/v2\/product"}],"about":[{"href":"https:\/\/wiejskieprzysmaki.estima.site\/en\/wp-json\/wp\/v2\/types\/product"}],"replies":[{"embeddable":true,"href":"https:\/\/wiejskieprzysmaki.estima.site\/en\/wp-json\/wp\/v2\/comments?post=5624"}],"wp:featuredmedia":[{"embeddable":true,"href":"https:\/\/wiejskieprzysmaki.estima.site\/en\/wp-json\/wp\/v2\/media\/5625"}],"wp:attachment":[{"href":"https:\/\/wiejskieprzysmaki.estima.site\/en\/wp-json\/wp\/v2\/media?parent=5624"}],"wp:term":[{"taxonomy":"product_brand","embeddable":true,"href":"https:\/\/wiejskieprzysmaki.estima.site\/en\/wp-json\/wp\/v2\/product_brand?post=5624"},{"taxonomy":"product_cat","embeddable":true,"href":"https:\/\/wiejskieprzysmaki.estima.site\/en\/wp-json\/wp\/v2\/product_cat?post=5624"},{"taxonomy":"product_tag","embeddable":true,"href":"https:\/\/wiejskieprzysmaki.estima.site\/en\/wp-json\/wp\/v2\/product_tag?post=5624"}],"curies":[{"name":"wp","href":"https:\/\/api.w.org\/{rel}","templated":true}]}}