{"id":5634,"date":"2025-02-18T11:08:22","date_gmt":"2025-02-18T10:08:22","guid":{"rendered":"https:\/\/wiejskieprzysmaki.estima.site\/produkt\/bulion-warzywny-w-plynie-bezglutenowy-bio-350-ml-food-studio\/"},"modified":"2025-02-18T11:08:28","modified_gmt":"2025-02-18T10:08:28","slug":"bulion-warzywny-w-plynie-bezglutenowy-bio-350-ml-food-studio","status":"publish","type":"product","link":"https:\/\/wiejskieprzysmaki.estima.site\/en\/product\/bulion-warzywny-w-plynie-bezglutenowy-bio-350-ml-food-studio\/","title":{"rendered":"BULION WARZYWNY W P\u0141YNIE BEZGLUTENOWY BIO 350 ml &#8211; FOOD STUDIO"},"content":{"rendered":"<p>SK\u0141ADNIKI<br \/>woda, marchew*, cebula*, kapusta*, por*, brukiew*, pasternak*, SELER*, pieczarki*, s\u00f3l morska, pietruszka*, borowiki*, tymianek*, li\u015b\u0107 laurowy* (*certyfikowany sk\u0142adnik ekologiczny)<\/p>\n<p>OPIS  <br \/>Nasi kucharze z Food Studio po\u015bwi\u0119cili sw\u00f3j czas i ugotowali dla Ciebie najlepszy ekologiczny bulion warzywny! <br \/>Przygotowanie trwa co najmniej 12 godzin &#8211; tylko dzi\u0119ki d\u0142ugiemu gotowaniu, warzywa i zio\u0142a rozwijaj\u0105 sw\u00f3j pe\u0142ny smak. W procesie produkcji wykorzystujemy jak najwi\u0119cej regionalnych sk\u0142adnik\u00f3w.<\/p>\n<p>SPOS\u00d3B PRZYGOTOWANIA  <br \/>Zawarto\u015b\u0107 opakowania wla\u0107 do garnka i zagotowa\u0107.<\/p>\n<p>WARTO\u015a\u0106 OD\u017bYWCZA W 100 ml  <br \/>Warto\u015b\u0107 energetyczna: 50 kJ\/12 kcal  <br \/>T\u0142uszcz: 0,1 g  <br \/>w tym kwasy t\u0142uszczowe nasycone: 0 g  <br \/>W\u0119glowodany: 1,9 g  <br \/>w tym cukry: 1,3 g  <br \/>Bia\u0142ko: 0,5 g  <br \/>S\u00f3l: 0,4 g<\/p>\n<p>ZALECANE WARUNKI PRZECHOWYWANIA <br \/>Przechowywa\u0107 w temperaturze do +2 do +6\u00b0C. Po otwarciu spo\u017cy\u0107 w ci\u0105gu 3 dni.<\/p>","protected":false},"excerpt":{"rendered":"<p>SK\u0141ADNIKIwoda, marchew*, cebula*, kapusta*, por*, brukiew*, pasternak*, SELER*, pieczarki*, s\u00f3l morska, pietruszka*, borowiki*, tymianek*, li\u015b\u0107 laurowy* (*certyfikowany sk\u0142adnik ekologiczny) OPIS Nasi kucharze z Food Studio po\u015bwi\u0119cili sw\u00f3j czas i ugotowali dla Ciebie najlepszy ekologiczny bulion warzywny! Przygotowanie trwa co najmniej 12 godzin &#8211; tylko dzi\u0119ki d\u0142ugiemu gotowaniu, warzywa i zio\u0142a rozwijaj\u0105 sw\u00f3j pe\u0142ny smak. W [&hellip;]<\/p>","protected":false},"featured_media":5635,"comment_status":"closed","ping_status":"open","template":"","meta":{"_acf_changed":false},"product_brand":[],"product_cat":[459,274],"product_tag":[],"class_list":{"0":"post-5634","1":"product","2":"type-product","3":"status-publish","4":"has-post-thumbnail","6":"product_cat-dania-gotowe-chlodnicze","7":"product_cat-lodowka-inne","8":"pa_ean-matka-4545","9":"pa_gwarancja-przydatnosci-324","10":"pa_ilosc-w-opakowaniu-372","11":"pa_jednostka-podstawowa-szt","12":"pa_kod-cn-2104-10-00","13":"pa_kraj-pochodzenia-skladnikow-rolnictwo-ue","14":"pa_objetosc-brutto-4543","15":"pa_objetosc-netto-4542","16":"pa_producent-food-studio-buliony-w-plynie-smalce-tluszcze","17":"pa_producent-nazwa-adres-puljong-ou-pilve-tee-6-12618-tallinn","18":"pa_tagi-bez-cukru-w-skladnikach","19":"pa_tagi-bez-glutenu-deklaracja","20":"pa_tagi-bez-glutenu-w-skladnikach","21":"pa_tagi-certyfikat-bio","22":"pa_tagi-weganski","23":"pa_tagi-wegetarianski","25":"first","26":"instock","27":"taxable","28":"shipping-taxable","29":"purchasable","30":"product-type-simple"},"acf":[],"_links":{"self":[{"href":"https:\/\/wiejskieprzysmaki.estima.site\/en\/wp-json\/wp\/v2\/product\/5634","targetHints":{"allow":["GET"]}}],"collection":[{"href":"https:\/\/wiejskieprzysmaki.estima.site\/en\/wp-json\/wp\/v2\/product"}],"about":[{"href":"https:\/\/wiejskieprzysmaki.estima.site\/en\/wp-json\/wp\/v2\/types\/product"}],"replies":[{"embeddable":true,"href":"https:\/\/wiejskieprzysmaki.estima.site\/en\/wp-json\/wp\/v2\/comments?post=5634"}],"wp:featuredmedia":[{"embeddable":true,"href":"https:\/\/wiejskieprzysmaki.estima.site\/en\/wp-json\/wp\/v2\/media\/5635"}],"wp:attachment":[{"href":"https:\/\/wiejskieprzysmaki.estima.site\/en\/wp-json\/wp\/v2\/media?parent=5634"}],"wp:term":[{"taxonomy":"product_brand","embeddable":true,"href":"https:\/\/wiejskieprzysmaki.estima.site\/en\/wp-json\/wp\/v2\/product_brand?post=5634"},{"taxonomy":"product_cat","embeddable":true,"href":"https:\/\/wiejskieprzysmaki.estima.site\/en\/wp-json\/wp\/v2\/product_cat?post=5634"},{"taxonomy":"product_tag","embeddable":true,"href":"https:\/\/wiejskieprzysmaki.estima.site\/en\/wp-json\/wp\/v2\/product_tag?post=5634"}],"curies":[{"name":"wp","href":"https:\/\/api.w.org\/{rel}","templated":true}]}}