{"id":5640,"date":"2025-02-18T11:08:22","date_gmt":"2025-02-18T10:08:22","guid":{"rendered":"https:\/\/wiejskieprzysmaki.estima.site\/produkt\/bulion-azjatycki-w-plynie-bezglutenowy-bio-350-ml-food-studio\/"},"modified":"2025-02-18T11:08:31","modified_gmt":"2025-02-18T10:08:31","slug":"bulion-azjatycki-w-plynie-bezglutenowy-bio-350-ml-food-studio","status":"publish","type":"product","link":"https:\/\/wiejskieprzysmaki.estima.site\/en\/product\/bulion-azjatycki-w-plynie-bezglutenowy-bio-350-ml-food-studio\/","title":{"rendered":"BULION AZJATYCKI W P\u0141YNIE BEZGLUTENOWY BIO 350 ml &#8211; FOOD STUDIO"},"content":{"rendered":"<p>SK\u0141ADNIKI<br \/>wywar z drobiu (woda, ko\u015bci drobiowe*, marchew*, cebula*, korze\u0144 pietruszki*, pieczarki*, s\u00f3l morska, pieprz czarny*, pietruszka*, tymianek*, li\u015b\u0107 laurowy*), chili*, imbir*, trawa cytrynowa*, czosnek*, li\u015bcie limonki kaffir*. (*certyfikowany sk\u0142adnik ekologiczny)<\/p>\n<p>OPIS  <br \/>Nasi szefowie kuchni w Food Studio po\u015bwi\u0119cili sw\u00f3j czas i ugotowali dla Ciebie najlepszy bulion z ko\u015bci kurczaka z azjatyck\u0105 nut\u0105! <br \/>Przygotowanie naszego najwy\u017cszej jako\u015bci bulionu trwa co najmniej 12 godzin &#8211; tylko dzi\u0119ki d\u0142ugiemu procesowi gotowania, ko\u015bci i szpik kostny z ich cennymi sk\u0142adnikami od\u017cywczymi mog\u0105 dosta\u0107 si\u0119 do bulionu i rozwin\u0105\u0107 sw\u00f3j pe\u0142ny smak. Nast\u0119pnie dodajemy warzywa i przyprawy i pozwalamy mu si\u0119 gotowa\u0107 przez kolejne 4 godziny, aby wydoby\u0107 ze sk\u0142adnik\u00f3w najlepszy azjatycki smak. <br \/>Wszystkie sk\u0142adniki pochodz\u0105 w 100 % z upraw ekologicznych i u\u017cywamy jak najwi\u0119cej sk\u0142adnik\u00f3w regionalnych. Ko\u015bci pochodz\u0105 z ekologicznego kurczaka z wolnego wybiegu.<\/p>\n<p>SPOS\u00d3B PRZYGOTOWANIA  <br \/>Zawarto\u015b\u0107 opakowania wla\u0107 do garnka i zagotowa\u0107.  <\/p>\n<p>WARTO\u015a\u0106 OD\u017bYWCZA W 100 ml <br \/>Warto\u015b\u0107 energetyczna 45 kJ\/11 kcal  <br \/>T\u0142uszcz: 0,1 g  <br \/>w tym kwasy t\u0142uszczowe nasycone: 0,02 g  <br \/>W\u0119glowodany: 0,7 g  <br \/>w tym cukry: 0,5 g  <br \/>Bia\u0142ko: 1,9 g  <br \/>S\u00f3l: 0,7 g<\/p>\n<p>ZALECANE WARUNKI PRZECHOWYWANIA <br \/>Przechowywa\u0107 w temperaturze do +2 do +6\u00b0C. Po otwarciu spo\u017cy\u0107 w ci\u0105gu 3 dni.<\/p>","protected":false},"excerpt":{"rendered":"<p>SK\u0141ADNIKIwywar z drobiu (woda, ko\u015bci drobiowe*, marchew*, cebula*, korze\u0144 pietruszki*, pieczarki*, s\u00f3l morska, pieprz czarny*, pietruszka*, tymianek*, li\u015b\u0107 laurowy*), chili*, imbir*, trawa cytrynowa*, czosnek*, li\u015bcie limonki kaffir*. (*certyfikowany sk\u0142adnik ekologiczny) OPIS Nasi szefowie kuchni w Food Studio po\u015bwi\u0119cili sw\u00f3j czas i ugotowali dla Ciebie najlepszy bulion z ko\u015bci kurczaka z azjatyck\u0105 nut\u0105! Przygotowanie naszego najwy\u017cszej [&hellip;]<\/p>","protected":false},"featured_media":5641,"comment_status":"closed","ping_status":"open","template":"","meta":{"_acf_changed":false},"product_brand":[],"product_cat":[459,274],"product_tag":[],"class_list":{"0":"post-5640","1":"product","2":"type-product","3":"status-publish","4":"has-post-thumbnail","6":"product_cat-dania-gotowe-chlodnicze","7":"product_cat-lodowka-inne","8":"pa_ean-matka-4548","9":"pa_gwarancja-przydatnosci-324","10":"pa_ilosc-w-opakowaniu-372","11":"pa_jednostka-podstawowa-szt","12":"pa_kod-cn-2104-10-00","13":"pa_kraj-pochodzenia-skladnikow-rolnictwo-ue-spoza-ue","14":"pa_objetosc-brutto-4543","15":"pa_objetosc-netto-4542","16":"pa_producent-food-studio-buliony-w-plynie-smalce-tluszcze","17":"pa_producent-nazwa-adres-puljong-ou-pilve-tee-6-12618-tallinn","18":"pa_tagi-bez-cukru-w-skladnikach","19":"pa_tagi-bez-glutenu-deklaracja","20":"pa_tagi-bez-glutenu-w-skladnikach","21":"pa_tagi-certyfikat-bio","23":"first","24":"instock","25":"taxable","26":"shipping-taxable","27":"purchasable","28":"product-type-simple"},"acf":[],"_links":{"self":[{"href":"https:\/\/wiejskieprzysmaki.estima.site\/en\/wp-json\/wp\/v2\/product\/5640","targetHints":{"allow":["GET"]}}],"collection":[{"href":"https:\/\/wiejskieprzysmaki.estima.site\/en\/wp-json\/wp\/v2\/product"}],"about":[{"href":"https:\/\/wiejskieprzysmaki.estima.site\/en\/wp-json\/wp\/v2\/types\/product"}],"replies":[{"embeddable":true,"href":"https:\/\/wiejskieprzysmaki.estima.site\/en\/wp-json\/wp\/v2\/comments?post=5640"}],"wp:featuredmedia":[{"embeddable":true,"href":"https:\/\/wiejskieprzysmaki.estima.site\/en\/wp-json\/wp\/v2\/media\/5641"}],"wp:attachment":[{"href":"https:\/\/wiejskieprzysmaki.estima.site\/en\/wp-json\/wp\/v2\/media?parent=5640"}],"wp:term":[{"taxonomy":"product_brand","embeddable":true,"href":"https:\/\/wiejskieprzysmaki.estima.site\/en\/wp-json\/wp\/v2\/product_brand?post=5640"},{"taxonomy":"product_cat","embeddable":true,"href":"https:\/\/wiejskieprzysmaki.estima.site\/en\/wp-json\/wp\/v2\/product_cat?post=5640"},{"taxonomy":"product_tag","embeddable":true,"href":"https:\/\/wiejskieprzysmaki.estima.site\/en\/wp-json\/wp\/v2\/product_tag?post=5640"}],"curies":[{"name":"wp","href":"https:\/\/api.w.org\/{rel}","templated":true}]}}