{"id":5658,"date":"2025-02-18T11:08:38","date_gmt":"2025-02-18T10:08:38","guid":{"rendered":"https:\/\/wiejskieprzysmaki.estima.site\/produkt\/majonez-jajeczny-bio-370-ml-bio-bandits\/"},"modified":"2025-02-18T11:08:41","modified_gmt":"2025-02-18T10:08:41","slug":"majonez-jajeczny-bio-370-ml-bio-bandits","status":"publish","type":"product","link":"https:\/\/wiejskieprzysmaki.estima.site\/en\/product\/majonez-jajeczny-bio-370-ml-bio-bandits\/","title":{"rendered":"MAJONEZ JAJECZNY BIO 370 ml &#8211; BIO BANDITS"},"content":{"rendered":"<p>SK\u0141ADNIKI<br \/>olej s\u0142onecznikowy* (71 %), musztarda* (GORCZYCA*, ocet*, woda, s\u00f3l), woda, \u017c\u00f3\u0142tko JAJA* (7 %) (\u017c\u00f3\u0142tko JAJA*, s\u00f3l), ocet balsamiczny* (ocet winny*, zag\u0119szczony moszcz winogronowy*) &#8211; zawiera SIARCZYNY, cukier*, s\u00f3l morska, chrzan*, pieprz bia\u0142y*, substancja zag\u0119szczaj\u0105ca: guma ksantanowa (*certyfikowany sk\u0142adnik ekologiczny) <\/p>\n<p>OPIS<br \/>Prawdziwy ekologiczny majonez, zrobiony z wysokiej jako\u015bci oleju s\u0142onecznikowego i ekologicznych jajek. Przyjemny i \u015bwie\u017cy, a jednocze\u015bnie mi\u0119kki i kremowy. To \u015bwietna baza do w\u0142asnego sosu, jako smarowid\u0142o do kanapek i oczywi\u015bcie do ekologicznych frytek.<\/p>\n<p>WARTO\u015a\u0106 OD\u017bYWCZA W 100 g<br \/>Warto\u015b\u0107 energetyczna &#8211; 2790 kJ\/678 kcal <br \/>T\u0142uszcz &#8211; 73 g <br \/>w tym kwasy t\u0142uszczowe nasycone &#8211; 9,0 g <br \/>W\u0119glowodany &#8211; 2,2 g <br \/>w tym cukry &#8211; 1,8 g <br \/>Bia\u0142ko &#8211; 2,0 g <br \/>S\u00f3l &#8211; 1,8 g <\/p>\n<p>ZALECANE WARUNKI PRZECHOWYWANIA <br \/>Przechowywa\u0107 w suchym i ch\u0142odnym miejscu. Po otwarciu przechowywa\u0107 w lod\u00f3wce. <\/p>","protected":false},"excerpt":{"rendered":"<p>SK\u0141ADNIKIolej s\u0142onecznikowy* (71 %), musztarda* (GORCZYCA*, ocet*, woda, s\u00f3l), woda, \u017c\u00f3\u0142tko JAJA* (7 %) (\u017c\u00f3\u0142tko JAJA*, s\u00f3l), ocet balsamiczny* (ocet winny*, zag\u0119szczony moszcz winogronowy*) &#8211; zawiera SIARCZYNY, cukier*, s\u00f3l morska, chrzan*, pieprz bia\u0142y*, substancja zag\u0119szczaj\u0105ca: guma ksantanowa (*certyfikowany sk\u0142adnik ekologiczny) OPISPrawdziwy ekologiczny majonez, zrobiony z wysokiej jako\u015bci oleju s\u0142onecznikowego i ekologicznych jajek. Przyjemny i \u015bwie\u017cy, [&hellip;]<\/p>","protected":false},"featured_media":5659,"comment_status":"closed","ping_status":"open","template":"","meta":{"_acf_changed":false},"product_brand":[],"product_cat":[1485,94],"product_tag":[],"class_list":{"0":"post-5658","1":"product","2":"type-product","3":"status-publish","4":"has-post-thumbnail","6":"product_cat-majonezy-musztardy","7":"product_cat-sosy","8":"pa_ean-matka-4565","9":"pa_gwarancja-przydatnosci-311","10":"pa_ilosc-w-opakowaniu-298","11":"pa_jednostka-podstawowa-szt","12":"pa_kod-cn-2103-90-90","13":"pa_objetosc-brutto-4564","14":"pa_objetosc-netto-4563","15":"pa_producent-bio-bandits-dressingi-sosy-majonezy","16":"pa_producent-nazwa-adres-biobandits-hq-honingveldsestraat-7a-6665-cadriel-the-netherlands","17":"pa_tagi-bez-glutenu-w-skladnikach","18":"pa_tagi-certyfikat-bio","19":"pa_tagi-wegetarianski","21":"first","22":"instock","23":"taxable","24":"shipping-taxable","25":"purchasable","26":"product-type-simple"},"acf":[],"_links":{"self":[{"href":"https:\/\/wiejskieprzysmaki.estima.site\/en\/wp-json\/wp\/v2\/product\/5658","targetHints":{"allow":["GET"]}}],"collection":[{"href":"https:\/\/wiejskieprzysmaki.estima.site\/en\/wp-json\/wp\/v2\/product"}],"about":[{"href":"https:\/\/wiejskieprzysmaki.estima.site\/en\/wp-json\/wp\/v2\/types\/product"}],"replies":[{"embeddable":true,"href":"https:\/\/wiejskieprzysmaki.estima.site\/en\/wp-json\/wp\/v2\/comments?post=5658"}],"wp:featuredmedia":[{"embeddable":true,"href":"https:\/\/wiejskieprzysmaki.estima.site\/en\/wp-json\/wp\/v2\/media\/5659"}],"wp:attachment":[{"href":"https:\/\/wiejskieprzysmaki.estima.site\/en\/wp-json\/wp\/v2\/media?parent=5658"}],"wp:term":[{"taxonomy":"product_brand","embeddable":true,"href":"https:\/\/wiejskieprzysmaki.estima.site\/en\/wp-json\/wp\/v2\/product_brand?post=5658"},{"taxonomy":"product_cat","embeddable":true,"href":"https:\/\/wiejskieprzysmaki.estima.site\/en\/wp-json\/wp\/v2\/product_cat?post=5658"},{"taxonomy":"product_tag","embeddable":true,"href":"https:\/\/wiejskieprzysmaki.estima.site\/en\/wp-json\/wp\/v2\/product_tag?post=5658"}],"curies":[{"name":"wp","href":"https:\/\/api.w.org\/{rel}","templated":true}]}}