{"id":5660,"date":"2025-02-18T11:08:38","date_gmt":"2025-02-18T10:08:38","guid":{"rendered":"https:\/\/wiejskieprzysmaki.estima.site\/produkt\/curry-ostre-z-mango-i-kasztanami-bio-900-ml-delikatna\/"},"modified":"2025-02-18T11:08:42","modified_gmt":"2025-02-18T10:08:42","slug":"curry-ostre-z-mango-i-kasztanami-bio-900-ml-delikatna","status":"publish","type":"product","link":"https:\/\/wiejskieprzysmaki.estima.site\/en\/product\/curry-ostre-z-mango-i-kasztanami-bio-900-ml-delikatna\/","title":{"rendered":"CURRY OSTRE Z MANGO I KASZTANAMI BIO 900 ml &#8211; DELIKATNA"},"content":{"rendered":"<p>SK\u0141ADNIKI<br \/>dynia* 21 %, woda, nap\u00f3j kokosowy* (ekstrakt z kokosa*, woda), marchew*, cukinia*, papryka czerwona*, cieciorka*, kasztany* 4 %, mango pulpa* 4 %, ORZECHY NERKOWCA* 1 %, cukier*, sok z cytryn*, olej s\u0142onecznikowy*, trawa cytrynowa*, li\u015bcie limonki kaffir*, kolendra*, kurkuma*, chili*. (* certyfikowany sk\u0142adnik ekologiczny)<\/p>\n<p>OPIS<br \/>Ostre danie obiadowe na bazie dyni z kasztanami i mango. <br \/>Produkt pasteryzowany. <\/p>\n<p>WARTO\u015a\u0106 OD\u017bYWCZA W 100 ml<br \/>Warto\u015b\u0107 energetyczna: 306 kJ\/ 74 kcal <br \/>T\u0142uszcz: 4,3 g <br \/>w tym kwasy t\u0142uszczowe nasycone: 2,7 g <br \/>W\u0119glowodany: 7,7 g <br \/>w tym cukry: 2,9 g <br \/>Bia\u0142ko: 1,2 g <br \/>S\u00f3l: 0 g<\/p>\n<p>INFORMACJA ALERGENNA<br \/>Mo\u017ce zawiera\u0107 SOJ\u0118, GORCZYC\u0118, SELER, inne ORZECHY, ORZESZKI ZIEMNE, nasiona sezamu<\/p>\n<p>ZALECANE WARUNKI PRZECHOWYWANIA<br \/>Przechowywa\u0107 w temperaturze pokojowej. Po otwarciu przechowywa\u0107 w lod\u00f3wce i spo\u017cy\u0107 w ci\u0105gu 4 dni. <\/p>","protected":false},"excerpt":{"rendered":"<p>SK\u0141ADNIKIdynia* 21 %, woda, nap\u00f3j kokosowy* (ekstrakt z kokosa*, woda), marchew*, cukinia*, papryka czerwona*, cieciorka*, kasztany* 4 %, mango pulpa* 4 %, ORZECHY NERKOWCA* 1 %, cukier*, sok z cytryn*, olej s\u0142onecznikowy*, trawa cytrynowa*, li\u015bcie limonki kaffir*, kolendra*, kurkuma*, chili*. (* certyfikowany sk\u0142adnik ekologiczny) OPISOstre danie obiadowe na bazie dyni z kasztanami i mango. Produkt [&hellip;]<\/p>","protected":false},"featured_media":5661,"comment_status":"closed","ping_status":"open","template":"","meta":{"_acf_changed":false},"product_brand":[],"product_cat":[1139],"product_tag":[],"class_list":{"0":"post-5660","1":"product","2":"type-product","3":"status-publish","4":"has-post-thumbnail","6":"product_cat-dania-gotowe","7":"pa_ean-matka-4566","8":"pa_gwarancja-przydatnosci-542","9":"pa_ilosc-w-opakowaniu-298","10":"pa_jednostka-podstawowa-szt","11":"pa_kod-cn-2104-10-00","12":"pa_objetosc-brutto-3353","13":"pa_objetosc-netto-4550","14":"pa_producent-delikatna-kombucha-kimchi-zakwas","15":"pa_producent-nazwa-adres-ekologiczna-przetwornia-mikolaj-bator-balladyny-33-81-524-gdynia","16":"pa_tagi-bez-glutenu-w-skladnikach","17":"pa_tagi-certyfikat-bio","18":"pa_tagi-weganski","19":"pa_tagi-wegetarianski","21":"first","22":"instock","23":"taxable","24":"shipping-taxable","25":"purchasable","26":"product-type-simple"},"acf":[],"_links":{"self":[{"href":"https:\/\/wiejskieprzysmaki.estima.site\/en\/wp-json\/wp\/v2\/product\/5660","targetHints":{"allow":["GET"]}}],"collection":[{"href":"https:\/\/wiejskieprzysmaki.estima.site\/en\/wp-json\/wp\/v2\/product"}],"about":[{"href":"https:\/\/wiejskieprzysmaki.estima.site\/en\/wp-json\/wp\/v2\/types\/product"}],"replies":[{"embeddable":true,"href":"https:\/\/wiejskieprzysmaki.estima.site\/en\/wp-json\/wp\/v2\/comments?post=5660"}],"wp:featuredmedia":[{"embeddable":true,"href":"https:\/\/wiejskieprzysmaki.estima.site\/en\/wp-json\/wp\/v2\/media\/5661"}],"wp:attachment":[{"href":"https:\/\/wiejskieprzysmaki.estima.site\/en\/wp-json\/wp\/v2\/media?parent=5660"}],"wp:term":[{"taxonomy":"product_brand","embeddable":true,"href":"https:\/\/wiejskieprzysmaki.estima.site\/en\/wp-json\/wp\/v2\/product_brand?post=5660"},{"taxonomy":"product_cat","embeddable":true,"href":"https:\/\/wiejskieprzysmaki.estima.site\/en\/wp-json\/wp\/v2\/product_cat?post=5660"},{"taxonomy":"product_tag","embeddable":true,"href":"https:\/\/wiejskieprzysmaki.estima.site\/en\/wp-json\/wp\/v2\/product_tag?post=5660"}],"curies":[{"name":"wp","href":"https:\/\/api.w.org\/{rel}","templated":true}]}}