{"id":5670,"date":"2025-02-18T11:08:38","date_gmt":"2025-02-18T10:08:38","guid":{"rendered":"https:\/\/wiejskieprzysmaki.estima.site\/produkt\/ciastka-kruche-bio-150-g-pola\/"},"modified":"2025-02-18T11:08:53","modified_gmt":"2025-02-18T10:08:53","slug":"ciastka-kruche-bio-150-g-pola","status":"publish","type":"product","link":"https:\/\/wiejskieprzysmaki.estima.site\/en\/product\/ciastka-kruche-bio-150-g-pola\/","title":{"rendered":"CIASTKA KRUCHE BIO 150 g &#8211; POLA"},"content":{"rendered":"<p>SK\u0141ADNIKI<br \/>m\u0105ka PSZENNA* typ 500 (49 %), MAS\u0141O* (28 %), naturalny aromat waniliowy, proszek do pieczenia* [substancje spulchniaj\u0105ce (winiany potasu, wodorow\u0119glan sodu)], JAJA (\u017c\u00f3\u0142tka)*, cukier trzcinowy puder* (*certyfikowany sk\u0142adnik ekologiczny)<\/p>\n<p>OPIS  <br \/>Ciasteczka maszynkowe, wypiekane w spos\u00f3b rzemie\u015blniczy.<\/p>\n<p>WARTO\u015a\u0106 OD\u017bYWCZA W 100 g  <br \/>Warto\u015b\u0107 energetyczna: 641 kJ\/154 kcal  <br \/>T\u0142uszcz: 34,9 g  <br \/>w tym kwasy t\u0142uszczowe nasycone: 0,2 g  <br \/>W\u0119glowodany: 67,1 g  <br \/>w tym cukry: 63,5 g  <br \/>B\u0142onnik: 0 g  <br \/>Bia\u0142ko: 12,1 g  <br \/>S\u00f3l:  0 g  <\/p>\n<p>ZALECANE WARUNKI PRZECHOWYWANIA  <br \/>Przechowywa\u0107 w suchym i ch\u0142odnym miejscu.  <\/p>","protected":false},"excerpt":{"rendered":"<p>SK\u0141ADNIKIm\u0105ka PSZENNA* typ 500 (49 %), MAS\u0141O* (28 %), naturalny aromat waniliowy, proszek do pieczenia* [substancje spulchniaj\u0105ce (winiany potasu, wodorow\u0119glan sodu)], JAJA (\u017c\u00f3\u0142tka)*, cukier trzcinowy puder* (*certyfikowany sk\u0142adnik ekologiczny) OPIS Ciasteczka maszynkowe, wypiekane w spos\u00f3b rzemie\u015blniczy. WARTO\u015a\u0106 OD\u017bYWCZA W 100 g Warto\u015b\u0107 energetyczna: 641 kJ\/154 kcal T\u0142uszcz: 34,9 g w tym kwasy t\u0142uszczowe nasycone: 0,2 [&hellip;]<\/p>","protected":false},"featured_media":5671,"comment_status":"closed","ping_status":"open","template":"","meta":{"_acf_changed":false},"product_brand":[],"product_cat":[1434,139],"product_tag":[],"class_list":{"0":"post-5670","1":"product","2":"type-product","3":"status-publish","4":"has-post-thumbnail","6":"product_cat-ciastka","7":"product_cat-slodycze-i-przekaski","8":"pa_ean-matka-4572","9":"pa_gwarancja-przydatnosci-481","10":"pa_ilosc-w-opakowaniu-340","11":"pa_jednostka-podstawowa-szt","12":"pa_kod-cn-1905-31-30","13":"pa_kraj-pochodzenia-skladnikow-polska","14":"pa_masa-netto-197","15":"pa_objetosc-brutto-368","16":"pa_producent-piekarnia-pola-pieczywo-i-ciastka","17":"pa_producent-nazwa-adres-firma-pola-karol-krzyszczak-stasin-34-21-030-motycz","18":"pa_tagi-certyfikat-bio","19":"pa_tagi-wegetarianski","21":"first","22":"instock","23":"taxable","24":"shipping-taxable","25":"purchasable","26":"product-type-simple"},"acf":[],"_links":{"self":[{"href":"https:\/\/wiejskieprzysmaki.estima.site\/en\/wp-json\/wp\/v2\/product\/5670","targetHints":{"allow":["GET"]}}],"collection":[{"href":"https:\/\/wiejskieprzysmaki.estima.site\/en\/wp-json\/wp\/v2\/product"}],"about":[{"href":"https:\/\/wiejskieprzysmaki.estima.site\/en\/wp-json\/wp\/v2\/types\/product"}],"replies":[{"embeddable":true,"href":"https:\/\/wiejskieprzysmaki.estima.site\/en\/wp-json\/wp\/v2\/comments?post=5670"}],"wp:featuredmedia":[{"embeddable":true,"href":"https:\/\/wiejskieprzysmaki.estima.site\/en\/wp-json\/wp\/v2\/media\/5671"}],"wp:attachment":[{"href":"https:\/\/wiejskieprzysmaki.estima.site\/en\/wp-json\/wp\/v2\/media?parent=5670"}],"wp:term":[{"taxonomy":"product_brand","embeddable":true,"href":"https:\/\/wiejskieprzysmaki.estima.site\/en\/wp-json\/wp\/v2\/product_brand?post=5670"},{"taxonomy":"product_cat","embeddable":true,"href":"https:\/\/wiejskieprzysmaki.estima.site\/en\/wp-json\/wp\/v2\/product_cat?post=5670"},{"taxonomy":"product_tag","embeddable":true,"href":"https:\/\/wiejskieprzysmaki.estima.site\/en\/wp-json\/wp\/v2\/product_tag?post=5670"}],"curies":[{"name":"wp","href":"https:\/\/api.w.org\/{rel}","templated":true}]}}