{"id":5676,"date":"2025-02-18T11:08:38","date_gmt":"2025-02-18T10:08:38","guid":{"rendered":"https:\/\/wiejskieprzysmaki.estima.site\/produkt\/chipsy-ziemniaczane-cienko-krojone-o-smaku-smietankowo-cebulowym-bio-125-g-trafo\/"},"modified":"2025-02-18T11:08:55","modified_gmt":"2025-02-18T10:08:55","slug":"chipsy-ziemniaczane-cienko-krojone-o-smaku-smietankowo-cebulowym-bio-125-g-trafo","status":"publish","type":"product","link":"https:\/\/wiejskieprzysmaki.estima.site\/en\/product\/chipsy-ziemniaczane-cienko-krojone-o-smaku-smietankowo-cebulowym-bio-125-g-trafo\/","title":{"rendered":"CHIPSY ZIEMNIACZANE CIENKO KROJONE O SMAKU \u015aMIETANKOWO &#8211; CEBULOWYM BIO 125 g &#8211; TRAFO"},"content":{"rendered":"<p>SK\u0141ADNIKI<br \/>ziemniaki*, olej s\u0142onecznikowy*, dekstroza*, cebula w proszku* (2,3 %), s\u00f3l, m\u0105ka kukurydziana*, czosnek w proszku*, pietruszka*, pomidor w proszku*, pieprz czarny* (2 %), kr\u0105\u017cki szczypiorku* (1,75 %), korze\u0144 lubczyka*, przeciwutleniacze: ekstrakty z rozmarynu*, kwas askorbinowy. (*certyfikowany sk\u0142adnik ekologiczny)<\/p>\n<p>OPIS <br \/>Pakowano w atmosferze ochronnej. Produkt powoli sma\u017cony w temperaturze max. 165 stopni Celsjusza.<\/p>\n<p>WARTO\u015a\u0106 OD\u017bYWCZA W 100 g<br \/>Warto\u015b\u0107 energetyczna &#8211; 2232 kJ\/532 kcal <br \/>T\u0142uszcz &#8211; 34 g <br \/>w tym kwasy t\u0142uszczowe nasycone &#8211; 3,2 g <br \/>W\u0119glowodany &#8211; 49 g <br \/>w tym cukry &#8211; 3,3 g <br \/>B\u0142onnik &#8211; 5,3 g <br \/>Bia\u0142ko &#8211; 5,3 g <br \/>S\u00f3l &#8211; 1,5 g <\/p>\n<p>ZALECANE WARUNKI PRZECHOWYWANIA<br \/>Przechowywa\u0107 w suchym miejscu. Spo\u017cy\u0107 natychmiast po otwarciu.<\/p>","protected":false},"excerpt":{"rendered":"<p>SK\u0141ADNIKIziemniaki*, olej s\u0142onecznikowy*, dekstroza*, cebula w proszku* (2,3 %), s\u00f3l, m\u0105ka kukurydziana*, czosnek w proszku*, pietruszka*, pomidor w proszku*, pieprz czarny* (2 %), kr\u0105\u017cki szczypiorku* (1,75 %), korze\u0144 lubczyka*, przeciwutleniacze: ekstrakty z rozmarynu*, kwas askorbinowy. (*certyfikowany sk\u0142adnik ekologiczny) OPIS Pakowano w atmosferze ochronnej. Produkt powoli sma\u017cony w temperaturze max. 165 stopni Celsjusza. WARTO\u015a\u0106 OD\u017bYWCZA W [&hellip;]<\/p>","protected":false},"featured_media":5677,"comment_status":"closed","ping_status":"open","template":"","meta":{"_acf_changed":false},"product_brand":[],"product_cat":[422,139],"product_tag":[],"class_list":{"0":"post-5676","1":"product","2":"type-product","3":"status-publish","4":"has-post-thumbnail","6":"product_cat-chipsy-chrupki-popcorn","7":"product_cat-slodycze-i-przekaski","8":"pa_ean-matka-4575","9":"pa_gwarancja-przydatnosci-535","10":"pa_ilosc-w-opakowaniu-350","11":"pa_jednostka-podstawowa-szt","12":"pa_kod-cn-2005-20-20","13":"pa_kraj-pochodzenia-skladnikow-niderlandy","14":"pa_masa-netto-811","15":"pa_objetosc-brutto-2544","16":"pa_producent-trafo-chipsy-warzywne-i-ziemniaczne","17":"pa_producent-nazwa-adres-fz-organic-food-trafo-oppers-58-8471-zm-wolvega","18":"pa_tagi-bez-glutenu-w-skladnikach","19":"pa_tagi-certyfikat-bio","20":"pa_tagi-wegetarianski","22":"first","23":"instock","24":"taxable","25":"shipping-taxable","26":"purchasable","27":"product-type-simple"},"acf":[],"_links":{"self":[{"href":"https:\/\/wiejskieprzysmaki.estima.site\/en\/wp-json\/wp\/v2\/product\/5676","targetHints":{"allow":["GET"]}}],"collection":[{"href":"https:\/\/wiejskieprzysmaki.estima.site\/en\/wp-json\/wp\/v2\/product"}],"about":[{"href":"https:\/\/wiejskieprzysmaki.estima.site\/en\/wp-json\/wp\/v2\/types\/product"}],"replies":[{"embeddable":true,"href":"https:\/\/wiejskieprzysmaki.estima.site\/en\/wp-json\/wp\/v2\/comments?post=5676"}],"wp:featuredmedia":[{"embeddable":true,"href":"https:\/\/wiejskieprzysmaki.estima.site\/en\/wp-json\/wp\/v2\/media\/5677"}],"wp:attachment":[{"href":"https:\/\/wiejskieprzysmaki.estima.site\/en\/wp-json\/wp\/v2\/media?parent=5676"}],"wp:term":[{"taxonomy":"product_brand","embeddable":true,"href":"https:\/\/wiejskieprzysmaki.estima.site\/en\/wp-json\/wp\/v2\/product_brand?post=5676"},{"taxonomy":"product_cat","embeddable":true,"href":"https:\/\/wiejskieprzysmaki.estima.site\/en\/wp-json\/wp\/v2\/product_cat?post=5676"},{"taxonomy":"product_tag","embeddable":true,"href":"https:\/\/wiejskieprzysmaki.estima.site\/en\/wp-json\/wp\/v2\/product_tag?post=5676"}],"curies":[{"name":"wp","href":"https:\/\/api.w.org\/{rel}","templated":true}]}}