{"id":5710,"date":"2025-02-18T11:09:04","date_gmt":"2025-02-18T10:09:04","guid":{"rendered":"https:\/\/wiejskieprzysmaki.estima.site\/produkt\/kapusta-czerwona-kiszona-bio-450-g-satyrz\/"},"modified":"2025-02-18T11:09:22","modified_gmt":"2025-02-18T10:09:22","slug":"kapusta-czerwona-kiszona-bio-450-g-satyrz","status":"publish","type":"product","link":"https:\/\/wiejskieprzysmaki.estima.site\/en\/product\/kapusta-czerwona-kiszona-bio-450-g-satyrz\/","title":{"rendered":"KAPUSTA CZERWONA KISZONA BIO 450 g &#8211; S\u0104TYRZ"},"content":{"rendered":"<p>SK\u0141ADNIKI<br \/>kapusta czerwona*, s\u00f3l kamienna niejodowana. (*certyfikowany sk\u0142adnik ekologiczny)<\/p>\n<p>OPIS<br \/>Produkt niepasteryzowany.<\/p>\n<p>WARTO\u015a\u0106 OD\u017bYWCZA W 100 g<br \/>Warto\u015b\u0107 energetyczna: 154 kJ\/37 kcal<br \/>T\u0142uszcz: 0,1 g<br \/>w tym kwasy t\u0142uszczowe nasycone: <0,1 g<br \/>W\u0119glowodany: 6,2 g<br \/>w tym cukry: <0,2 g<br \/>Bia\u0142ko: 2,7 g<br \/>S\u00f3l: 1,9 g<\/p>\n<p>UWAGA<br \/>Wybrzuszone wieczko nie wp\u0142ywa na jako\u015b\u0107 produktu, jest naturalnym efektem kiszenia. Nie wstrz\u0105sa\u0107, otwiera\u0107 powoli.<\/p>\n<p>ZALECANE WARUNKI PRZECHOWYWANIA<br \/>Przechowywa\u0107 w temperaturze od +4 do +8\u00b0C. Po otwarciu spo\u017cy\u0107 w ci\u0105gu 7 dni.<\/p>","protected":false},"excerpt":{"rendered":"<p>SK\u0141ADNIKIkapusta czerwona*, s\u00f3l kamienna niejodowana. (*certyfikowany sk\u0142adnik ekologiczny) OPISProdukt niepasteryzowany. WARTO\u015a\u0106 OD\u017bYWCZA W 100 gWarto\u015b\u0107 energetyczna: 154 kJ\/37 kcalT\u0142uszcz: 0,1 gw tym kwasy t\u0142uszczowe nasycone:<\/p>","protected":false},"featured_media":5711,"comment_status":"closed","ping_status":"open","template":"","meta":{"_acf_changed":false},"product_brand":[],"product_cat":[274,1117],"product_tag":[],"class_list":{"0":"post-5710","1":"product","2":"type-product","3":"status-publish","4":"has-post-thumbnail","6":"product_cat-lodowka-inne","7":"product_cat-warzywa-i-owoce-przetworzone","8":"pa_ean-matka-4603","9":"pa_gwarancja-przydatnosci-324","10":"pa_ilosc-w-opakowaniu-298","11":"pa_jednostka-podstawowa-szt","12":"pa_kod-cn-2005-99-60","13":"pa_masa-netto-300","14":"pa_objetosc-brutto-1704","15":"pa_producent-satyrz-warzywa-kiszone","16":"pa_producent-nazwa-adres-gospodarstwo-ekologiczne-satyrz-piotr-woznicki-satyrz-pierwszy-6-73-120-chociwel","17":"pa_tagi-bez-cukru-w-skladnikach","18":"pa_tagi-bez-glutenu-w-skladnikach","19":"pa_tagi-certyfikat-bio","20":"pa_tagi-weganski","21":"pa_tagi-wegetarianski","23":"first","24":"instock","25":"taxable","26":"shipping-taxable","27":"purchasable","28":"product-type-simple"},"acf":[],"_links":{"self":[{"href":"https:\/\/wiejskieprzysmaki.estima.site\/en\/wp-json\/wp\/v2\/product\/5710","targetHints":{"allow":["GET"]}}],"collection":[{"href":"https:\/\/wiejskieprzysmaki.estima.site\/en\/wp-json\/wp\/v2\/product"}],"about":[{"href":"https:\/\/wiejskieprzysmaki.estima.site\/en\/wp-json\/wp\/v2\/types\/product"}],"replies":[{"embeddable":true,"href":"https:\/\/wiejskieprzysmaki.estima.site\/en\/wp-json\/wp\/v2\/comments?post=5710"}],"wp:featuredmedia":[{"embeddable":true,"href":"https:\/\/wiejskieprzysmaki.estima.site\/en\/wp-json\/wp\/v2\/media\/5711"}],"wp:attachment":[{"href":"https:\/\/wiejskieprzysmaki.estima.site\/en\/wp-json\/wp\/v2\/media?parent=5710"}],"wp:term":[{"taxonomy":"product_brand","embeddable":true,"href":"https:\/\/wiejskieprzysmaki.estima.site\/en\/wp-json\/wp\/v2\/product_brand?post=5710"},{"taxonomy":"product_cat","embeddable":true,"href":"https:\/\/wiejskieprzysmaki.estima.site\/en\/wp-json\/wp\/v2\/product_cat?post=5710"},{"taxonomy":"product_tag","embeddable":true,"href":"https:\/\/wiejskieprzysmaki.estima.site\/en\/wp-json\/wp\/v2\/product_tag?post=5710"}],"curies":[{"name":"wp","href":"https:\/\/api.w.org\/{rel}","templated":true}]}}