{"id":5712,"date":"2025-02-18T11:09:04","date_gmt":"2025-02-18T10:09:04","guid":{"rendered":"https:\/\/wiejskieprzysmaki.estima.site\/produkt\/kwasek-cytrynowy-500-g-batom\/"},"modified":"2025-02-18T11:09:23","modified_gmt":"2025-02-18T10:09:23","slug":"kwasek-cytrynowy-500-g-batom","status":"publish","type":"product","link":"https:\/\/wiejskieprzysmaki.estima.site\/en\/product\/kwasek-cytrynowy-500-g-batom\/","title":{"rendered":"KWASEK CYTRYNOWY 500 g &#8211; BATOM"},"content":{"rendered":"<p>SK\u0141ADNIKI  <br \/>kwas cytrynowy  <\/p>\n<p>OPIS  <br \/>Kwas cytrynowy to bezwonny, krystaliczny proszek cz\u0119sto wykorzystywany w gospodarstwach domowych i przemy\u015ble spo\u017cywczym jako regulator kwasowo\u015bci (w napojach, d\u017cemach, galaretkach) oraz przeciwutleniacz (przy produkcji majonez\u00f3w, sos\u00f3w). Pomocny tak\u017ce jako \u015brodek czyszcz\u0105cy, usuwaj\u0105cy kamie\u0144 i osady (czajniki, kubki). <\/p>\n<p>INFORMACJA ALERGENNA  <br \/>Mo\u017ce zawiera\u0107 ZBO\u017bA ZAWIERAJ\u0104CE GLUTEN, ORZECHY, SEZAM. <\/p>\n<p>ZALECANE WARUNKI PRZECHOWYWANIA<br \/>Przechowywa\u0107 w suchym i ch\u0142odnym miejscu. <\/p>","protected":false},"excerpt":{"rendered":"<p>SK\u0141ADNIKI kwas cytrynowy OPIS Kwas cytrynowy to bezwonny, krystaliczny proszek cz\u0119sto wykorzystywany w gospodarstwach domowych i przemy\u015ble spo\u017cywczym jako regulator kwasowo\u015bci (w napojach, d\u017cemach, galaretkach) oraz przeciwutleniacz (przy produkcji majonez\u00f3w, sos\u00f3w). Pomocny tak\u017ce jako \u015brodek czyszcz\u0105cy, usuwaj\u0105cy kamie\u0144 i osady (czajniki, kubki). INFORMACJA ALERGENNA Mo\u017ce zawiera\u0107 ZBO\u017bA ZAWIERAJ\u0104CE GLUTEN, ORZECHY, SEZAM. ZALECANE WARUNKI PRZECHOWYWANIAPrzechowywa\u0107 w [&hellip;]<\/p>","protected":false},"featured_media":5713,"comment_status":"closed","ping_status":"open","template":"","meta":{"_acf_changed":false},"product_brand":[],"product_cat":[36],"product_tag":[],"class_list":{"0":"post-5712","1":"product","2":"type-product","3":"status-publish","4":"has-post-thumbnail","6":"product_cat-dodatki-do-wypiekow-i-deserow","7":"pa_ean-matka-4605","8":"pa_gwarancja-przydatnosci-542","9":"pa_ilosc-w-opakowaniu-350","10":"pa_jednostka-podstawowa-szt","11":"pa_kod-cn-2918-14-00","12":"pa_masa-netto-347","13":"pa_objetosc-brutto-2791","14":"pa_producent-batom-oleje-soki-sole-kapielowe","15":"pa_producent-nazwa-adres-batom-pl-jozef-lesniak-hurtownia-zdrowej-zywnosci-generala-augusta-fieldorfa-nila-17-31-209-krakow","16":"pa_tagi-bez-cukru-w-skladnikach","17":"pa_tagi-bez-glutenu-w-skladnikach","18":"pa_tagi-weganski","19":"pa_tagi-wegetarianski","21":"first","22":"instock","23":"taxable","24":"shipping-taxable","25":"purchasable","26":"product-type-simple"},"acf":[],"_links":{"self":[{"href":"https:\/\/wiejskieprzysmaki.estima.site\/en\/wp-json\/wp\/v2\/product\/5712","targetHints":{"allow":["GET"]}}],"collection":[{"href":"https:\/\/wiejskieprzysmaki.estima.site\/en\/wp-json\/wp\/v2\/product"}],"about":[{"href":"https:\/\/wiejskieprzysmaki.estima.site\/en\/wp-json\/wp\/v2\/types\/product"}],"replies":[{"embeddable":true,"href":"https:\/\/wiejskieprzysmaki.estima.site\/en\/wp-json\/wp\/v2\/comments?post=5712"}],"wp:featuredmedia":[{"embeddable":true,"href":"https:\/\/wiejskieprzysmaki.estima.site\/en\/wp-json\/wp\/v2\/media\/5713"}],"wp:attachment":[{"href":"https:\/\/wiejskieprzysmaki.estima.site\/en\/wp-json\/wp\/v2\/media?parent=5712"}],"wp:term":[{"taxonomy":"product_brand","embeddable":true,"href":"https:\/\/wiejskieprzysmaki.estima.site\/en\/wp-json\/wp\/v2\/product_brand?post=5712"},{"taxonomy":"product_cat","embeddable":true,"href":"https:\/\/wiejskieprzysmaki.estima.site\/en\/wp-json\/wp\/v2\/product_cat?post=5712"},{"taxonomy":"product_tag","embeddable":true,"href":"https:\/\/wiejskieprzysmaki.estima.site\/en\/wp-json\/wp\/v2\/product_tag?post=5712"}],"curies":[{"name":"wp","href":"https:\/\/api.w.org\/{rel}","templated":true}]}}