{"id":5724,"date":"2025-02-18T11:09:04","date_gmt":"2025-02-18T10:09:04","guid":{"rendered":"https:\/\/wiejskieprzysmaki.estima.site\/produkt\/lizak-o-smaku-mango-z-witamina-d-i-c-bezglutenowy-6-g-mniam-mniam-starpharma\/"},"modified":"2025-02-20T15:13:45","modified_gmt":"2025-02-20T14:13:45","slug":"lizak-o-smaku-mango-z-witamina-d-i-c-bezglutenowy-6-g-mniam-mniam-starpharma","status":"publish","type":"product","link":"https:\/\/wiejskieprzysmaki.estima.site\/en\/product\/lizak-o-smaku-mango-z-witamina-d-i-c-bezglutenowy-6-g-mniam-mniam-starpharma\/","title":{"rendered":"LIZAK O SMAKU MANGO Z WITAMIN\u0104 D I C BEZGLUTENOWY 6 g &#8211; MNIAM MNIAM STARPHARMA"},"content":{"rendered":"<p>SK\u0141ADNIKI<br \/>substancja s\u0142odz\u0105ca: ksylitol, substancja wype\u0142niaj\u0105ca: izomalt, regulator kwasowo\u015bci: kwas cytrynowy, substancja przeciwzbrylaj\u0105ca: sole magnezowe kwas\u00f3w t\u0142uszczowych, naturalny aromat mango, substancja przeciwzbrylaj\u0105ca: guma arabska, suszone mango (0,3 %), witamina C (kwas L-askorbinowy), substancja s\u0142odz\u0105ca: glikozydy stewiolowe, barwnik: ekstrakt z papryki, kapsantyna, kapsorubina, witamina D (cholekalcyferol)  <\/p>\n<p>OPIS<br \/>Suplement diety. Lizak Mniam-Mniam o smaku mango zawiera zawiera substancje s\u0142odz\u0105ce: fi\u0144ski ksylitol oraz glikozydy stewiolowe. Spo\u017cywanie \u017cywno\u015bci zawieraj\u0105cej ksylitol zamiast cukru pomaga w zachowaniu mineralizacji z\u0119b\u00f3w. <br \/>Lizak zawiera witamin\u0119 D i C, k\u00f3re pomagaj\u0105 w prawid\u0142owym funkcjonowaniu uk\u0142adu odporno\u015bciowego. Witamina D pomaga w utrzymaniu zdrowych ko\u015bci, z\u0119b\u00f3w oraz prawid\u0142owym funkcjonowaniu mi\u0119\u015bni. Witamina D bierze udzia\u0142 w procesie podzia\u0142u kom\u00f3rek. <br \/>Witamina C pomaga w prawid\u0142owej produkcji kolagenu, w celu zapewnienia prawid\u0142owego funkcjonowania ko\u015bci, chrz\u0105stki, dzi\u0105se\u0142, sk\u00f3ry i z\u0119b\u00f3w. Produkt nie zawiera cukr\u00f3w i substancji konserwuj\u0105cych. Produkt bezglutenowy. Niejednorodny kolor lizaka wynika z zawarto\u015bci naturalnych sk\u0142adnik\u00f3w produktu.  <\/p>\n<p>WARTO\u015a\u0106 OD\u017bYWCZA W 100 g<br \/>Warto\u015b\u0107 energetyczna: 1039 kJ\/249 kcal  <br \/>T\u0142uszcz: 1,5 g  <br \/>w tym kwasy t\u0142uszczowe nasycone: 1,4 g  <br \/>W\u0119glowodany: 94 g  <br \/>w tym cukry: <0,5 g  <br \/>alkohole wielowodorotlenowe : 93 g  <br \/>B\u0142onnik: 0,8 g  <br \/>Bia\u0142ko: < 0,5 g  <br \/>S\u00f3l: 0,02 g<\/p>\n<p>Zawarto\u015b\u0107 w 1 lizaku:  <br \/>Witamina C: 12 mg (15 %*)  <br \/>Witamina D: 2,5 \u00b5g (50 %*)<\/p>\n<p>Zawarto\u015b\u0107 w 2 lizakach:  <br \/>Witamina C: 24 mg (30 %*)  <br \/>Witamina D: 5,0 \u00b5g (100 %*)<br \/>*dzienna referencyjna warto\u015b\u0107 spo\u017cycia witamin i sk\u0142adnik\u00f3w mineralnych (dla os\u00f3b doros\u0142ych).  <\/p>\n<p>ZALECANE SPO\u017bYCIE I INNE UWAGI<br \/>Zalecana porcja do spo\u017cycia w ci\u0105gu dnia niezb\u0119dna do uzyskania korzystnego dzia\u0142ania produku: spo\u017cywa\u0107 1-2 lizaki dziennie. Nie nale\u017cy przekracza\u0107 zalecanej porcji, tj. 2 lizak\u00f3w w ci\u0105gu dnia. Produkt przeznaczony jest dla os\u00f3b doros\u0142ych i dzieci powy\u017cej 3 roku \u017cycia.  <br \/>Suplement diety nie mo\u017ce by\u0107 stosowany jako substytut (zamiennik) zr\u00f3\u017cnicowanej diety. Nale\u017cy pami\u0119ta\u0107 o zr\u00f3wnowa\u017conym sposobie \u017cywienia i zdrowym trybie \u017cycia. Spo\u017cycie w nadmiernych ilo\u015bciach mo\u017ce mie\u0107 efekt przeczyszczaj\u0105cy.<\/p>\n<p>ZALECANE WARUNKI PRZECHOWYWANIA<br \/>Przechowywa\u0107 w temperaturze pokojowej, w suchym miejscu, w spos\u00f3b niedost\u0119pny dla ma\u0142ych dzieci.<\/p>","protected":false},"excerpt":{"rendered":"<p>SK\u0141ADNIKIsubstancja s\u0142odz\u0105ca: ksylitol, substancja wype\u0142niaj\u0105ca: izomalt, regulator kwasowo\u015bci: kwas cytrynowy, substancja przeciwzbrylaj\u0105ca: sole magnezowe kwas\u00f3w t\u0142uszczowych, naturalny aromat mango, substancja przeciwzbrylaj\u0105ca: guma arabska, suszone mango (0,3 %), witamina C (kwas L-askorbinowy), substancja s\u0142odz\u0105ca: glikozydy stewiolowe, barwnik: ekstrakt z papryki, kapsantyna, kapsorubina, witamina D (cholekalcyferol) OPISSuplement diety. Lizak Mniam-Mniam o smaku mango zawiera zawiera substancje s\u0142odz\u0105ce: [&hellip;]<\/p>","protected":false},"featured_media":5725,"comment_status":"closed","ping_status":"open","template":"","meta":{"_acf_changed":false},"product_brand":[],"product_cat":[3146,9057],"product_tag":[],"class_list":{"0":"post-5724","1":"product","2":"type-product","3":"status-publish","4":"has-post-thumbnail","6":"product_cat-inne","7":"product_cat-suplementy-diety","8":"pa_ean-matka-4617","9":"pa_gwarancja-przydatnosci-522","10":"pa_ilosc-w-opakowaniu-1287","11":"pa_jednostka-podstawowa-szt","12":"pa_kod-cn-2106-90-92","13":"pa_masa-netto-1383","14":"pa_objetosc-brutto-4615","15":"pa_producent-mniam-mniam-starpharma-lizaki","16":"pa_producent-nazwa-adres-starapharma-sp-z-o-o-ul-stawki-2-00-193-warszawa","17":"pa_tagi-bez-cukru-w-skladnikach","18":"pa_tagi-bez-glutenu-deklaracja","19":"pa_tagi-bez-glutenu-w-skladnikach","20":"pa_tagi-wegetarianski","22":"first","23":"instock","24":"taxable","25":"shipping-taxable","26":"purchasable","27":"product-type-simple"},"acf":[],"_links":{"self":[{"href":"https:\/\/wiejskieprzysmaki.estima.site\/en\/wp-json\/wp\/v2\/product\/5724","targetHints":{"allow":["GET"]}}],"collection":[{"href":"https:\/\/wiejskieprzysmaki.estima.site\/en\/wp-json\/wp\/v2\/product"}],"about":[{"href":"https:\/\/wiejskieprzysmaki.estima.site\/en\/wp-json\/wp\/v2\/types\/product"}],"replies":[{"embeddable":true,"href":"https:\/\/wiejskieprzysmaki.estima.site\/en\/wp-json\/wp\/v2\/comments?post=5724"}],"wp:featuredmedia":[{"embeddable":true,"href":"https:\/\/wiejskieprzysmaki.estima.site\/en\/wp-json\/wp\/v2\/media\/5725"}],"wp:attachment":[{"href":"https:\/\/wiejskieprzysmaki.estima.site\/en\/wp-json\/wp\/v2\/media?parent=5724"}],"wp:term":[{"taxonomy":"product_brand","embeddable":true,"href":"https:\/\/wiejskieprzysmaki.estima.site\/en\/wp-json\/wp\/v2\/product_brand?post=5724"},{"taxonomy":"product_cat","embeddable":true,"href":"https:\/\/wiejskieprzysmaki.estima.site\/en\/wp-json\/wp\/v2\/product_cat?post=5724"},{"taxonomy":"product_tag","embeddable":true,"href":"https:\/\/wiejskieprzysmaki.estima.site\/en\/wp-json\/wp\/v2\/product_tag?post=5724"}],"curies":[{"name":"wp","href":"https:\/\/api.w.org\/{rel}","templated":true}]}}