{"id":5738,"date":"2025-02-18T11:09:37","date_gmt":"2025-02-18T10:09:37","guid":{"rendered":"https:\/\/wiejskieprzysmaki.estima.site\/produkt\/erytrytol-1-kg-torebka-papierowa-piec-przemian\/"},"modified":"2025-02-18T11:09:40","modified_gmt":"2025-02-18T10:09:40","slug":"erytrytol-1-kg-torebka-papierowa-piec-przemian","status":"publish","type":"product","link":"https:\/\/wiejskieprzysmaki.estima.site\/en\/product\/erytrytol-1-kg-torebka-papierowa-piec-przemian\/","title":{"rendered":"ERYTRYTOL 1 kg (TOREBKA PAPIEROWA) &#8211; PI\u0118\u0106 PRZEMIAN"},"content":{"rendered":"<p>SK\u0141ADNIKI <br \/>Erytrytol (substancja s\u0142odz\u0105ca) 100%<\/p>\n<p>OPIS  <br \/>Naturalna substancja s\u0142odz\u0105ca sk\u0142adaj\u0105ca si\u0119 z polioli, czyli alkoholi wielowodorotlenowych.<br \/>Erytrytol ma zerowy indeks glikemiczny i nie zawiera kalorii. <br \/>Mo\u017cna stosowa\u0107 go do s\u0142odzenia, gotowania i pieczenia. Jest troch\u0119 mniej s\u0142odki ni\u017c cukier. Jego s\u0142odko\u015b\u0107 w por\u00f3wnaniu do bia\u0142ego cukru to ok. 75 %.<\/p>\n<p>WARTO\u015a\u0106 OD\u017bYWCZA W 100 g <br \/>Warto\u015b\u0107 energetyczna: 0 kJ\/0 kcal  <br \/>T\u0142uszcz: 0 g  <br \/>w tym kwasy t\u0142uszczowe nasycone: 0 g  <br \/>W\u0119glowodany: 99,78 g  <br \/>w tym cukry: 0 g  <br \/>w tym alkohole wielowodorotlenowe: 99,78 g  <br \/>Bia\u0142ko: 0 g  <br \/>S\u00f3l: 0 g<\/p>\n<p>UWAGA  <br \/>Spo\u017cycie w nadmiernych ilo\u015bciach mo\u017ce mie\u0107 efekt przeczyszczaj\u0105cy.<\/p>\n<p>ZALECANE WARUNKI PRZECHOWYWANIA <br \/>Przechowywa\u0107 w suchym i ch\u0142odnym miejscu.<\/p>","protected":false},"excerpt":{"rendered":"<p>SK\u0141ADNIKI Erytrytol (substancja s\u0142odz\u0105ca) 100% OPIS Naturalna substancja s\u0142odz\u0105ca sk\u0142adaj\u0105ca si\u0119 z polioli, czyli alkoholi wielowodorotlenowych.Erytrytol ma zerowy indeks glikemiczny i nie zawiera kalorii. Mo\u017cna stosowa\u0107 go do s\u0142odzenia, gotowania i pieczenia. Jest troch\u0119 mniej s\u0142odki ni\u017c cukier. Jego s\u0142odko\u015b\u0107 w por\u00f3wnaniu do bia\u0142ego cukru to ok. 75 %. WARTO\u015a\u0106 OD\u017bYWCZA W 100 g Warto\u015b\u0107 [&hellip;]<\/p>","protected":false},"featured_media":5739,"comment_status":"closed","ping_status":"open","template":"","meta":{"_acf_changed":false},"product_brand":[],"product_cat":[329,304],"product_tag":[],"class_list":{"0":"post-5738","1":"product","2":"type-product","3":"status-publish","4":"has-post-thumbnail","6":"product_cat-cukry-slodziki-owoce-sproszkowane","7":"product_cat-slodziki","8":"pa_ean-matka-4628","9":"pa_gwarancja-przydatnosci-522","10":"pa_ilosc-w-opakowaniu-401","11":"pa_jednostka-podstawowa-szt","12":"pa_kod-cn-2905-49-00","13":"pa_kraj-pochodzenia-skladnikow-chiny","14":"pa_masa-netto-209","15":"pa_objetosc-brutto-403","16":"pa_producent-piec-przemian-produkty-spozywcze","17":"pa_producent-nazwa-adres-simpatiko-s-c-ul-luze-20-05-092-dabrowa","18":"pa_tagi-bez-cukru-w-skladnikach","19":"pa_tagi-bez-glutenu-w-skladnikach","20":"pa_tagi-weganski","21":"pa_tagi-wegetarianski","23":"first","24":"instock","25":"taxable","26":"shipping-taxable","27":"purchasable","28":"product-type-simple"},"acf":[],"_links":{"self":[{"href":"https:\/\/wiejskieprzysmaki.estima.site\/en\/wp-json\/wp\/v2\/product\/5738","targetHints":{"allow":["GET"]}}],"collection":[{"href":"https:\/\/wiejskieprzysmaki.estima.site\/en\/wp-json\/wp\/v2\/product"}],"about":[{"href":"https:\/\/wiejskieprzysmaki.estima.site\/en\/wp-json\/wp\/v2\/types\/product"}],"replies":[{"embeddable":true,"href":"https:\/\/wiejskieprzysmaki.estima.site\/en\/wp-json\/wp\/v2\/comments?post=5738"}],"wp:featuredmedia":[{"embeddable":true,"href":"https:\/\/wiejskieprzysmaki.estima.site\/en\/wp-json\/wp\/v2\/media\/5739"}],"wp:attachment":[{"href":"https:\/\/wiejskieprzysmaki.estima.site\/en\/wp-json\/wp\/v2\/media?parent=5738"}],"wp:term":[{"taxonomy":"product_brand","embeddable":true,"href":"https:\/\/wiejskieprzysmaki.estima.site\/en\/wp-json\/wp\/v2\/product_brand?post=5738"},{"taxonomy":"product_cat","embeddable":true,"href":"https:\/\/wiejskieprzysmaki.estima.site\/en\/wp-json\/wp\/v2\/product_cat?post=5738"},{"taxonomy":"product_tag","embeddable":true,"href":"https:\/\/wiejskieprzysmaki.estima.site\/en\/wp-json\/wp\/v2\/product_tag?post=5738"}],"curies":[{"name":"wp","href":"https:\/\/api.w.org\/{rel}","templated":true}]}}