{"id":5754,"date":"2025-02-18T11:09:37","date_gmt":"2025-02-18T10:09:37","guid":{"rendered":"https:\/\/wiejskieprzysmaki.estima.site\/produkt\/dla-psa-doroslego-karma-z-wolowina-pokrzywa-i-pomidorem-bio-405-g-yarrah\/"},"modified":"2025-02-20T15:09:05","modified_gmt":"2025-02-20T14:09:05","slug":"dla-psa-doroslego-karma-z-wolowina-pokrzywa-i-pomidorem-bio-405-g-yarrah","status":"publish","type":"product","link":"https:\/\/wiejskieprzysmaki.estima.site\/en\/product\/dla-psa-doroslego-karma-z-wolowina-pokrzywa-i-pomidorem-bio-405-g-yarrah\/","title":{"rendered":"(DLA PSA DOROS\u0141EGO) KARMA Z WO\u0141OWIN\u0104, POKRZYW\u0104 I POMIDOREM BIO 405 g &#8211; YARRAH"},"content":{"rendered":"<p>SK\u0141ADNIKI<br \/>mi\u0119so i produkty pochodzenia zwierz\u0119cego* 35 % (wo\u0142owina* 5 %), zbo\u017ca* (PSZENICA* 6 %), substancje mineralne, produkty pochodzenia ro\u015blinnego* (pokrzywa* 0,2 %, pomidory* 0,2 %). (*certyfikowany sk\u0142adnik ekologiczny). <\/p>\n<p>OPIS<br \/>Karma dla psa pe\u0142noporcjowa.  <\/p>\n<p>SK\u0141ADNIKI ANALITYCZNE<br \/>bia\u0142ko surowe: 7 %<br \/>w\u0142\u00f3kno surowe: 0,4 %<br \/>zawarto\u015b\u0107 t\u0142uszczu: 5 %<br \/>popi\u00f3\u0142 surowy: 2 %<br \/>wilgotno\u015b\u0107: 81 %<br \/>w\u0119glowodany: 4,6 %<br \/>warto\u015b\u0107 energetyczna: 89 kcal\/100 g<\/p>\n<p>ZALECANE DZIENNE KARMIENIE<br \/>pies 3 kg: 245\/285 g<br \/>pies 5 kg: 360\/420 g<br \/>pies 10 kg: 610\/705 g<br \/>pies 20 kg: 1025\/1190 g<br \/>pies 30 kg: 1385\/1615 g<br \/>pies 40 kg: 1720\/2000 g <br \/>(ma\u0142a aktywno\u015b\u0107 lub \u015brednia aktywno\u015b\u0107)<\/p>\n<p>UWAGA<br \/>Podawa\u0107 w temperaturze pokojowej. Nale\u017cy dostosowa\u0107 ilo\u015b\u0107 karmy do poziomu aktywno\u015bci i kondycji psa. Nale\u017cy zapewni\u0107 zwierz\u0119ciu sta\u0142y dost\u0119p do \u015bwie\u017cej wody. <\/p>\n<p>ZALECANE WARUNKI PRZECHOWYWANIA<br \/>Przechowywa\u0107 w ch\u0142odnym i suchym miejscu. Po otwarciu przechowywa\u0107 w lod\u00f3wce i spo\u017cy\u0107 w ci\u0105gu 2 dni. <\/p>","protected":false},"excerpt":{"rendered":"<p>SK\u0141ADNIKImi\u0119so i produkty pochodzenia zwierz\u0119cego* 35 % (wo\u0142owina* 5 %), zbo\u017ca* (PSZENICA* 6 %), substancje mineralne, produkty pochodzenia ro\u015blinnego* (pokrzywa* 0,2 %, pomidory* 0,2 %). (*certyfikowany sk\u0142adnik ekologiczny). OPISKarma dla psa pe\u0142noporcjowa. SK\u0141ADNIKI ANALITYCZNEbia\u0142ko surowe: 7 %w\u0142\u00f3kno surowe: 0,4 %zawarto\u015b\u0107 t\u0142uszczu: 5 %popi\u00f3\u0142 surowy: 2 %wilgotno\u015b\u0107: 81 %w\u0119glowodany: 4,6 %warto\u015b\u0107 energetyczna: 89 kcal\/100 g ZALECANE [&hellip;]<\/p>","protected":false},"featured_media":5755,"comment_status":"closed","ping_status":"open","template":"","meta":{"_acf_changed":false},"product_brand":[],"product_cat":[9054],"product_tag":[],"class_list":{"0":"post-5754","1":"product","2":"type-product","3":"status-publish","4":"has-post-thumbnail","6":"product_cat-karma-dla-zwierzat","7":"pa_ean-matka-4638","8":"pa_gwarancja-przydatnosci-718","9":"pa_ilosc-w-opakowaniu-374","10":"pa_jednostka-podstawowa-szt","11":"pa_kod-cn-2309-10-11","12":"pa_masa-netto-4635","13":"pa_objetosc-brutto-1091","14":"pa_producent-yarrah-karma-dla-kotow-i-psow","15":"pa_producent-nazwa-adres-premium-petfood-brands-b-v-putterweg-5-ermelo-postal-p-o-box-1214-nl-3840-be-harderwijk-the-netherlands","16":"pa_tagi-bez-cukru-w-skladnikach","17":"pa_tagi-certyfikat-bio","19":"first","20":"instock","21":"taxable","22":"shipping-taxable","23":"purchasable","24":"product-type-simple"},"acf":[],"_links":{"self":[{"href":"https:\/\/wiejskieprzysmaki.estima.site\/en\/wp-json\/wp\/v2\/product\/5754","targetHints":{"allow":["GET"]}}],"collection":[{"href":"https:\/\/wiejskieprzysmaki.estima.site\/en\/wp-json\/wp\/v2\/product"}],"about":[{"href":"https:\/\/wiejskieprzysmaki.estima.site\/en\/wp-json\/wp\/v2\/types\/product"}],"replies":[{"embeddable":true,"href":"https:\/\/wiejskieprzysmaki.estima.site\/en\/wp-json\/wp\/v2\/comments?post=5754"}],"wp:featuredmedia":[{"embeddable":true,"href":"https:\/\/wiejskieprzysmaki.estima.site\/en\/wp-json\/wp\/v2\/media\/5755"}],"wp:attachment":[{"href":"https:\/\/wiejskieprzysmaki.estima.site\/en\/wp-json\/wp\/v2\/media?parent=5754"}],"wp:term":[{"taxonomy":"product_brand","embeddable":true,"href":"https:\/\/wiejskieprzysmaki.estima.site\/en\/wp-json\/wp\/v2\/product_brand?post=5754"},{"taxonomy":"product_cat","embeddable":true,"href":"https:\/\/wiejskieprzysmaki.estima.site\/en\/wp-json\/wp\/v2\/product_cat?post=5754"},{"taxonomy":"product_tag","embeddable":true,"href":"https:\/\/wiejskieprzysmaki.estima.site\/en\/wp-json\/wp\/v2\/product_tag?post=5754"}],"curies":[{"name":"wp","href":"https:\/\/api.w.org\/{rel}","templated":true}]}}