{"id":5782,"date":"2025-02-18T11:10:04","date_gmt":"2025-02-18T10:10:04","guid":{"rendered":"https:\/\/wiejskieprzysmaki.estima.site\/produkt\/herbatka-rooibos-bio-20-x-2-g-40-g-clipper\/"},"modified":"2025-02-18T11:10:12","modified_gmt":"2025-02-18T10:10:12","slug":"herbatka-rooibos-bio-20-x-2-g-40-g-clipper","status":"publish","type":"product","link":"https:\/\/wiejskieprzysmaki.estima.site\/en\/product\/herbatka-rooibos-bio-20-x-2-g-40-g-clipper\/","title":{"rendered":"HERBATKA ROOIBOS BIO (20 x 2 g) 40 g &#8211; CLIPPER"},"content":{"rendered":"<p>SK\u0141ADNIKI  <br \/>herbatka rooibos* (*certyfikowany sk\u0142adnik ekologiczny)<\/p>\n<p>OPIS <br \/>Herbatka z czerwonokrzewu.<\/p>\n<p>SPOS\u00d3B PRZYGOTOWANIA  <br \/>Saszetk\u0119 zala\u0107 250 ml wrz\u0105cej wody i zaparza\u0107 przez 2-5 minut.<\/p>\n<p>ZALECANE WARUNKI PRZECHOWYWANIA <br \/>Przechowywa\u0107 w suchym i ch\u0142odnym miejscu.<\/p>","protected":false},"excerpt":{"rendered":"<p>SK\u0141ADNIKI herbatka rooibos* (*certyfikowany sk\u0142adnik ekologiczny) OPIS Herbatka z czerwonokrzewu. SPOS\u00d3B PRZYGOTOWANIA Saszetk\u0119 zala\u0107 250 ml wrz\u0105cej wody i zaparza\u0107 przez 2-5 minut. ZALECANE WARUNKI PRZECHOWYWANIA Przechowywa\u0107 w suchym i ch\u0142odnym miejscu.<\/p>","protected":false},"featured_media":5783,"comment_status":"closed","ping_status":"open","template":"","meta":{"_acf_changed":false},"product_brand":[],"product_cat":[2306,282],"product_tag":[],"class_list":{"0":"post-5782","1":"product","2":"type-product","3":"status-publish","4":"has-post-thumbnail","6":"product_cat-biale-czerwone-rooibos","7":"product_cat-herbaty-i-ziola","8":"pa_ean-matka-4656","9":"pa_gwarancja-przydatnosci-1922","10":"pa_ilosc-w-opakowaniu-543","11":"pa_jednostka-podstawowa-szt","12":"pa_kod-cn-1212-99-95","13":"pa_masa-netto-351","14":"pa_objetosc-brutto-4644","15":"pa_producent-clipper-herbaty-i-herbatki","16":"pa_producent-nazwa-adres-2-river-view-meadows-business-park-station-approach-blackwater-camberley-surrey-gu17-9ab-great-britain","17":"pa_tagi-bez-cukru-w-skladnikach","18":"pa_tagi-bez-glutenu-w-skladnikach","19":"pa_tagi-certyfikat-bio","20":"pa_tagi-weganski","21":"pa_tagi-wegetarianski","23":"first","24":"instock","25":"taxable","26":"shipping-taxable","27":"purchasable","28":"product-type-simple"},"acf":[],"_links":{"self":[{"href":"https:\/\/wiejskieprzysmaki.estima.site\/en\/wp-json\/wp\/v2\/product\/5782","targetHints":{"allow":["GET"]}}],"collection":[{"href":"https:\/\/wiejskieprzysmaki.estima.site\/en\/wp-json\/wp\/v2\/product"}],"about":[{"href":"https:\/\/wiejskieprzysmaki.estima.site\/en\/wp-json\/wp\/v2\/types\/product"}],"replies":[{"embeddable":true,"href":"https:\/\/wiejskieprzysmaki.estima.site\/en\/wp-json\/wp\/v2\/comments?post=5782"}],"wp:featuredmedia":[{"embeddable":true,"href":"https:\/\/wiejskieprzysmaki.estima.site\/en\/wp-json\/wp\/v2\/media\/5783"}],"wp:attachment":[{"href":"https:\/\/wiejskieprzysmaki.estima.site\/en\/wp-json\/wp\/v2\/media?parent=5782"}],"wp:term":[{"taxonomy":"product_brand","embeddable":true,"href":"https:\/\/wiejskieprzysmaki.estima.site\/en\/wp-json\/wp\/v2\/product_brand?post=5782"},{"taxonomy":"product_cat","embeddable":true,"href":"https:\/\/wiejskieprzysmaki.estima.site\/en\/wp-json\/wp\/v2\/product_cat?post=5782"},{"taxonomy":"product_tag","embeddable":true,"href":"https:\/\/wiejskieprzysmaki.estima.site\/en\/wp-json\/wp\/v2\/product_tag?post=5782"}],"curies":[{"name":"wp","href":"https:\/\/api.w.org\/{rel}","templated":true}]}}