{"id":5790,"date":"2025-02-18T11:10:04","date_gmt":"2025-02-18T10:10:04","guid":{"rendered":"https:\/\/wiejskieprzysmaki.estima.site\/produkt\/borowka-do-mies-serow-i-deserow-bio-200-g-runoland\/"},"modified":"2025-02-18T11:10:16","modified_gmt":"2025-02-18T10:10:16","slug":"borowka-do-mies-serow-i-deserow-bio-200-g-runoland","status":"publish","type":"product","link":"https:\/\/wiejskieprzysmaki.estima.site\/en\/product\/borowka-do-mies-serow-i-deserow-bio-200-g-runoland\/","title":{"rendered":"BOR\u00d3WKA DO MI\u0118S, SER\u00d3W I DESER\u00d3W BIO 200 g &#8211; RUNOLAND"},"content":{"rendered":"<p>SK\u0141ADNIKI <br \/>bor\u00f3wka brusznica* (Vaccinium vitis-idaea), cukier trzcinowy*, substancja zag\u0119szczaj\u0105ca &#8211; pektyny, sok z cytyryn* (*certyfikowany sk\u0142adnik ekologiczny)<\/p>\n<p>OPIS  <br \/>Produkt pasteryzowany. Sporz\u0105dzono z 80 g owoc\u00f3w na 100 g wyrobu gotowego. Produkt otrzymany przez wysma\u017canie owoc\u00f3w. <\/p>\n<p>WARTO\u015a\u0106 OD\u017bYWCZA W 100  <br \/>Warto\u015b\u0107 energetyczna &#8211; 415 kJ\/99 kcal  <br \/>T\u0142uszcz &#8211; 0,3 g  <br \/>w tym kwasy t\u0142uszczowe nasycone &#8211; 0,1 g  <br \/>W\u0119glowodany &#8211; 26 g  <br \/>w tym cukry &#8211; 21 g  <br \/>Bia\u0142ko &#8211; 2,2 g  <br \/>S\u00f3l &#8211; 0 g<\/p>\n<p>ZALECANE WARUNKI PRZECHOWYWANIA  <br \/>Przechowywa\u0107 w suchym i ch\u0142odnym miejscu. Po otwarciu przechowywa\u0107 w temperaturze +4 stopni Celsjusza.<\/p>","protected":false},"excerpt":{"rendered":"<p>SK\u0141ADNIKI bor\u00f3wka brusznica* (Vaccinium vitis-idaea), cukier trzcinowy*, substancja zag\u0119szczaj\u0105ca &#8211; pektyny, sok z cytyryn* (*certyfikowany sk\u0142adnik ekologiczny) OPIS Produkt pasteryzowany. Sporz\u0105dzono z 80 g owoc\u00f3w na 100 g wyrobu gotowego. Produkt otrzymany przez wysma\u017canie owoc\u00f3w. WARTO\u015a\u0106 OD\u017bYWCZA W 100 Warto\u015b\u0107 energetyczna &#8211; 415 kJ\/99 kcal T\u0142uszcz &#8211; 0,3 g w tym kwasy t\u0142uszczowe nasycone &#8211; [&hellip;]<\/p>","protected":false},"featured_media":5791,"comment_status":"closed","ping_status":"open","template":"","meta":{"_acf_changed":false},"product_brand":[],"product_cat":[999,998],"product_tag":[],"class_list":{"0":"post-5790","1":"product","2":"type-product","3":"status-publish","4":"has-post-thumbnail","6":"product_cat-dzemy-konfitury-musy","7":"product_cat-przetwory-warzywne-i-owocowe","8":"pa_ean-matka-4660","9":"pa_gwarancja-przydatnosci-324","10":"pa_ilosc-w-opakowaniu-298","11":"pa_jednostka-podstawowa-szt","12":"pa_kod-cn-2008-99-67","13":"pa_kraj-pochodzenia-skladnikow-polska","14":"pa_masa-netto-354","15":"pa_objetosc-brutto-2045","16":"pa_producent-runoland-grzyby-zupy-przetwory","17":"pa_producent-nazwa-adres-runoland-sp-z-organiczona-odpowiedzialnoscia-sp-j-podwale-11-56-200-gora","18":"pa_tagi-bez-glutenu-w-skladnikach","19":"pa_tagi-certyfikat-bio","20":"pa_tagi-weganski","21":"pa_tagi-wegetarianski","23":"first","24":"instock","25":"taxable","26":"shipping-taxable","27":"purchasable","28":"product-type-simple"},"acf":[],"_links":{"self":[{"href":"https:\/\/wiejskieprzysmaki.estima.site\/en\/wp-json\/wp\/v2\/product\/5790","targetHints":{"allow":["GET"]}}],"collection":[{"href":"https:\/\/wiejskieprzysmaki.estima.site\/en\/wp-json\/wp\/v2\/product"}],"about":[{"href":"https:\/\/wiejskieprzysmaki.estima.site\/en\/wp-json\/wp\/v2\/types\/product"}],"replies":[{"embeddable":true,"href":"https:\/\/wiejskieprzysmaki.estima.site\/en\/wp-json\/wp\/v2\/comments?post=5790"}],"wp:featuredmedia":[{"embeddable":true,"href":"https:\/\/wiejskieprzysmaki.estima.site\/en\/wp-json\/wp\/v2\/media\/5791"}],"wp:attachment":[{"href":"https:\/\/wiejskieprzysmaki.estima.site\/en\/wp-json\/wp\/v2\/media?parent=5790"}],"wp:term":[{"taxonomy":"product_brand","embeddable":true,"href":"https:\/\/wiejskieprzysmaki.estima.site\/en\/wp-json\/wp\/v2\/product_brand?post=5790"},{"taxonomy":"product_cat","embeddable":true,"href":"https:\/\/wiejskieprzysmaki.estima.site\/en\/wp-json\/wp\/v2\/product_cat?post=5790"},{"taxonomy":"product_tag","embeddable":true,"href":"https:\/\/wiejskieprzysmaki.estima.site\/en\/wp-json\/wp\/v2\/product_tag?post=5790"}],"curies":[{"name":"wp","href":"https:\/\/api.w.org\/{rel}","templated":true}]}}