{"id":5800,"date":"2025-02-18T11:10:04","date_gmt":"2025-02-18T10:10:04","guid":{"rendered":"https:\/\/wiejskieprzysmaki.estima.site\/produkt\/amarantus-ekspandowany-bio-100-g-helpa\/"},"modified":"2025-02-18T11:10:20","modified_gmt":"2025-02-18T10:10:20","slug":"amarantus-ekspandowany-bio-100-g-helpa","status":"publish","type":"product","link":"https:\/\/wiejskieprzysmaki.estima.site\/en\/product\/amarantus-ekspandowany-bio-100-g-helpa\/","title":{"rendered":"AMARANTUS EKSPANDOWANY BIO 100 g &#8211; HELPA"},"content":{"rendered":"<p>SK\u0141ADNIKI<br \/>100 % amarantus ekspandowany* (*certyfikowany sk\u0142adnik ekologiczny)<\/p>\n<p>OPIS<br \/>Sprawdzi si\u0119 idealnie w po\u0142\u0105czeniu z mlekiem, jogurtem, jako sk\u0142adnik musli, jako posypka do deseru, kaszki i zawsze wtedy, gdy potrzebujesz warto\u015bciowego dodatku zbo\u017cowego. Bez dodatku cukr\u00f3w. Zawiera naturalnie wyst\u0119puj\u0105ce cukry.  <\/p>\n<p>WARTO\u015a\u0106 OD\u017bYWCZA W 100 g<br \/>Warto\u015b\u0107 energetyczna: 1564 kJ\/370 kcal  <br \/>T\u0142uszcz: 4,3 g  <br \/>w tym kwasy t\u0142uszczowe nasycone: 0,8 g  <br \/>W\u0119glowodany: 70 g  <br \/>w tym cukry: 2,1 g  <br \/>B\u0142onnik: 8,1 g  <br \/>Bia\u0142ko: 8,8 g  <br \/>S\u00f3l: <0,01 g\n\nINFORMACJA ALERGENNA  <br \/>Na terenie zak\u0142adu przetwarzane s\u0105 surowce glutenowe.<\/p>\n<p>ZALECANE WARUNKI PRZECHOWYWANIA<br \/>Przechowywa\u0107 w suchym i ch\u0142odnym miejscu. Chroni\u0107 przed \u015bwiat\u0142em. Po otwarciu szczelnie zamkn\u0105\u0107 opakowanie.  <\/p>","protected":false},"excerpt":{"rendered":"<p>SK\u0141ADNIKI100 % amarantus ekspandowany* (*certyfikowany sk\u0142adnik ekologiczny) OPISSprawdzi si\u0119 idealnie w po\u0142\u0105czeniu z mlekiem, jogurtem, jako sk\u0142adnik musli, jako posypka do deseru, kaszki i zawsze wtedy, gdy potrzebujesz warto\u015bciowego dodatku zbo\u017cowego. Bez dodatku cukr\u00f3w. Zawiera naturalnie wyst\u0119puj\u0105ce cukry. WARTO\u015a\u0106 OD\u017bYWCZA W 100 gWarto\u015b\u0107 energetyczna: 1564 kJ\/370 kcal T\u0142uszcz: 4,3 g w tym kwasy t\u0142uszczowe nasycone: [&hellip;]<\/p>","protected":false},"featured_media":5801,"comment_status":"closed","ping_status":"open","template":"","meta":{"_acf_changed":false},"product_brand":[],"product_cat":[266,265],"product_tag":[],"class_list":{"0":"post-5800","1":"product","2":"type-product","3":"status-publish","4":"has-post-thumbnail","6":"product_cat-nasiona-ekspandowane","7":"product_cat-sniadaniowe","8":"pa_ean-matka-4668","9":"pa_gwarancja-przydatnosci-535","10":"pa_ilosc-w-opakowaniu-298","11":"pa_jednostka-podstawowa-szt","12":"pa_kod-cn-1904-10-90","13":"pa_masa-netto-242","14":"pa_objetosc-brutto-4667","15":"pa_producent-helpa-kaszki","16":"pa_producent-nazwa-adres-helpa-spolka-z-ograniczona-odpowiedzialnoscia-spolka-komandytowa-zabia-40-05-504-henrykow-urocze","17":"pa_tagi-bez-cukru-w-skladnikach","18":"pa_tagi-bez-glutenu-w-skladnikach","19":"pa_tagi-certyfikat-bio","20":"pa_tagi-weganski","21":"pa_tagi-wegetarianski","23":"first","24":"instock","25":"taxable","26":"shipping-taxable","27":"purchasable","28":"product-type-simple"},"acf":[],"_links":{"self":[{"href":"https:\/\/wiejskieprzysmaki.estima.site\/en\/wp-json\/wp\/v2\/product\/5800","targetHints":{"allow":["GET"]}}],"collection":[{"href":"https:\/\/wiejskieprzysmaki.estima.site\/en\/wp-json\/wp\/v2\/product"}],"about":[{"href":"https:\/\/wiejskieprzysmaki.estima.site\/en\/wp-json\/wp\/v2\/types\/product"}],"replies":[{"embeddable":true,"href":"https:\/\/wiejskieprzysmaki.estima.site\/en\/wp-json\/wp\/v2\/comments?post=5800"}],"wp:featuredmedia":[{"embeddable":true,"href":"https:\/\/wiejskieprzysmaki.estima.site\/en\/wp-json\/wp\/v2\/media\/5801"}],"wp:attachment":[{"href":"https:\/\/wiejskieprzysmaki.estima.site\/en\/wp-json\/wp\/v2\/media?parent=5800"}],"wp:term":[{"taxonomy":"product_brand","embeddable":true,"href":"https:\/\/wiejskieprzysmaki.estima.site\/en\/wp-json\/wp\/v2\/product_brand?post=5800"},{"taxonomy":"product_cat","embeddable":true,"href":"https:\/\/wiejskieprzysmaki.estima.site\/en\/wp-json\/wp\/v2\/product_cat?post=5800"},{"taxonomy":"product_tag","embeddable":true,"href":"https:\/\/wiejskieprzysmaki.estima.site\/en\/wp-json\/wp\/v2\/product_tag?post=5800"}],"curies":[{"name":"wp","href":"https:\/\/api.w.org\/{rel}","templated":true}]}}