{"id":5812,"date":"2025-02-18T11:10:04","date_gmt":"2025-02-18T10:10:04","guid":{"rendered":"https:\/\/wiejskieprzysmaki.estima.site\/produkt\/olej-kokosowy-virgin-bio-670-ml-bio-food\/"},"modified":"2025-02-18T11:10:24","modified_gmt":"2025-02-18T10:10:24","slug":"olej-kokosowy-virgin-bio-670-ml-bio-food","status":"publish","type":"product","link":"https:\/\/wiejskieprzysmaki.estima.site\/en\/product\/olej-kokosowy-virgin-bio-670-ml-bio-food\/","title":{"rendered":"OLEJ KOKOSOWY VIRGIN BIO 670 ml &#8211; BIO FOOD"},"content":{"rendered":"<p>SK\u0141ADNIKI<br \/>ekologiczny olej kokosowy nierafinowany, z pierwszego t\u0142oczenia, t\u0142oczony na zimno.<\/p>\n<p>WARTO\u015a\u0106 OD\u017bYWCZA W 100 g <br \/>Warto\u015b\u0107 energetyczna: 3760 kJ\/900 kcal<br \/>T\u0142uszcz: 100 g<br \/>w tym kwasy t\u0142uszczowe nasycone: 91 g<br \/>W\u0119glowodany: 0 g<br \/>w tym cukry: 0 g<br \/>Bia\u0142ko: 0 g<br \/>S\u00f3l: 0 g<\/p>\n<p>UWAGA<br \/>Zestalanie si\u0119 oleju w temperaturze pokojowej jest jego cecha naturaln\u0105 i nie wp\u0142ywa na jako\u015b\u0107 produktu.  <\/p>\n<p>ZALECANE WARUNKI PRZECHOWYWANIA<br \/>Przechowywa\u0107 w suchym i ch\u0142odnym miejscu. Po otwarciu przechowywa\u0107 w temperaturze 4\u00b0C.<\/p>","protected":false},"excerpt":{"rendered":"<p>SK\u0141ADNIKIekologiczny olej kokosowy nierafinowany, z pierwszego t\u0142oczenia, t\u0142oczony na zimno. WARTO\u015a\u0106 OD\u017bYWCZA W 100 g Warto\u015b\u0107 energetyczna: 3760 kJ\/900 kcalT\u0142uszcz: 100 gw tym kwasy t\u0142uszczowe nasycone: 91 gW\u0119glowodany: 0 gw tym cukry: 0 gBia\u0142ko: 0 gS\u00f3l: 0 g UWAGAZestalanie si\u0119 oleju w temperaturze pokojowej jest jego cecha naturaln\u0105 i nie wp\u0142ywa na jako\u015b\u0107 produktu. ZALECANE [&hellip;]<\/p>","protected":false},"featured_media":5813,"comment_status":"closed","ping_status":"open","template":"","meta":{"_acf_changed":false},"product_brand":[],"product_cat":[993,994],"product_tag":[],"class_list":{"0":"post-5812","1":"product","2":"type-product","3":"status-publish","4":"has-post-thumbnail","6":"product_cat-oleje-i-oliwy","7":"product_cat-stale-kokosowe-kakaowe-shea","8":"pa_ean-matka-4681","9":"pa_gwarancja-przydatnosci-522","10":"pa_ilosc-w-opakowaniu-298","11":"pa_jednostka-podstawowa-szt","12":"pa_kod-cn-1513-19-19","13":"pa_objetosc-brutto-1326","14":"pa_objetosc-netto-4678","15":"pa_producent-bio-food-soki-przetwory-octy-olej-kokosowy","16":"pa_producent-nazwa-adres-zywnosc-ekologiczna-bio-food-sp-z-o-o-87-408-ciechocin-ul-ciechocin-32","17":"pa_tagi-bez-cukru-w-skladnikach","18":"pa_tagi-bez-glutenu-w-skladnikach","19":"pa_tagi-certyfikat-bio","20":"pa_tagi-weganski","21":"pa_tagi-wegetarianski","23":"first","24":"instock","25":"taxable","26":"shipping-taxable","27":"purchasable","28":"product-type-simple"},"acf":[],"_links":{"self":[{"href":"https:\/\/wiejskieprzysmaki.estima.site\/en\/wp-json\/wp\/v2\/product\/5812","targetHints":{"allow":["GET"]}}],"collection":[{"href":"https:\/\/wiejskieprzysmaki.estima.site\/en\/wp-json\/wp\/v2\/product"}],"about":[{"href":"https:\/\/wiejskieprzysmaki.estima.site\/en\/wp-json\/wp\/v2\/types\/product"}],"replies":[{"embeddable":true,"href":"https:\/\/wiejskieprzysmaki.estima.site\/en\/wp-json\/wp\/v2\/comments?post=5812"}],"wp:featuredmedia":[{"embeddable":true,"href":"https:\/\/wiejskieprzysmaki.estima.site\/en\/wp-json\/wp\/v2\/media\/5813"}],"wp:attachment":[{"href":"https:\/\/wiejskieprzysmaki.estima.site\/en\/wp-json\/wp\/v2\/media?parent=5812"}],"wp:term":[{"taxonomy":"product_brand","embeddable":true,"href":"https:\/\/wiejskieprzysmaki.estima.site\/en\/wp-json\/wp\/v2\/product_brand?post=5812"},{"taxonomy":"product_cat","embeddable":true,"href":"https:\/\/wiejskieprzysmaki.estima.site\/en\/wp-json\/wp\/v2\/product_cat?post=5812"},{"taxonomy":"product_tag","embeddable":true,"href":"https:\/\/wiejskieprzysmaki.estima.site\/en\/wp-json\/wp\/v2\/product_tag?post=5812"}],"curies":[{"name":"wp","href":"https:\/\/api.w.org\/{rel}","templated":true}]}}