{"id":5818,"date":"2025-02-18T11:10:25","date_gmt":"2025-02-18T10:10:25","guid":{"rendered":"https:\/\/wiejskieprzysmaki.estima.site\/produkt\/maslo-klarowane-ghee-bio-250-g-bio-planet\/"},"modified":"2025-02-20T15:21:40","modified_gmt":"2025-02-20T14:21:40","slug":"maslo-klarowane-ghee-bio-250-g-bio-planet","status":"publish","type":"product","link":"https:\/\/wiejskieprzysmaki.estima.site\/en\/product\/maslo-klarowane-ghee-bio-250-g-bio-planet\/","title":{"rendered":"MAS\u0141O KLAROWANE GHEE BIO 250 g &#8211; BIO PLANET"},"content":{"rendered":"<p>SK\u0141ADNIKI<br \/>bezwodny t\u0142uszcz MLECZNY (z MAS\u0141A*) (*certyfikowany sk\u0142adnik ekologiczny)<\/p>\n<p>OPIS<br \/>MAS\u0141O klarowane polecamy do pieczenia, duszenia, sma\u017cenia lub jako dodatek do potraw w celu wzmocnienia smaku.  <\/p>\n<p>WARTO\u015a\u0106 OD\u017bYWCZA W 100 g<br \/>Wartosc energetyczna: 3751 kJ \/ 896   kcal  <br \/>T\u0142uszcz: 99,5 g  <br \/>w tym kwasy t\u0142uszczowe nasycone: 65   g  <br \/>Weglowodany: 0,1 g  <br \/>w tym cukry: 0,1 g  <br \/>Bia\u0142ko: 0,1 g  <br \/>S\u00f3l: 0 g<\/p>\n<p>ZALECANE WARUNKI PRZECHOWYWANIA<br \/>Przechowywa\u0107 w suchym i ch\u0142odnym miejscu. Po otwarciu przechowywa\u0107 w warunkach ch\u0142odniczych w temp. od + 2 \u00b0C do + 6 \u00b0C.<\/p>","protected":false},"excerpt":{"rendered":"<p>SK\u0141ADNIKIbezwodny t\u0142uszcz MLECZNY (z MAS\u0141A*) (*certyfikowany sk\u0142adnik ekologiczny) OPISMAS\u0141O klarowane polecamy do pieczenia, duszenia, sma\u017cenia lub jako dodatek do potraw w celu wzmocnienia smaku. WARTO\u015a\u0106 OD\u017bYWCZA W 100 gWartosc energetyczna: 3751 kJ \/ 896 kcal T\u0142uszcz: 99,5 g w tym kwasy t\u0142uszczowe nasycone: 65 g Weglowodany: 0,1 g w tym cukry: 0,1 g Bia\u0142ko: 0,1 [&hellip;]<\/p>","protected":false},"featured_media":5819,"comment_status":"closed","ping_status":"open","template":"","meta":{"_acf_changed":false},"product_brand":[],"product_cat":[2787,335],"product_tag":[],"class_list":{"0":"post-5818","1":"product","2":"type-product","3":"status-publish","4":"has-post-thumbnail","6":"product_cat-maslo-ghee-z-dodatkami","7":"product_cat-nabial","8":"pa_ean-matka-4684","9":"pa_gwarancja-przydatnosci-324","10":"pa_ilosc-w-opakowaniu-298","11":"pa_jednostka-podstawowa-szt","12":"pa_kod-cn-0405-90-90","13":"pa_kraj-pochodzenia-skladnikow-polska","14":"pa_masa-netto-480","15":"pa_objetosc-brutto-3571","16":"pa_producent-bio-planet-seria-inne","17":"pa_producent-nazwa-adres-bio-planet-s-a-wilkowa-wies-7-05-084-leszno","18":"pa_tagi-bez-cukru-w-skladnikach","19":"pa_tagi-bez-glutenu-w-skladnikach","20":"pa_tagi-certyfikat-bio","21":"pa_tagi-wegetarianski","23":"first","24":"instock","25":"taxable","26":"shipping-taxable","27":"purchasable","28":"product-type-simple"},"acf":[],"_links":{"self":[{"href":"https:\/\/wiejskieprzysmaki.estima.site\/en\/wp-json\/wp\/v2\/product\/5818","targetHints":{"allow":["GET"]}}],"collection":[{"href":"https:\/\/wiejskieprzysmaki.estima.site\/en\/wp-json\/wp\/v2\/product"}],"about":[{"href":"https:\/\/wiejskieprzysmaki.estima.site\/en\/wp-json\/wp\/v2\/types\/product"}],"replies":[{"embeddable":true,"href":"https:\/\/wiejskieprzysmaki.estima.site\/en\/wp-json\/wp\/v2\/comments?post=5818"}],"wp:featuredmedia":[{"embeddable":true,"href":"https:\/\/wiejskieprzysmaki.estima.site\/en\/wp-json\/wp\/v2\/media\/5819"}],"wp:attachment":[{"href":"https:\/\/wiejskieprzysmaki.estima.site\/en\/wp-json\/wp\/v2\/media?parent=5818"}],"wp:term":[{"taxonomy":"product_brand","embeddable":true,"href":"https:\/\/wiejskieprzysmaki.estima.site\/en\/wp-json\/wp\/v2\/product_brand?post=5818"},{"taxonomy":"product_cat","embeddable":true,"href":"https:\/\/wiejskieprzysmaki.estima.site\/en\/wp-json\/wp\/v2\/product_cat?post=5818"},{"taxonomy":"product_tag","embeddable":true,"href":"https:\/\/wiejskieprzysmaki.estima.site\/en\/wp-json\/wp\/v2\/product_tag?post=5818"}],"curies":[{"name":"wp","href":"https:\/\/api.w.org\/{rel}","templated":true}]}}