{"id":5820,"date":"2025-02-18T11:10:25","date_gmt":"2025-02-18T10:10:25","guid":{"rendered":"https:\/\/wiejskieprzysmaki.estima.site\/produkt\/probiotyczny-ekstrakt-ziolowy-probioborelio-bezglutenowy-bio-2-x-300-ml-600-ml-joy-day-ziola-jedrzeja\/"},"modified":"2025-02-20T15:13:44","modified_gmt":"2025-02-20T14:13:44","slug":"probiotyczny-ekstrakt-ziolowy-probioborelio-bezglutenowy-bio-2-x-300-ml-600-ml-joy-day-ziola-jedrzeja","status":"publish","type":"product","link":"https:\/\/wiejskieprzysmaki.estima.site\/en\/product\/probiotyczny-ekstrakt-ziolowy-probioborelio-bezglutenowy-bio-2-x-300-ml-600-ml-joy-day-ziola-jedrzeja\/","title":{"rendered":"PROBIOTYCZNY EKSTRAKT ZIO\u0141OWY PROBIOBORELIO BEZGLUTENOWY BIO (2 x 300 ml) 600 ml &#8211; JOY DAY (ZIO\u0141A J\u0118DRZEJA)"},"content":{"rendered":"<p>SK\u0141ADNIKI EKOLOGICZNE  <br \/>Probiotyczny ekstrakt ro\u015blinny Zio\u0142a J\u0119drzeja ProbioBorelio I  <br \/>ekstrakt z fermentowanych sk\u0142adnik\u00f3w ro\u015blinnych 100% [w tym: korze\u0144 kurkumy (33,1%), korze\u0144 imbiru* (33,1%), cebula czosnku (14%), korze\u0144 \u017ce\u0144-szenia syberyjskiego (8,2%), korze\u0144 arcydzi\u0119gla (5%), ziarna pieprzu czarnego (3,3%), ziele oregano (3,3%), zestaw \u017cywych i aktywnych szczep\u00f3w bakterii probiotycznych w formie p\u0142ynnej (min. 2&#215;10*7 jtk\/ml) w tym: Lactobacillus rhamnosus GG, L. rhamnosus LR 04, L. rhamnosus LR 05, L. acidophilus LA 1, L. delbrueckii ssp. bulgaricus LB 2, L. casei 101\/37, L. plantarum LP 02, L. plantarum LP 01, L. fermentum LF2, Bifidobacterium breve BL 10, B. breve Bbr 8, B. longum BL 03, B. animalis ssp. lactis Bi 1, Streptococcus thermophilus Z 57, S. thermophilus 9 Y.  <br \/>Probiotyczny ekstrakt ro\u015blinny Zio\u0142a J\u0119drzeja ProbioBorelio II <br \/>ekstrakt z fermentowanych sk\u0142adnik\u00f3w ro\u015blinnych 100% [w tym: ziele moringi (36,7%) korze\u0144 vilcacora (12,2%) ziele czystka (7,3%) ziele szczeci pospolitej (7,3%) ziele rdestu ptasiego (7,3%) owoce g\u0142ogu (7,3%) kwiat czarnego bzu (7,3%) ziele skrzypu polnego (7,3%) korze\u0144 hakoro\u015bli \u2013 czarci pazur (7,3%) zestaw \u017cywych i aktywnych  szczep\u00f3w bakterii probiotycznych w formie p\u0142ynnej (min. 2&#215;10*7 jtk\/ml) w tym: Lactobacillus rhamnosus GG, L. rhamnosus LR 04, L. rhamnosus LR 05, L. acidophilus LA 1, L. delbrueckii ssp. bulgaricus LB 2, L. casei 101\/37, L. plantarum LP 02, L. plantarum LP 01, L. fermentum LF2, Bifidobacterium breve BL 10, B. breve Bbr 8, B. longum BL 03, B. animalis ssp. lactis Bi 1, Streptococcus thermophilus Z 57, S. thermophilus 9 Y.  <\/p>\n<p>OPIS  <br \/>Opakowanie zawiera: Probiotyczny ekstrakt ro\u015blinny Zio\u0142a J\u0119drzeja ProbioBorelio I, Probiotyczny ekstrakt ro\u015blinny Zio\u0142a J\u0119drzeja ProbioBorelio II.  <br \/>Charakteryzuje si\u0119 \u015bwie\u017cym zio\u0142owym aromatem i naturalnym orze\u017awiaj\u0105cym smakiem. Bez dodatku cukr\u00f3w i substancji s\u0142odz\u0105cych. Zawiera naturalnie wyst\u0119puj\u0105ce cukry. Produkt nieklarowany, niepasteryzowany.  <\/p>\n<p>WARTO\u015a\u0106 OD\u017bYWCZA w 100 ml <br \/>Probiotyczny ekstrakt ro\u015blinny Zio\u0142a J\u0119drzeja ProbioBorelio I  <br \/>Warto\u015b\u0107 energetyczna &#8211; 72 kJ\/17 kcal  <br \/>T\u0142uszcz &#8211; 0 g  <br \/>w tym kwasy t\u0142uszczowe nasycone &#8211; 0 g  <br \/>W\u0119glowodany &#8211; 3,8 g  <br \/>w tym cukry &#8211; <0,5 g  <br \/>B\u0142onnik &#8211; <0,5 g  <br \/>Bia\u0142ko &#8211; <0,5 g  <br \/>S\u00f3l &#8211; <0,01 g\n\nProbiotyczny ekstrakt ro\u015blinny Zio\u0142a J\u0119drzeja ProbioBorelio II  <br \/>Warto\u015b\u0107 energetyczna &#8211; 247 kJ\/59 kcal  <br \/>T\u0142uszcz &#8211; 0 g  <br \/>w tym kwasy t\u0142uszczowe nasycone &#8211; 0 g  <br \/>W\u0119glowodany &#8211; 12 g  <br \/>w tym cukry &#8211; <1,5 g  <br \/>B\u0142onnik &#8211; <1,5 g  <br \/>Bia\u0142ko &#8211; <2,0 g  <br \/>S\u00f3l &#8211; 0,06 g<\/p>\n<p>ZALECANE SPO\u017bYCIE I INNE UWAGI  <br \/>7,5 ml 2 razy dziennie (rano i wieczorem) rozcie\u0144czony w ok. 50 ml wody lub innego napoju. ProbioBorelio I nale\u017cy przyjmowa\u0107 razem z ProbioBorelio II (ka\u017cdy z produkt\u00f3w po 7,5 ml 2 razy dziennie).<br \/>Przed otwarciem butelki, zawarto\u015b\u0107 zdecydowanie wymiesza\u0107. Nie przekracza\u0107 dziennej zalecanej porcji do spo\u017cycia. <br \/>Suplement diety nie mo\u017ce by\u0107 stosowany jako substytut zr\u00f3\u017cnicowanej diety. <br \/>Kwasowo\u015b\u0107 suplementu oraz mog\u0105ce powstawa\u0107: osad na dnie butelki, bia\u0142y nalot na powierzchni, gazy s\u0105 naturalnym efektem procesu fermentacji.  <\/p>\n<p>ZALECANE WARUNKI PRZECHOWYWANIA  <br \/>Szczelnie dokr\u0119con\u0105 butelk\u0119 przechowywa\u0107 w miejscu ch\u0142odnym i przyciemnionym. Po otwarciu spo\u017cy\u0107 w ci\u0105gu 30 dni. Przechowywa\u0107 w spos\u00f3b niedost\u0119pny dla ma\u0142ych dzieci.  <\/p>","protected":false},"excerpt":{"rendered":"<p>SK\u0141ADNIKI EKOLOGICZNE Probiotyczny ekstrakt ro\u015blinny Zio\u0142a J\u0119drzeja ProbioBorelio I ekstrakt z fermentowanych sk\u0142adnik\u00f3w ro\u015blinnych 100% [w tym: korze\u0144 kurkumy (33,1%), korze\u0144 imbiru* (33,1%), cebula czosnku (14%), korze\u0144 \u017ce\u0144-szenia syberyjskiego (8,2%), korze\u0144 arcydzi\u0119gla (5%), ziarna pieprzu czarnego (3,3%), ziele oregano (3,3%), zestaw \u017cywych i aktywnych szczep\u00f3w bakterii probiotycznych w formie p\u0142ynnej (min. 2&#215;10*7 jtk\/ml) w tym: [&hellip;]<\/p>","protected":false},"featured_media":5821,"comment_status":"closed","ping_status":"open","template":"","meta":{"_acf_changed":false},"product_brand":[],"product_cat":[3711,9057],"product_tag":[],"class_list":{"0":"post-5820","1":"product","2":"type-product","3":"status-publish","4":"has-post-thumbnail","6":"product_cat-produkty-w-plynie","7":"product_cat-suplementy-diety","8":"pa_ean-matka-4688","9":"pa_gwarancja-przydatnosci-324","10":"pa_ilosc-w-opakowaniu-543","11":"pa_jednostka-podstawowa-szt","12":"pa_kod-cn-2106-90-98","13":"pa_kraj-pochodzenia-skladnikow-polska","14":"pa_objetosc-brutto-4686","15":"pa_objetosc-netto-4685","16":"pa_producent-joy-day-napoje-probiotyczne","17":"pa_producent-nazwa-adres-flow-day-distribution-kuba-chmielewski-ul-piatkowska-84e-60-649-poznan","18":"pa_tagi-bez-cukru-w-skladnikach","19":"pa_tagi-bez-glutenu-deklaracja","20":"pa_tagi-bez-glutenu-w-skladnikach","21":"pa_tagi-certyfikat-bio","22":"pa_tagi-weganski","23":"pa_tagi-wegetarianski","25":"first","26":"instock","27":"taxable","28":"shipping-taxable","29":"purchasable","30":"product-type-simple"},"acf":[],"_links":{"self":[{"href":"https:\/\/wiejskieprzysmaki.estima.site\/en\/wp-json\/wp\/v2\/product\/5820","targetHints":{"allow":["GET"]}}],"collection":[{"href":"https:\/\/wiejskieprzysmaki.estima.site\/en\/wp-json\/wp\/v2\/product"}],"about":[{"href":"https:\/\/wiejskieprzysmaki.estima.site\/en\/wp-json\/wp\/v2\/types\/product"}],"replies":[{"embeddable":true,"href":"https:\/\/wiejskieprzysmaki.estima.site\/en\/wp-json\/wp\/v2\/comments?post=5820"}],"wp:featuredmedia":[{"embeddable":true,"href":"https:\/\/wiejskieprzysmaki.estima.site\/en\/wp-json\/wp\/v2\/media\/5821"}],"wp:attachment":[{"href":"https:\/\/wiejskieprzysmaki.estima.site\/en\/wp-json\/wp\/v2\/media?parent=5820"}],"wp:term":[{"taxonomy":"product_brand","embeddable":true,"href":"https:\/\/wiejskieprzysmaki.estima.site\/en\/wp-json\/wp\/v2\/product_brand?post=5820"},{"taxonomy":"product_cat","embeddable":true,"href":"https:\/\/wiejskieprzysmaki.estima.site\/en\/wp-json\/wp\/v2\/product_cat?post=5820"},{"taxonomy":"product_tag","embeddable":true,"href":"https:\/\/wiejskieprzysmaki.estima.site\/en\/wp-json\/wp\/v2\/product_tag?post=5820"}],"curies":[{"name":"wp","href":"https:\/\/api.w.org\/{rel}","templated":true}]}}