{"id":5822,"date":"2025-02-18T11:10:25","date_gmt":"2025-02-18T10:10:25","guid":{"rendered":"https:\/\/wiejskieprzysmaki.estima.site\/produkt\/suplement-diety-oczyszczanie-100-ml-pasoleq\/"},"modified":"2025-02-20T15:13:44","modified_gmt":"2025-02-20T14:13:44","slug":"suplement-diety-oczyszczanie-100-ml-pasoleq","status":"publish","type":"product","link":"https:\/\/wiejskieprzysmaki.estima.site\/en\/product\/suplement-diety-oczyszczanie-100-ml-pasoleq\/","title":{"rendered":"SUPLEMENT DIETY OCZYSZCZANIE 100 ml &#8211; PASOLEQ"},"content":{"rendered":"<p>SK\u0141ADNIKI <br \/>woda oczyszczona, ekstrakt z \u0142upiny orzecha szarego, ekstrakt z \u0142upiny orzecha w\u0142oskiego, ekstrakt z ziela pio\u0142unu, ekstrakt z nasion czarnuszki, ekstrakt z pestek dyni, ekstrakt z kopru w\u0142oskiego, ekstrakt z korzenia prawo\u015blazu, ekstrakt z go\u017adzik\u00f3w, ekstrakt z rozmarynu, substancja konserwuj\u0105ca: sorbinian potasu. Ekstrakt z rozmarynu pe\u0142ni r\u00f3wnie\u017c funkcj\u0119 konserwuj\u0105c\u0105. Zawiera wodne wyci\u0105gi z zi\u00f3\u0142.<\/p>\n<p>Zawarto\u015b\u0107 sk\u0142adnik\u00f3w w porcji dziennej produktu 2 ml (40 kropli)<br \/>ekstrakt z \u0142upiny orzecha szarego DER 10:1 &#8211; 20 mg <br \/>ekstrakt z \u0142upiny orzecha w\u0142oskiego DER 10:1 &#8211; 20 mg <br \/>ekstrakt z ziele pio\u0142unu DER 10: 1 &#8211; 20 mg <br \/>ekstrakt z nasiona czarnuszki DER 10: 1 &#8211; 20 mg <br \/>ekstrakt z pestki dyni DER 10:1 &#8211; 20 mg <br \/>ekstrakt z kopru w\u0142oskiego DER 10:1 &#8211; 20 mg <br \/>ekstrakt z korzenia prawo\u015blazu DER 10:1 &#8211; 20 mg <br \/>ekstrakt z go\u017adzik\u00f3w DER 10:1 &#8211; 20 mg <br \/>ekstrakt z rozmarynu, karnozol + kwas karnozowy 10 % &#8211; 4 mg<\/p>\n<p>OPIS <br \/>Zio\u0142owy suplement diety. Sk\u0142adniki zio\u0142owe wykazuj\u0105 dzia\u0142anie synergiczne i bezpo\u015brednio lub po\u015brednio spe\u0142niaj\u0105 funkcje oczyszczania organizmu przez wspieranie prawid\u0142owego funkcjonowania dr\u00f3g moczowych, trawienia, wydalania, perystaltyki jelit. <br \/>Nasiona czarnuszki wspomagaj\u0105 utrzymanie prawid\u0142owego poziomu glukozy we krwi.<br \/>Pestki dyni przyczyniaj\u0105 si\u0119 do utrzymania prawid\u0142owej funkcji dr\u00f3g moczowych.<br \/>Koper w\u0142oski wspomaga trawienie i wydalanie, wspiera zdrowie przewodu pokarmowego, wykazuje dzia\u0142anie wiatrop\u0119dne.<br \/>Korze\u0144 prawo\u015blazu wspomaga perystaltyk\u0119 jelit.<br \/>Rozmaryn zawiera przeciwutleniacz karnozol, wspiera utrzymanie fizjologicznych funkcji oczyszczaj\u0105cych, wspomaga uk\u0142ad odporno\u015bciowy. <\/p>\n<p>ZALECANE SPO\u017bYCIE I INNE UWAGI<br \/>&#8211; Doro\u015bli: 2 razy dziennie po 40 kropli (2 razy po 2 ml) na 30 minut przed posi\u0142kiem przez okres 7 dni. <br \/>&#8211; Dzieci powy\u017cej 6-go roku \u017cycia: 2 razy dziennie po 15 kropli (2 razy po 0,7 ml) na 30 minut przed posi\u0142kiem przez okres 7 dni. <br \/>Maksymalna porcja dzienna wynosi 80 kropli (4 ml) <br \/>Zalecana porcja do spo\u017cycia niezb\u0119dna do uzyskania korzystnego dzia\u0142ania produktu: 40 kropli (2 ml). <br \/>Nie zaleca si\u0119 stosowania produktu cz\u0119\u015bciej ni\u017c raz na trzy miesi\u0105ce. Nie przekracza\u0107 zalecanej porcji do spo\u017cycia w ci\u0105gu dnia. <br \/>Suplement diety nie mo\u017ce by\u0107 stosowany jako substytut (zamiennik) zr\u00f3\u017cnicowanej diety. Zr\u00f3wnowa\u017cony spos\u00f3b \u017cywienia i prawid\u0142owy tryb \u017cycia jest wa\u017cny dla funkcjonowania organizmu cz\u0142owieka. <br \/>Przed u\u017cyciem wstrz\u0105sn\u0105\u0107. <br \/>Nie stosowa\u0107 w przypadku nadwra\u017cliwo\u015bci na kt\u00f3rykolwiek ze sk\u0142adnik\u00f3w produktu. <br \/>Nie stosowa\u0107 u dzieci poni\u017cej 18 lat, kobiet w ci\u0105\u017cy oraz karmi\u0105cych piersi\u0105.<br \/>Ka\u017cda partia suplementu diety przesz\u0142a niezale\u017cne analizy laboratoryjne na zawarto\u015b\u0107 tujon\u00f3w w swoim sk\u0142adzie. Zawarto\u015b\u0107 tujon\u00f3w w dawce dobowej jest bezpieczna dla konsument\u00f3w i nie stanowi potencjalnego zagro\u017cenia dla organizmu ludzkiego, zgodnie z przyj\u0119tymi i obowi\u0105zuj\u0105cymi normami. <\/p>\n<p>ZALECANE WARUNKI PRZECHOWYWANIA <br \/>Przechowywa\u0107 w temperaturze pokojowej 15 &#8211; 25 \u00b0C. Przechowywa\u0107 w spos\u00f3b niedost\u0119pny dla ma\u0142ych dzieci. <\/p>","protected":false},"excerpt":{"rendered":"<p>SK\u0141ADNIKI woda oczyszczona, ekstrakt z \u0142upiny orzecha szarego, ekstrakt z \u0142upiny orzecha w\u0142oskiego, ekstrakt z ziela pio\u0142unu, ekstrakt z nasion czarnuszki, ekstrakt z pestek dyni, ekstrakt z kopru w\u0142oskiego, ekstrakt z korzenia prawo\u015blazu, ekstrakt z go\u017adzik\u00f3w, ekstrakt z rozmarynu, substancja konserwuj\u0105ca: sorbinian potasu. Ekstrakt z rozmarynu pe\u0142ni r\u00f3wnie\u017c funkcj\u0119 konserwuj\u0105c\u0105. Zawiera wodne wyci\u0105gi z zi\u00f3\u0142. [&hellip;]<\/p>","protected":false},"featured_media":5823,"comment_status":"closed","ping_status":"open","template":"","meta":{"_acf_changed":false},"product_brand":[],"product_cat":[3711,9057],"product_tag":[],"class_list":{"0":"post-5822","1":"product","2":"type-product","3":"status-publish","4":"has-post-thumbnail","6":"product_cat-produkty-w-plynie","7":"product_cat-suplementy-diety","8":"pa_ean-matka-4692","9":"pa_gwarancja-przydatnosci-320","10":"pa_ilosc-w-opakowaniu-327","11":"pa_jednostka-podstawowa-szt","12":"pa_kod-cn-2106-90-98","13":"pa_objetosc-brutto-4690","14":"pa_objetosc-netto-468","15":"pa_producent-pasolek-suplement-diety","16":"pa_producent-nazwa-adres-grupa-lek-pharma-spolka-z-ograniczona-odpowiedzialnoscia-ul-rownolegla-8-42-600-tarnowskie-gory","17":"pa_tagi-bez-cukru-w-skladnikach","18":"pa_tagi-bez-glutenu-w-skladnikach","19":"pa_tagi-weganski","20":"pa_tagi-wegetarianski","22":"first","23":"instock","24":"taxable","25":"shipping-taxable","26":"purchasable","27":"product-type-simple"},"acf":[],"_links":{"self":[{"href":"https:\/\/wiejskieprzysmaki.estima.site\/en\/wp-json\/wp\/v2\/product\/5822","targetHints":{"allow":["GET"]}}],"collection":[{"href":"https:\/\/wiejskieprzysmaki.estima.site\/en\/wp-json\/wp\/v2\/product"}],"about":[{"href":"https:\/\/wiejskieprzysmaki.estima.site\/en\/wp-json\/wp\/v2\/types\/product"}],"replies":[{"embeddable":true,"href":"https:\/\/wiejskieprzysmaki.estima.site\/en\/wp-json\/wp\/v2\/comments?post=5822"}],"wp:featuredmedia":[{"embeddable":true,"href":"https:\/\/wiejskieprzysmaki.estima.site\/en\/wp-json\/wp\/v2\/media\/5823"}],"wp:attachment":[{"href":"https:\/\/wiejskieprzysmaki.estima.site\/en\/wp-json\/wp\/v2\/media?parent=5822"}],"wp:term":[{"taxonomy":"product_brand","embeddable":true,"href":"https:\/\/wiejskieprzysmaki.estima.site\/en\/wp-json\/wp\/v2\/product_brand?post=5822"},{"taxonomy":"product_cat","embeddable":true,"href":"https:\/\/wiejskieprzysmaki.estima.site\/en\/wp-json\/wp\/v2\/product_cat?post=5822"},{"taxonomy":"product_tag","embeddable":true,"href":"https:\/\/wiejskieprzysmaki.estima.site\/en\/wp-json\/wp\/v2\/product_tag?post=5822"}],"curies":[{"name":"wp","href":"https:\/\/api.w.org\/{rel}","templated":true}]}}