{"id":5838,"date":"2025-02-18T11:10:25","date_gmt":"2025-02-18T10:10:25","guid":{"rendered":"https:\/\/wiejskieprzysmaki.estima.site\/produkt\/herbatka-tymiankowa-bio-80-g-dary-natury\/"},"modified":"2025-02-18T11:10:36","modified_gmt":"2025-02-18T10:10:36","slug":"herbatka-tymiankowa-bio-80-g-dary-natury","status":"publish","type":"product","link":"https:\/\/wiejskieprzysmaki.estima.site\/en\/product\/herbatka-tymiankowa-bio-80-g-dary-natury\/","title":{"rendered":"HERBATKA TYMIANKOWA BIO 80 g &#8211; DARY NATURY"},"content":{"rendered":"<p>SK\u0141ADNIKI <br \/>tymianek* 51 %, r\u00f3\u017ca owoc*, sosna p\u0105czki*, grindelia*, malwa czarna* (* certyfikowany sk\u0142adnik ekologiczny)<\/p>\n<p>OPIS<br \/>Kompozycja najwy\u017cszej jako\u015bci, starannie wyselekcjonowanych, ekologicznych surowc\u00f3w. W sk\u0142ad herbatki wchodz\u0105 zio\u0142a i owoce o bardzo cennych w\u0142a\u015bciwo\u015bciach. Tymianek, sosna i grindelia dzia\u0142aj\u0105 koj\u0105co na drogi oddechowe. R\u00f3\u017ca wspiera uk\u0142ad odporno\u015bciowy. Tymianek wykazuje r\u00f3wnie\u017c dzia\u0142anie antybakteryjnie, a tak\u017ce od\u015bwie\u017ca oddech.<\/p>\n<p>SPOS\u00d3B PRZYGOTOWANIA <br \/>Jedn\u0105 \u0142y\u017ceczk\u0119 herbatki zala\u0107 szklank\u0105 wrz\u0105tku i pozostawi\u0107 pod przykryciem do zaparzenia na oko\u0142o 10-15 minut. Pi\u0107 2 razy dziennie.<\/p>\n<p>WARTO\u015a\u0106 OD\u017bYWCZA W 100 ml NAPARU  <br \/>Warto\u015b\u0107 energetyczna: 9 kJ \/ 2 kcal  <br \/>T\u0142uszcz: 0 g  <br \/>w tym kwasy t\u0142uszczowe nasycone: 0 g  <br \/>W\u0119glowdany: 0,4 g  <br \/>w tym cukry: 0,2  g  <br \/>Bia\u0142ko: 0,1 g  <br \/>S\u00f3l: 0 g<\/p>\n<p>ZALECANE WARUNKI PRZECHOWYWANIA  <br \/>Przechowywa\u0107 w suchym miejscu.<\/p>","protected":false},"excerpt":{"rendered":"<p>SK\u0141ADNIKI tymianek* 51 %, r\u00f3\u017ca owoc*, sosna p\u0105czki*, grindelia*, malwa czarna* (* certyfikowany sk\u0142adnik ekologiczny) OPISKompozycja najwy\u017cszej jako\u015bci, starannie wyselekcjonowanych, ekologicznych surowc\u00f3w. W sk\u0142ad herbatki wchodz\u0105 zio\u0142a i owoce o bardzo cennych w\u0142a\u015bciwo\u015bciach. Tymianek, sosna i grindelia dzia\u0142aj\u0105 koj\u0105co na drogi oddechowe. R\u00f3\u017ca wspiera uk\u0142ad odporno\u015bciowy. Tymianek wykazuje r\u00f3wnie\u017c dzia\u0142anie antybakteryjnie, a tak\u017ce od\u015bwie\u017ca oddech. [&hellip;]<\/p>","protected":false},"featured_media":5839,"comment_status":"closed","ping_status":"open","template":"","meta":{"_acf_changed":false},"product_brand":[],"product_cat":[282,478],"product_tag":[],"class_list":{"0":"post-5838","1":"product","2":"type-product","3":"status-publish","4":"has-post-thumbnail","6":"product_cat-herbaty-i-ziola","7":"product_cat-ziolowe-owocowe-mieszanki","8":"pa_ean-matka-4706","9":"pa_gwarancja-przydatnosci-522","10":"pa_ilosc-w-opakowaniu-454","11":"pa_jednostka-podstawowa-szt","12":"pa_kod-cn-2106-90-92","13":"pa_masa-netto-1271","14":"pa_objetosc-brutto-4705","15":"pa_producent-dary-natury-herbatki","16":"pa_producent-nazwa-adres-miroslaw-angielczyk-dary-natury-koryciny-73-17-315-grodzisk","17":"pa_tagi-bez-cukru-w-skladnikach","18":"pa_tagi-bez-glutenu-w-skladnikach","19":"pa_tagi-certyfikat-bio","20":"pa_tagi-weganski","21":"pa_tagi-wegetarianski","23":"first","24":"instock","25":"taxable","26":"shipping-taxable","27":"purchasable","28":"product-type-simple"},"acf":[],"_links":{"self":[{"href":"https:\/\/wiejskieprzysmaki.estima.site\/en\/wp-json\/wp\/v2\/product\/5838","targetHints":{"allow":["GET"]}}],"collection":[{"href":"https:\/\/wiejskieprzysmaki.estima.site\/en\/wp-json\/wp\/v2\/product"}],"about":[{"href":"https:\/\/wiejskieprzysmaki.estima.site\/en\/wp-json\/wp\/v2\/types\/product"}],"replies":[{"embeddable":true,"href":"https:\/\/wiejskieprzysmaki.estima.site\/en\/wp-json\/wp\/v2\/comments?post=5838"}],"wp:featuredmedia":[{"embeddable":true,"href":"https:\/\/wiejskieprzysmaki.estima.site\/en\/wp-json\/wp\/v2\/media\/5839"}],"wp:attachment":[{"href":"https:\/\/wiejskieprzysmaki.estima.site\/en\/wp-json\/wp\/v2\/media?parent=5838"}],"wp:term":[{"taxonomy":"product_brand","embeddable":true,"href":"https:\/\/wiejskieprzysmaki.estima.site\/en\/wp-json\/wp\/v2\/product_brand?post=5838"},{"taxonomy":"product_cat","embeddable":true,"href":"https:\/\/wiejskieprzysmaki.estima.site\/en\/wp-json\/wp\/v2\/product_cat?post=5838"},{"taxonomy":"product_tag","embeddable":true,"href":"https:\/\/wiejskieprzysmaki.estima.site\/en\/wp-json\/wp\/v2\/product_tag?post=5838"}],"curies":[{"name":"wp","href":"https:\/\/api.w.org\/{rel}","templated":true}]}}