{"id":5850,"date":"2025-02-18T11:10:25","date_gmt":"2025-02-18T10:10:25","guid":{"rendered":"https:\/\/wiejskieprzysmaki.estima.site\/produkt\/cukier-trzcinowy-jasny-bio-5-kg-horeca-bio-planet\/"},"modified":"2025-02-18T11:10:39","modified_gmt":"2025-02-18T10:10:39","slug":"cukier-trzcinowy-jasny-bio-5-kg-horeca-bio-planet","status":"publish","type":"product","link":"https:\/\/wiejskieprzysmaki.estima.site\/en\/product\/cukier-trzcinowy-jasny-bio-5-kg-horeca-bio-planet\/","title":{"rendered":"CUKIER TRZCINOWY JASNY BIO 5 kg &#8211; HORECA (BIO PLANET)"},"content":{"rendered":"<p>SK\u0141ADNIKI<br \/>ekologiczny cukier trzcinowy jasny 100 %. <\/p>\n<p>OPIS<br \/>Ekologiczny cukier trzcinowy jasny charakteryzuje si\u0119 wysok\u0105 rozpuszczalno\u015bci\u0105. Doskona\u0142y jako dodatek do wypiek\u00f3w, deser\u00f3w oraz s\u0142odzenia ciep\u0142ych napoj\u00f3w. Dopuszczalne lekkie zbrylenia cukru, daj\u0105ce si\u0119 rozkruszy\u0107 po lekkim naci\u015bni\u0119ciu. <\/p>\n<p>WARTO\u015a\u0106 OD\u017bYWCZA W 100 g<br \/>warto\u015b\u0107 energetyczna: 1700 kJ\/400 kcal<br \/>T\u0142uszcz: 0 g<br \/>w tym kwasy t\u0142uszczowe nasycone: 0 g<br \/>W\u0119glowodany: 100 g<br \/>w tym cukry: 100 g<br \/>Bia\u0142ko: 0 g<br \/>S\u00f3l: 0 g<\/p>\n<p>ZALECANE WARUNKI PRZECHOWYWANIA<br \/>Przechowywa\u0107 w suchym i ch\u0142odnym miejscu.<\/p>","protected":false},"excerpt":{"rendered":"<p>SK\u0141ADNIKIekologiczny cukier trzcinowy jasny 100 %. OPISEkologiczny cukier trzcinowy jasny charakteryzuje si\u0119 wysok\u0105 rozpuszczalno\u015bci\u0105. Doskona\u0142y jako dodatek do wypiek\u00f3w, deser\u00f3w oraz s\u0142odzenia ciep\u0142ych napoj\u00f3w. Dopuszczalne lekkie zbrylenia cukru, daj\u0105ce si\u0119 rozkruszy\u0107 po lekkim naci\u015bni\u0119ciu. WARTO\u015a\u0106 OD\u017bYWCZA W 100 gwarto\u015b\u0107 energetyczna: 1700 kJ\/400 kcalT\u0142uszcz: 0 gw tym kwasy t\u0142uszczowe nasycone: 0 gW\u0119glowodany: 100 gw tym cukry: [&hellip;]<\/p>","protected":false},"featured_media":5851,"comment_status":"closed","ping_status":"open","template":"","meta":{"_acf_changed":false},"product_brand":[],"product_cat":[329,304],"product_tag":[],"class_list":{"0":"post-5850","1":"product","2":"type-product","3":"status-publish","4":"has-post-thumbnail","6":"product_cat-cukry-slodziki-owoce-sproszkowane","7":"product_cat-slodziki","8":"pa_ean-matka-856","9":"pa_ean-matka-4715","10":"pa_gwarancja-przydatnosci-301","11":"pa_ilosc-w-opakowaniu-340","12":"pa_jednostka-podstawowa-szt","13":"pa_kod-cn-1701-13-90","14":"pa_kraj-pochodzenia-skladnikow-kolumbia","15":"pa_masa-netto-1488","16":"pa_objetosc-brutto-1815","17":"pa_producent-horeca-bio-pozostale","18":"pa_producent-nazwa-adres-bio-planet-s-a-wilkowa-wies-7-05-084-leszno","19":"pa_tagi-bez-glutenu-w-skladnikach","20":"pa_tagi-certyfikat-bio","21":"pa_tagi-weganski","22":"pa_tagi-wegetarianski","24":"first","25":"instock","26":"taxable","27":"shipping-taxable","28":"purchasable","29":"product-type-simple"},"acf":[],"_links":{"self":[{"href":"https:\/\/wiejskieprzysmaki.estima.site\/en\/wp-json\/wp\/v2\/product\/5850","targetHints":{"allow":["GET"]}}],"collection":[{"href":"https:\/\/wiejskieprzysmaki.estima.site\/en\/wp-json\/wp\/v2\/product"}],"about":[{"href":"https:\/\/wiejskieprzysmaki.estima.site\/en\/wp-json\/wp\/v2\/types\/product"}],"replies":[{"embeddable":true,"href":"https:\/\/wiejskieprzysmaki.estima.site\/en\/wp-json\/wp\/v2\/comments?post=5850"}],"wp:featuredmedia":[{"embeddable":true,"href":"https:\/\/wiejskieprzysmaki.estima.site\/en\/wp-json\/wp\/v2\/media\/5851"}],"wp:attachment":[{"href":"https:\/\/wiejskieprzysmaki.estima.site\/en\/wp-json\/wp\/v2\/media?parent=5850"}],"wp:term":[{"taxonomy":"product_brand","embeddable":true,"href":"https:\/\/wiejskieprzysmaki.estima.site\/en\/wp-json\/wp\/v2\/product_brand?post=5850"},{"taxonomy":"product_cat","embeddable":true,"href":"https:\/\/wiejskieprzysmaki.estima.site\/en\/wp-json\/wp\/v2\/product_cat?post=5850"},{"taxonomy":"product_tag","embeddable":true,"href":"https:\/\/wiejskieprzysmaki.estima.site\/en\/wp-json\/wp\/v2\/product_tag?post=5850"}],"curies":[{"name":"wp","href":"https:\/\/api.w.org\/{rel}","templated":true}]}}