{"id":5914,"date":"2025-02-18T11:10:57","date_gmt":"2025-02-18T10:10:57","guid":{"rendered":"https:\/\/wiejskieprzysmaki.estima.site\/produkt\/daktyle-suszone-bezglutenowe-bio-150-g-biogol\/"},"modified":"2025-02-18T11:11:04","modified_gmt":"2025-02-18T10:11:04","slug":"daktyle-suszone-bezglutenowe-bio-150-g-biogol","status":"publish","type":"product","link":"https:\/\/wiejskieprzysmaki.estima.site\/en\/product\/daktyle-suszone-bezglutenowe-bio-150-g-biogol\/","title":{"rendered":"DAKTYLE SUSZONE BEZGLUTENOWE BIO 150 g &#8211; BIOGOL"},"content":{"rendered":"<p>SK\u0141ADNIKI<br \/>ekologiczne daktyle bez pestek suszone 100%.<\/p>\n<p>WARTO\u015a\u0106 OD\u017bYWCZA W 100 g<br \/>Warto\u015b\u0107 energetyczna &#8211; 1204 kJ \/ 284 kcal<br \/>T\u0142uszcz &#8211; 0 g<br \/> w tym kwasy t\u0142uszczowe nasycone &#8211; 0 g<br \/>W\u0119glowodany &#8211; 65 g<br \/>w tym cukry &#8211; 59 g<br \/>B\u0142onnik &#8211; 8,5 g<br \/>Bia\u0142ko &#8211; 2,3 g<br \/>S\u00f3l &#8211; 0 g<\/p>\n<p>ZALECANE WARUNKI PRZECHOWYWANIA<br \/>Przechowywa\u0107 w suchym i ch\u0142odnym miejscu.<\/p>","protected":false},"excerpt":{"rendered":"<p>SK\u0141ADNIKIekologiczne daktyle bez pestek suszone 100%. WARTO\u015a\u0106 OD\u017bYWCZA W 100 gWarto\u015b\u0107 energetyczna &#8211; 1204 kJ \/ 284 kcalT\u0142uszcz &#8211; 0 g w tym kwasy t\u0142uszczowe nasycone &#8211; 0 gW\u0119glowodany &#8211; 65 gw tym cukry &#8211; 59 gB\u0142onnik &#8211; 8,5 gBia\u0142ko &#8211; 2,3 gS\u00f3l &#8211; 0 g ZALECANE WARUNKI PRZECHOWYWANIAPrzechowywa\u0107 w suchym i ch\u0142odnym miejscu.<\/p>","protected":false},"featured_media":5915,"comment_status":"closed","ping_status":"open","template":"","meta":{"_acf_changed":false},"product_brand":[],"product_cat":[830],"product_tag":[],"class_list":{"0":"post-5914","1":"product","2":"type-product","3":"status-publish","4":"has-post-thumbnail","6":"product_cat-orzechy-i-owoce-suszone","7":"pa_ean-matka-1586","8":"pa_gwarancja-przydatnosci-324","9":"pa_ilosc-w-opakowaniu-298","10":"pa_jednostka-podstawowa-szt","11":"pa_kod-cn-0804-10-00","12":"pa_kraj-pochodzenia-skladnikow-tunezja","13":"pa_masa-netto-197","14":"pa_objetosc-brutto-201","15":"pa_producent-biogol-produkty-sniadaniowe-przekaski-bez-cukru","16":"pa_producent-nazwa-adres-gk4-food-spolka-z-ograniczona-odpowiedzialnoscia-wojska-polskiego-13-72-320-trzebiatow","17":"pa_tagi-bez-cukru-w-skladnikach","18":"pa_tagi-bez-glutenu-deklaracja","19":"pa_tagi-bez-glutenu-w-skladnikach","20":"pa_tagi-certyfikat-bio","21":"pa_tagi-weganski","22":"pa_tagi-wegetarianski","24":"first","25":"instock","26":"taxable","27":"shipping-taxable","28":"purchasable","29":"product-type-simple"},"acf":[],"_links":{"self":[{"href":"https:\/\/wiejskieprzysmaki.estima.site\/en\/wp-json\/wp\/v2\/product\/5914","targetHints":{"allow":["GET"]}}],"collection":[{"href":"https:\/\/wiejskieprzysmaki.estima.site\/en\/wp-json\/wp\/v2\/product"}],"about":[{"href":"https:\/\/wiejskieprzysmaki.estima.site\/en\/wp-json\/wp\/v2\/types\/product"}],"replies":[{"embeddable":true,"href":"https:\/\/wiejskieprzysmaki.estima.site\/en\/wp-json\/wp\/v2\/comments?post=5914"}],"wp:featuredmedia":[{"embeddable":true,"href":"https:\/\/wiejskieprzysmaki.estima.site\/en\/wp-json\/wp\/v2\/media\/5915"}],"wp:attachment":[{"href":"https:\/\/wiejskieprzysmaki.estima.site\/en\/wp-json\/wp\/v2\/media?parent=5914"}],"wp:term":[{"taxonomy":"product_brand","embeddable":true,"href":"https:\/\/wiejskieprzysmaki.estima.site\/en\/wp-json\/wp\/v2\/product_brand?post=5914"},{"taxonomy":"product_cat","embeddable":true,"href":"https:\/\/wiejskieprzysmaki.estima.site\/en\/wp-json\/wp\/v2\/product_cat?post=5914"},{"taxonomy":"product_tag","embeddable":true,"href":"https:\/\/wiejskieprzysmaki.estima.site\/en\/wp-json\/wp\/v2\/product_tag?post=5914"}],"curies":[{"name":"wp","href":"https:\/\/api.w.org\/{rel}","templated":true}]}}