{"id":5924,"date":"2025-02-18T11:10:57","date_gmt":"2025-02-18T10:10:57","guid":{"rendered":"https:\/\/wiejskieprzysmaki.estima.site\/produkt\/migdaly-blanszowane-bio-100-g-biogol\/"},"modified":"2025-02-20T15:19:55","modified_gmt":"2025-02-20T14:19:55","slug":"migdaly-blanszowane-bio-100-g-biogol","status":"publish","type":"product","link":"https:\/\/wiejskieprzysmaki.estima.site\/en\/product\/migdaly-blanszowane-bio-100-g-biogol\/","title":{"rendered":"MIGDA\u0141Y BLANSZOWANE BIO 100 g &#8211; BIOGOL"},"content":{"rendered":"<p>UWAGA<br \/>W opakowaniu mog\u0105 znajdowa\u0107 si\u0119 \u015bladowe ilo\u015bci MIGDA\u0141\u00d3W gorzkich.\t\t\t<\/p>\n<p>SK\u0141ADNIKI<br \/>ekologiczne MIGDA\u0141Y blanszowane 100 %.<\/p>\n<p>OPIS<br \/>Ekologiczne MIGDA\u0141Y to doskona\u0142y produkt do spo\u017cywania pod ka\u017cd\u0105 postaci\u0105. Polecamy jako samodzieln\u0105 przek\u0105sk\u0119 w szkole lub w pracy, a tak\u017ce jako dodatek do wypiek\u00f3w, deser\u00f3w, musli, do porannej owsianki oraz likier\u00f3w i nalewek owocowych.<\/p>\n<p>UWAGA<br \/>W opakowaniu mog\u0105 znajdowa\u0107 si\u0119 \u015bladowe ilo\u015bci MIGDA\u0141\u00d3W gorzkich.<br \/>Produkt nieodpowiedni do spo\u017cycia dla dzieci poni\u017cej 3 lat.<\/p>\n<p>WARTO\u015a\u0106 OD\u017bYWCZA W 100 g<br \/>Warto\u015b\u0107 energetyczna \t2508 kJ\/607 kcal<br \/>T\u0142uszcz \t53 g<br \/>w tym kwasy t\u0142uszczowe nasycone \t5,1 g<br \/>W\u0119glowodany \t3,9 g<br \/>w tym cukry \t3,5 g<br \/>B\u0142onnik \t13 g<br \/>Bia\u0142ko \t22 g<br \/>S\u00f3l \t0,03 g<\/p>\n<p>INFORMACJA ALERGENNA<br \/>Produkt mo\u017ce zawiera\u0107: ZBO\u017bA ZAWIERAJ\u0104CE GLUTEN, ORZESZKI ZIEMNE, INNE ORZECHY, NASIONA SEZAMU, SOJ\u0118.<\/p>\n<p>ZALECANE WARUNKI PRZECHOWYWANIA<br \/>Przechowywa\u0107 w suchym i ch\u0142odnym miejscu.<\/p>","protected":false},"excerpt":{"rendered":"<p>UWAGAW opakowaniu mog\u0105 znajdowa\u0107 si\u0119 \u015bladowe ilo\u015bci MIGDA\u0141\u00d3W gorzkich. SK\u0141ADNIKIekologiczne MIGDA\u0141Y blanszowane 100 %. OPISEkologiczne MIGDA\u0141Y to doskona\u0142y produkt do spo\u017cywania pod ka\u017cd\u0105 postaci\u0105. Polecamy jako samodzieln\u0105 przek\u0105sk\u0119 w szkole lub w pracy, a tak\u017ce jako dodatek do wypiek\u00f3w, deser\u00f3w, musli, do porannej owsianki oraz likier\u00f3w i nalewek owocowych. UWAGAW opakowaniu mog\u0105 znajdowa\u0107 si\u0119 \u015bladowe [&hellip;]<\/p>","protected":false},"featured_media":5925,"comment_status":"closed","ping_status":"open","template":"","meta":{"_acf_changed":false},"product_brand":[],"product_cat":[830,810],"product_tag":[],"class_list":{"0":"post-5924","1":"product","2":"type-product","3":"status-publish","4":"has-post-thumbnail","6":"product_cat-orzechy-i-owoce-suszone","7":"product_cat-orzechy-kasztany-wiorki-kokosowe","8":"pa_ean-matka-4763","9":"pa_ean-matka-1594","10":"pa_gwarancja-przydatnosci-988","11":"pa_ilosc-w-opakowaniu-298","12":"pa_jednostka-podstawowa-szt","13":"pa_kod-cn-0802-12-90","14":"pa_kraj-pochodzenia-skladnikow-hiszpania","15":"pa_masa-netto-242","16":"pa_objetosc-brutto-201","17":"pa_producent-biogol-produkty-sniadaniowe-przekaski-bez-cukru","18":"pa_producent-nazwa-adres-gk4-food-spolka-z-ograniczona-odpowiedzialnoscia-wojska-polskiego-13-72-320-trzebiatow","19":"pa_tagi-bez-cukru-w-skladnikach","20":"pa_tagi-bez-glutenu-w-skladnikach","21":"pa_tagi-certyfikat-bio","22":"pa_tagi-weganski","23":"pa_tagi-wegetarianski","25":"first","26":"instock","27":"taxable","28":"shipping-taxable","29":"purchasable","30":"product-type-simple"},"acf":[],"_links":{"self":[{"href":"https:\/\/wiejskieprzysmaki.estima.site\/en\/wp-json\/wp\/v2\/product\/5924","targetHints":{"allow":["GET"]}}],"collection":[{"href":"https:\/\/wiejskieprzysmaki.estima.site\/en\/wp-json\/wp\/v2\/product"}],"about":[{"href":"https:\/\/wiejskieprzysmaki.estima.site\/en\/wp-json\/wp\/v2\/types\/product"}],"replies":[{"embeddable":true,"href":"https:\/\/wiejskieprzysmaki.estima.site\/en\/wp-json\/wp\/v2\/comments?post=5924"}],"wp:featuredmedia":[{"embeddable":true,"href":"https:\/\/wiejskieprzysmaki.estima.site\/en\/wp-json\/wp\/v2\/media\/5925"}],"wp:attachment":[{"href":"https:\/\/wiejskieprzysmaki.estima.site\/en\/wp-json\/wp\/v2\/media?parent=5924"}],"wp:term":[{"taxonomy":"product_brand","embeddable":true,"href":"https:\/\/wiejskieprzysmaki.estima.site\/en\/wp-json\/wp\/v2\/product_brand?post=5924"},{"taxonomy":"product_cat","embeddable":true,"href":"https:\/\/wiejskieprzysmaki.estima.site\/en\/wp-json\/wp\/v2\/product_cat?post=5924"},{"taxonomy":"product_tag","embeddable":true,"href":"https:\/\/wiejskieprzysmaki.estima.site\/en\/wp-json\/wp\/v2\/product_tag?post=5924"}],"curies":[{"name":"wp","href":"https:\/\/api.w.org\/{rel}","templated":true}]}}