{"id":5943,"date":"2025-02-18T11:11:14","date_gmt":"2025-02-18T10:11:14","guid":{"rendered":"https:\/\/wiejskieprzysmaki.estima.site\/produkt\/platki-orkiszowe-bio-300-g-biogol\/"},"modified":"2025-02-18T11:11:18","modified_gmt":"2025-02-18T10:11:18","slug":"platki-orkiszowe-bio-300-g-biogol","status":"publish","type":"product","link":"https:\/\/wiejskieprzysmaki.estima.site\/en\/product\/platki-orkiszowe-bio-300-g-biogol\/","title":{"rendered":"P\u0141ATKI ORKISZOWE BIO 300 g &#8211; BIOGOL"},"content":{"rendered":"<p>SK\u0141ADNIKI<br \/>ekologiczne p\u0142atki z PSZENICY ORKISZ 100 %.<\/p>\n<p>OPIS<br \/>Ekologiczne p\u0142atki ORKISZOWE uzyskuje si\u0119 z gniecionych ziaren PSZENICY orkisz. P\u0142atki ORKISZOWE to doskona\u0142a propozycja na codzienne \u015bniadanie. Najlepiej smakuj\u0105 z dodatkiem jogurtu, napoju zbo\u017cowego oraz z owocami. <\/p>\n<p>SPOS\u00d3B PRZYGOTOWANIA<br \/>gotowa\u0107 w proporcji 1:2 (1 porcja p\u0142atk\u00f3w na 2 porcje wody lub mleka) na wolnym ogniu ok. 10 minut od czasu do czasu mieszaj\u0105c. <\/p>\n<p>WARTO\u015a\u0106 OD\u017bYWCZA W 100 g<br \/>Warto\u015b\u0107 energetyczna \t1457 kJ\/345 kcal<br \/>T\u0142uszcz \t1,7 g<br \/>w tym kwasy t\u0142uszczowe nasycone \t0,2 g<br \/>W\u0119glowodany \t60 g<br \/>w tym cukry \t0,7 g<br \/>B\u0142onnik \t10 g<br \/>Bia\u0142ko \t17 g<br \/>S\u00f3l \t0,01 g<\/p>\n<p>INFORMACJA ALERGENNA<br \/>Produkt mo\u017ce zawiera\u0107: ORZESZKI ZIEMNE, ORZECHY, NASIONA SEZAMU, SOJ\u0118.<\/p>\n<p>ZALECANE WARUNKI PRZECHOWYWANIA<br \/>Przechowywa\u0107 w suchym i ch\u0142odnym miejscu.<\/p>","protected":false},"excerpt":{"rendered":"<p>SK\u0141ADNIKIekologiczne p\u0142atki z PSZENICY ORKISZ 100 %. OPISEkologiczne p\u0142atki ORKISZOWE uzyskuje si\u0119 z gniecionych ziaren PSZENICY orkisz. P\u0142atki ORKISZOWE to doskona\u0142a propozycja na codzienne \u015bniadanie. Najlepiej smakuj\u0105 z dodatkiem jogurtu, napoju zbo\u017cowego oraz z owocami. SPOS\u00d3B PRZYGOTOWANIAgotowa\u0107 w proporcji 1:2 (1 porcja p\u0142atk\u00f3w na 2 porcje wody lub mleka) na wolnym ogniu ok. 10 minut [&hellip;]<\/p>","protected":false},"featured_media":5944,"comment_status":"closed","ping_status":"open","template":"","meta":{"_acf_changed":false},"product_brand":[],"product_cat":[796,265],"product_tag":[],"class_list":{"0":"post-5943","1":"product","2":"type-product","3":"status-publish","4":"has-post-thumbnail","6":"product_cat-platki","7":"product_cat-sniadaniowe","8":"pa_ean-matka-4771","9":"pa_ean-matka-879","10":"pa_gwarancja-przydatnosci-324","11":"pa_ilosc-w-opakowaniu-298","12":"pa_jednostka-podstawowa-szt","13":"pa_kod-cn-1104-19-99","14":"pa_kraj-pochodzenia-skladnikow-niemcy","15":"pa_masa-netto-207","16":"pa_objetosc-brutto-204","17":"pa_producent-biogol-produkty-sniadaniowe-przekaski-bez-cukru","18":"pa_producent-nazwa-adres-gk4-food-spolka-z-ograniczona-odpowiedzialnoscia-wojska-polskiego-13-72-320-trzebiatow","19":"pa_tagi-bez-cukru-w-skladnikach","20":"pa_tagi-certyfikat-bio","21":"pa_tagi-weganski","22":"pa_tagi-wegetarianski","24":"first","25":"outofstock","26":"taxable","27":"shipping-taxable","28":"purchasable","29":"product-type-simple"},"acf":[],"_links":{"self":[{"href":"https:\/\/wiejskieprzysmaki.estima.site\/en\/wp-json\/wp\/v2\/product\/5943","targetHints":{"allow":["GET"]}}],"collection":[{"href":"https:\/\/wiejskieprzysmaki.estima.site\/en\/wp-json\/wp\/v2\/product"}],"about":[{"href":"https:\/\/wiejskieprzysmaki.estima.site\/en\/wp-json\/wp\/v2\/types\/product"}],"replies":[{"embeddable":true,"href":"https:\/\/wiejskieprzysmaki.estima.site\/en\/wp-json\/wp\/v2\/comments?post=5943"}],"wp:featuredmedia":[{"embeddable":true,"href":"https:\/\/wiejskieprzysmaki.estima.site\/en\/wp-json\/wp\/v2\/media\/5944"}],"wp:attachment":[{"href":"https:\/\/wiejskieprzysmaki.estima.site\/en\/wp-json\/wp\/v2\/media?parent=5943"}],"wp:term":[{"taxonomy":"product_brand","embeddable":true,"href":"https:\/\/wiejskieprzysmaki.estima.site\/en\/wp-json\/wp\/v2\/product_brand?post=5943"},{"taxonomy":"product_cat","embeddable":true,"href":"https:\/\/wiejskieprzysmaki.estima.site\/en\/wp-json\/wp\/v2\/product_cat?post=5943"},{"taxonomy":"product_tag","embeddable":true,"href":"https:\/\/wiejskieprzysmaki.estima.site\/en\/wp-json\/wp\/v2\/product_tag?post=5943"}],"curies":[{"name":"wp","href":"https:\/\/api.w.org\/{rel}","templated":true}]}}