{"id":5983,"date":"2025-02-18T11:11:36","date_gmt":"2025-02-18T10:11:36","guid":{"rendered":"https:\/\/wiejskieprzysmaki.estima.site\/produkt\/czarny-czosnek-bezglutenowy-bio-80-g-piec-przemian\/"},"modified":"2025-02-18T11:11:37","modified_gmt":"2025-02-18T10:11:37","slug":"czarny-czosnek-bezglutenowy-bio-80-g-piec-przemian","status":"publish","type":"product","link":"https:\/\/wiejskieprzysmaki.estima.site\/en\/product\/czarny-czosnek-bezglutenowy-bio-80-g-piec-przemian\/","title":{"rendered":"CZARNY CZOSNEK BEZGLUTENOWY BIO 80 g &#8211; PI\u0118\u0106 PRZEMIAN"},"content":{"rendered":"<p>SK\u0141ADNIKI <br \/>100 % czarny czosnek* (*certyfikowany sk\u0142adnik ekologiczny)<\/p>\n<p>WARTO\u015a\u0106 OD\u017bYWCZA W 100 g <br \/>Warto\u015b\u0107 energetyczna: 908 kJ \/ 217 kcal  <br \/>T\u0142uszcz: 0 g  <br \/>w tym kwasy t\u0142uszczowe nasycone: 0 g  <br \/>W\u0119glowodany: 46 g  <br \/>w tym cukry: 43 g  <br \/>Bia\u0142ko: 9,4 g  <br \/>S\u00f3l: 0,02 g<\/p>\n<p>INFORMACJA ALERGENNA <br \/>Mo\u017ce zawiera\u0107 ORZECHY.  <\/p>\n<p>ZALECANE WARUNKI PRZECHOWYWANIA <br \/>Przechowywa\u0107 w suchym i ciemnym miejscu, w temperaturze pokojowej.<\/p>","protected":false},"excerpt":{"rendered":"<p>SK\u0141ADNIKI 100 % czarny czosnek* (*certyfikowany sk\u0142adnik ekologiczny) WARTO\u015a\u0106 OD\u017bYWCZA W 100 g Warto\u015b\u0107 energetyczna: 908 kJ \/ 217 kcal T\u0142uszcz: 0 g w tym kwasy t\u0142uszczowe nasycone: 0 g W\u0119glowodany: 46 g w tym cukry: 43 g Bia\u0142ko: 9,4 g S\u00f3l: 0,02 g INFORMACJA ALERGENNA Mo\u017ce zawiera\u0107 ORZECHY. ZALECANE WARUNKI PRZECHOWYWANIA Przechowywa\u0107 w suchym [&hellip;]<\/p>","protected":false},"featured_media":5984,"comment_status":"closed","ping_status":"open","template":"","meta":{"_acf_changed":false},"product_brand":[],"product_cat":[787,180],"product_tag":[],"class_list":{"0":"post-5983","1":"product","2":"type-product","3":"status-publish","4":"has-post-thumbnail","6":"product_cat-suszone-warzywa-i-grzyby-przetworzone","7":"product_cat-warzywa-i-grzyby-przetworzone","8":"pa_ean-matka-4792","9":"pa_gwarancja-przydatnosci-535","10":"pa_ilosc-w-opakowaniu-454","11":"pa_jednostka-podstawowa-szt","12":"pa_kod-cn-2005-99-80","13":"pa_masa-netto-1271","14":"pa_objetosc-brutto-1067","15":"pa_producent-piec-przemian-produkty-spozywcze","16":"pa_producent-nazwa-adres-simpatiko-s-c-ul-luze-20-05-092-dabrowa","17":"pa_tagi-bez-cukru-w-skladnikach","18":"pa_tagi-bez-glutenu-deklaracja","19":"pa_tagi-bez-glutenu-w-skladnikach","20":"pa_tagi-certyfikat-bio","21":"pa_tagi-weganski","22":"pa_tagi-wegetarianski","24":"first","25":"instock","26":"taxable","27":"shipping-taxable","28":"purchasable","29":"product-type-simple"},"acf":[],"_links":{"self":[{"href":"https:\/\/wiejskieprzysmaki.estima.site\/en\/wp-json\/wp\/v2\/product\/5983","targetHints":{"allow":["GET"]}}],"collection":[{"href":"https:\/\/wiejskieprzysmaki.estima.site\/en\/wp-json\/wp\/v2\/product"}],"about":[{"href":"https:\/\/wiejskieprzysmaki.estima.site\/en\/wp-json\/wp\/v2\/types\/product"}],"replies":[{"embeddable":true,"href":"https:\/\/wiejskieprzysmaki.estima.site\/en\/wp-json\/wp\/v2\/comments?post=5983"}],"wp:featuredmedia":[{"embeddable":true,"href":"https:\/\/wiejskieprzysmaki.estima.site\/en\/wp-json\/wp\/v2\/media\/5984"}],"wp:attachment":[{"href":"https:\/\/wiejskieprzysmaki.estima.site\/en\/wp-json\/wp\/v2\/media?parent=5983"}],"wp:term":[{"taxonomy":"product_brand","embeddable":true,"href":"https:\/\/wiejskieprzysmaki.estima.site\/en\/wp-json\/wp\/v2\/product_brand?post=5983"},{"taxonomy":"product_cat","embeddable":true,"href":"https:\/\/wiejskieprzysmaki.estima.site\/en\/wp-json\/wp\/v2\/product_cat?post=5983"},{"taxonomy":"product_tag","embeddable":true,"href":"https:\/\/wiejskieprzysmaki.estima.site\/en\/wp-json\/wp\/v2\/product_tag?post=5983"}],"curies":[{"name":"wp","href":"https:\/\/api.w.org\/{rel}","templated":true}]}}