{"id":5986,"date":"2025-02-18T11:11:36","date_gmt":"2025-02-18T10:11:36","guid":{"rendered":"https:\/\/wiejskieprzysmaki.estima.site\/produkt\/chleb-krolewski-z-ziarnami-krojony-bezglutenowy-bio-250-g-balviten\/"},"modified":"2025-02-18T11:11:39","modified_gmt":"2025-02-18T10:11:39","slug":"chleb-krolewski-z-ziarnami-krojony-bezglutenowy-bio-250-g-balviten","status":"publish","type":"product","link":"https:\/\/wiejskieprzysmaki.estima.site\/en\/product\/chleb-krolewski-z-ziarnami-krojony-bezglutenowy-bio-250-g-balviten\/","title":{"rendered":"CHLEB KR\u00d3LEWSKI Z ZIARNAMI KROJONY BEZGLUTENOWY BIO 250 g &#8211; BALVITEN"},"content":{"rendered":"<p>SK\u0141ADNIKI<br \/>zakwas (m\u0105ka ry\u017cowa*, woda) woda, skrobia kukurydziana*, nasiona* 9 % (s\u0142onecznik*, siemi\u0119 lniane*, dynia*), m\u0105ka ry\u017cowa*, syrop ry\u017cowy*, olej s\u0142onecznikowy*, substancje zag\u0119szczaj\u0105ce (guma ksantanowa, guma guar*), bia\u0142ko grochu*, dro\u017cd\u017ce*, glukoza*, s\u00f3l, b\u0142onnik (z babki p\u0142esznik*, jab\u0142kowy*, ziemniaczany*), m\u0105ka gryczana*, skrobia ry\u017cowa* (*certyfikowany sk\u0142adnik ekologiczny)<\/p>\n<p>OPIS<br \/>Bezglutenowy chleb z ziarnami na zakwasie, bez PSZENICY, laktozy, jaj. Wysoka zawarto\u015b\u0107 b\u0142onnika. Pakowano w atmosferze ochronnej.  <\/p>\n<p>WARTO\u015a\u0106 OD\u017bYWCZA W 100 g<br \/>Warto\u015b\u0107 energetyczna: 1078 kJ \/ 257 kcal  <br \/>T\u0142uszcz: 8,5 g  <br \/>w tym kwasy t\u0142uszczowe nasycone: 0,9 g  <br \/>W\u0119glowodany: 34 g  <br \/>w tym cukry: 3,9 g  <br \/>B\u0142onnik: 10 g  <br \/>Bia\u0142ko: 6,1 g  <br \/>S\u00f3l: 1,1 g<\/p>\n<p>ZALECANE WARUNKI PRZECHOWYWANIA<br \/>Przechowywa\u0107 w suchym, ch\u0142odnym i zacienionym miejscu. Po otwarciu spo\u017cy\u0107 w ci\u0105gu 48 godzin.<\/p>","protected":false},"excerpt":{"rendered":"<p>SK\u0141ADNIKIzakwas (m\u0105ka ry\u017cowa*, woda) woda, skrobia kukurydziana*, nasiona* 9 % (s\u0142onecznik*, siemi\u0119 lniane*, dynia*), m\u0105ka ry\u017cowa*, syrop ry\u017cowy*, olej s\u0142onecznikowy*, substancje zag\u0119szczaj\u0105ce (guma ksantanowa, guma guar*), bia\u0142ko grochu*, dro\u017cd\u017ce*, glukoza*, s\u00f3l, b\u0142onnik (z babki p\u0142esznik*, jab\u0142kowy*, ziemniaczany*), m\u0105ka gryczana*, skrobia ry\u017cowa* (*certyfikowany sk\u0142adnik ekologiczny) OPISBezglutenowy chleb z ziarnami na zakwasie, bez PSZENICY, laktozy, jaj. Wysoka [&hellip;]<\/p>","protected":false},"featured_media":5987,"comment_status":"closed","ping_status":"open","template":"","meta":{"_acf_changed":false},"product_brand":[],"product_cat":[1437,64],"product_tag":[],"class_list":{"0":"post-5986","1":"product","2":"type-product","3":"status-publish","4":"has-post-thumbnail","6":"product_cat-chleby-bulki","7":"product_cat-pieczywo","8":"pa_ean-matka-4794","9":"pa_gwarancja-przydatnosci-535","10":"pa_ilosc-w-opakowaniu-350","11":"pa_jednostka-podstawowa-szt","12":"pa_kod-cn-1905-90-30","13":"pa_masa-netto-480","14":"pa_objetosc-brutto-4793","15":"pa_producent-balviten-chleby-mieszanki-do-wypieku","16":"pa_producent-nazwa-adres-balviten-aleja-wojciecha-korfantego-191-40-153-katowice","17":"pa_tagi-bez-glutenu-deklaracja","18":"pa_tagi-bez-glutenu-w-skladnikach","19":"pa_tagi-certyfikat-bio","20":"pa_tagi-weganski","21":"pa_tagi-wegetarianski","23":"first","24":"instock","25":"taxable","26":"shipping-taxable","27":"purchasable","28":"product-type-simple"},"acf":[],"_links":{"self":[{"href":"https:\/\/wiejskieprzysmaki.estima.site\/en\/wp-json\/wp\/v2\/product\/5986","targetHints":{"allow":["GET"]}}],"collection":[{"href":"https:\/\/wiejskieprzysmaki.estima.site\/en\/wp-json\/wp\/v2\/product"}],"about":[{"href":"https:\/\/wiejskieprzysmaki.estima.site\/en\/wp-json\/wp\/v2\/types\/product"}],"replies":[{"embeddable":true,"href":"https:\/\/wiejskieprzysmaki.estima.site\/en\/wp-json\/wp\/v2\/comments?post=5986"}],"wp:featuredmedia":[{"embeddable":true,"href":"https:\/\/wiejskieprzysmaki.estima.site\/en\/wp-json\/wp\/v2\/media\/5987"}],"wp:attachment":[{"href":"https:\/\/wiejskieprzysmaki.estima.site\/en\/wp-json\/wp\/v2\/media?parent=5986"}],"wp:term":[{"taxonomy":"product_brand","embeddable":true,"href":"https:\/\/wiejskieprzysmaki.estima.site\/en\/wp-json\/wp\/v2\/product_brand?post=5986"},{"taxonomy":"product_cat","embeddable":true,"href":"https:\/\/wiejskieprzysmaki.estima.site\/en\/wp-json\/wp\/v2\/product_cat?post=5986"},{"taxonomy":"product_tag","embeddable":true,"href":"https:\/\/wiejskieprzysmaki.estima.site\/en\/wp-json\/wp\/v2\/product_tag?post=5986"}],"curies":[{"name":"wp","href":"https:\/\/api.w.org\/{rel}","templated":true}]}}