{"id":5996,"date":"2025-02-18T11:11:36","date_gmt":"2025-02-18T10:11:36","guid":{"rendered":"https:\/\/wiejskieprzysmaki.estima.site\/produkt\/barszcz-bialy-jaglany-bezglutenowy-koncentrat-bio-320-ml-kowalewski\/"},"modified":"2025-02-18T11:11:44","modified_gmt":"2025-02-18T10:11:44","slug":"barszcz-bialy-jaglany-bezglutenowy-koncentrat-bio-320-ml-kowalewski","status":"publish","type":"product","link":"https:\/\/wiejskieprzysmaki.estima.site\/en\/product\/barszcz-bialy-jaglany-bezglutenowy-koncentrat-bio-320-ml-kowalewski\/","title":{"rendered":"BARSZCZ BIA\u0141Y JAGLANY BEZGLUTENOWY KONCENTRAT BIO 320 ml &#8211; KOWALEWSKI"},"content":{"rendered":"<p>SK\u0141ADNIKI <br \/>woda, m\u0105ka jaglana* 10 %, naturalna s\u00f3l kamienna k\u0142odawska (*certyfikowany sk\u0142adnik ekologiczny)<\/p>\n<p>OPIS <br \/>Barszcz bia\u0142y jaglany bezglutenowy BIO koncentrat. Produkt rolnictwa ekologicznego, odpowiedni dla wegan, bezglutenowy. Przed u\u017cyciem mocno wstrz\u0105sn\u0105\u0107 butelk\u0105. Ekologiczny koncentrat barszczu doda\u0107 do 0,6 litra wrz\u0105cej wody lub bulionu i zagotowa\u0107. Przyprawi\u0107 do smaku.<\/p>\n<p>WARTO\u015a\u0106 OD\u017bYWCZA W 100 ml <br \/>Warto\u015b\u0107 energetyczna: 117 kJ \/ 28 kcal  <br \/>T\u0142uszcz: < 0,5 g  <br \/>w tym kwasy t\u0142uszczowe nasycone: <0,1 g  <br \/>W\u0119glowodany: 6,1 g  <br \/>w tym cukry: 0,7 g  <br \/>Bia\u0142ko: 1,0 g  <br \/>S\u00f3l: 1,4 g<\/p>\n<p>ZALECANE WARUNKI PRZECHOWYWANIA <br \/>Przechowywa\u0107 w suchym, ch\u0142odnym i zacienionym miejscu. Po otwarciu przechowywa\u0107 w lod\u00f3wce i spo\u017cy\u0107 w ci\u0105gu 48 godzin.<\/p>","protected":false},"excerpt":{"rendered":"<p>SK\u0141ADNIKI woda, m\u0105ka jaglana* 10 %, naturalna s\u00f3l kamienna k\u0142odawska (*certyfikowany sk\u0142adnik ekologiczny) OPIS Barszcz bia\u0142y jaglany bezglutenowy BIO koncentrat. Produkt rolnictwa ekologicznego, odpowiedni dla wegan, bezglutenowy. Przed u\u017cyciem mocno wstrz\u0105sn\u0105\u0107 butelk\u0105. Ekologiczny koncentrat barszczu doda\u0107 do 0,6 litra wrz\u0105cej wody lub bulionu i zagotowa\u0107. Przyprawi\u0107 do smaku. WARTO\u015a\u0106 OD\u017bYWCZA W 100 ml Warto\u015b\u0107 energetyczna: [&hellip;]<\/p>","protected":false},"featured_media":5997,"comment_status":"closed","ping_status":"open","template":"","meta":{"_acf_changed":false},"product_brand":[],"product_cat":[1139],"product_tag":[],"class_list":{"0":"post-5996","1":"product","2":"type-product","3":"status-publish","4":"has-post-thumbnail","6":"product_cat-dania-gotowe","7":"pa_ean-matka-4798","8":"pa_gwarancja-przydatnosci-311","9":"pa_ilosc-w-opakowaniu-298","10":"pa_jednostka-podstawowa-szt","11":"pa_kod-cn-2104-10-00","12":"pa_kraj-pochodzenia-skladnikow-polska","13":"pa_objetosc-brutto-3203","14":"pa_objetosc-netto-3202","15":"pa_producent-kowalewski-przetwory-warzywne-dania-gotowe","16":"pa_producent-nazwa-adres-kowalewski-spolka-z-ograniczona-odpowiedzialnoscia-stawiszcze-1-a-98-200-sieradz","17":"pa_tagi-bez-cukru-w-skladnikach","18":"pa_tagi-bez-glutenu-deklaracja","19":"pa_tagi-bez-glutenu-w-skladnikach","20":"pa_tagi-certyfikat-bio","21":"pa_tagi-weganski","22":"pa_tagi-wegetarianski","24":"first","25":"instock","26":"taxable","27":"shipping-taxable","28":"purchasable","29":"product-type-simple"},"acf":[],"_links":{"self":[{"href":"https:\/\/wiejskieprzysmaki.estima.site\/en\/wp-json\/wp\/v2\/product\/5996","targetHints":{"allow":["GET"]}}],"collection":[{"href":"https:\/\/wiejskieprzysmaki.estima.site\/en\/wp-json\/wp\/v2\/product"}],"about":[{"href":"https:\/\/wiejskieprzysmaki.estima.site\/en\/wp-json\/wp\/v2\/types\/product"}],"replies":[{"embeddable":true,"href":"https:\/\/wiejskieprzysmaki.estima.site\/en\/wp-json\/wp\/v2\/comments?post=5996"}],"wp:featuredmedia":[{"embeddable":true,"href":"https:\/\/wiejskieprzysmaki.estima.site\/en\/wp-json\/wp\/v2\/media\/5997"}],"wp:attachment":[{"href":"https:\/\/wiejskieprzysmaki.estima.site\/en\/wp-json\/wp\/v2\/media?parent=5996"}],"wp:term":[{"taxonomy":"product_brand","embeddable":true,"href":"https:\/\/wiejskieprzysmaki.estima.site\/en\/wp-json\/wp\/v2\/product_brand?post=5996"},{"taxonomy":"product_cat","embeddable":true,"href":"https:\/\/wiejskieprzysmaki.estima.site\/en\/wp-json\/wp\/v2\/product_cat?post=5996"},{"taxonomy":"product_tag","embeddable":true,"href":"https:\/\/wiejskieprzysmaki.estima.site\/en\/wp-json\/wp\/v2\/product_tag?post=5996"}],"curies":[{"name":"wp","href":"https:\/\/api.w.org\/{rel}","templated":true}]}}