{"id":6028,"date":"2025-02-18T11:11:36","date_gmt":"2025-02-18T10:11:36","guid":{"rendered":"https:\/\/wiejskieprzysmaki.estima.site\/produkt\/witamina-c-cynk-60-tabletek-santini\/"},"modified":"2025-02-20T15:13:39","modified_gmt":"2025-02-20T14:13:39","slug":"witamina-c-cynk-60-tabletek-santini","status":"publish","type":"product","link":"https:\/\/wiejskieprzysmaki.estima.site\/en\/product\/witamina-c-cynk-60-tabletek-santini\/","title":{"rendered":"WITAMINA C + CYNK 60 TABLETEK &#8211; SANTINI"},"content":{"rendered":"<p>SK\u0141ADNIKI<br \/>witamina C (kwas L-askorbinowy), cynk (cytrynian cynku), substancja wype\u0142niaj\u0105ca: celuloza, skrobia, substancje przeciwzbrylaj\u0105ce: dwutlenek krzemu, sole magnezowe kwas\u00f3w t\u0142uszczowych.<\/p>\n<p>Zawarto\u015b\u0107 w porcji dziennej &#8211; 1 tabletka  <br \/>Witamina C: 1000 mg (1250 %)**<br \/>Cynk: 10 mg (100 %)**<br \/>** dzienna referencyjna warto\u015b\u0107 spo\u017cycia<\/p>\n<p>OPIS  <br \/>Suplement diety. Witamina C oraz cynk pomagaj\u0105 w prawid\u0142owym funkcjonowaniu uk\u0142adu odporno\u015bciowego.  <\/p>\n<p>ZALECANE SPO\u017bYCIE I INNE UWAGI <br \/>Doro\u015bli i dzieci w wieku poni\u017cej 7 lat &#8211; 1 tabletka dziennie podczas posi\u0142ku.  <br \/>Nie stosowa\u0107 u os\u00f3b maj\u0105cych predyspozycje do tworzenia kamieni nerkowych lub choruj\u0105cych na kamic\u0119 nerkow\u0105. <br \/>Nie nale\u017cy przekracza\u0107 zalecanej porcji do spo\u017cycia w ci\u0105gu dnia. <br \/>Suplement diety nie mo\u017ce by\u0107 stosowany jako zamiennik zr\u00f3\u017cnicowanej diety.  <\/p>\n<p>ZALECANE WARUNKI PRZECHOWYWANIA<br \/>Przechowywa\u0107 w suchym i ch\u0142odnym miejscu, w spos\u00f3b niedost\u0119pny dla ma\u0142ych dzieci.<\/p>","protected":false},"excerpt":{"rendered":"<p>SK\u0141ADNIKIwitamina C (kwas L-askorbinowy), cynk (cytrynian cynku), substancja wype\u0142niaj\u0105ca: celuloza, skrobia, substancje przeciwzbrylaj\u0105ce: dwutlenek krzemu, sole magnezowe kwas\u00f3w t\u0142uszczowych. Zawarto\u015b\u0107 w porcji dziennej &#8211; 1 tabletka Witamina C: 1000 mg (1250 %)**Cynk: 10 mg (100 %)**** dzienna referencyjna warto\u015b\u0107 spo\u017cycia OPIS Suplement diety. Witamina C oraz cynk pomagaj\u0105 w prawid\u0142owym funkcjonowaniu uk\u0142adu odporno\u015bciowego. ZALECANE SPO\u017bYCIE [&hellip;]<\/p>","protected":false},"featured_media":6030,"comment_status":"closed","ping_status":"open","template":"","meta":{"_acf_changed":false},"product_brand":[],"product_cat":[1497,9057],"product_tag":[],"class_list":{"0":"post-6028","1":"product","2":"type-product","3":"status-publish","4":"has-post-thumbnail","6":"product_cat-kapsulki-tabletki","7":"product_cat-suplementy-diety","8":"pa_ean-matka-4814","9":"pa_gwarancja-przydatnosci-320","10":"pa_ilosc-w-opakowaniu-374","11":"pa_jednostka-podstawowa-szt","12":"pa_kod-cn-2106-90-92","13":"pa_masa-netto-4813","14":"pa_objetosc-brutto-2806","15":"pa_producent-santini-ksylitol-gumy-do-zucia-spry","16":"pa_producent-nazwa-adres-santini-justyna-zjawinska-chlebowa-4-8-61-003-poznan","17":"pa_tagi-bez-cukru-w-skladnikach","18":"pa_tagi-bez-glutenu-w-skladnikach","19":"pa_tagi-weganski","20":"pa_tagi-wegetarianski","22":"first","23":"instock","24":"taxable","25":"shipping-taxable","26":"purchasable","27":"product-type-simple"},"acf":[],"_links":{"self":[{"href":"https:\/\/wiejskieprzysmaki.estima.site\/en\/wp-json\/wp\/v2\/product\/6028","targetHints":{"allow":["GET"]}}],"collection":[{"href":"https:\/\/wiejskieprzysmaki.estima.site\/en\/wp-json\/wp\/v2\/product"}],"about":[{"href":"https:\/\/wiejskieprzysmaki.estima.site\/en\/wp-json\/wp\/v2\/types\/product"}],"replies":[{"embeddable":true,"href":"https:\/\/wiejskieprzysmaki.estima.site\/en\/wp-json\/wp\/v2\/comments?post=6028"}],"wp:featuredmedia":[{"embeddable":true,"href":"https:\/\/wiejskieprzysmaki.estima.site\/en\/wp-json\/wp\/v2\/media\/6030"}],"wp:attachment":[{"href":"https:\/\/wiejskieprzysmaki.estima.site\/en\/wp-json\/wp\/v2\/media?parent=6028"}],"wp:term":[{"taxonomy":"product_brand","embeddable":true,"href":"https:\/\/wiejskieprzysmaki.estima.site\/en\/wp-json\/wp\/v2\/product_brand?post=6028"},{"taxonomy":"product_cat","embeddable":true,"href":"https:\/\/wiejskieprzysmaki.estima.site\/en\/wp-json\/wp\/v2\/product_cat?post=6028"},{"taxonomy":"product_tag","embeddable":true,"href":"https:\/\/wiejskieprzysmaki.estima.site\/en\/wp-json\/wp\/v2\/product_tag?post=6028"}],"curies":[{"name":"wp","href":"https:\/\/api.w.org\/{rel}","templated":true}]}}