{"id":6057,"date":"2025-02-18T11:12:10","date_gmt":"2025-02-18T10:12:10","guid":{"rendered":"https:\/\/wiejskieprzysmaki.estima.site\/produkt\/kulki-kakaowe-bio-500-g-biominki\/"},"modified":"2025-02-18T11:12:18","modified_gmt":"2025-02-18T10:12:18","slug":"kulki-kakaowe-bio-500-g-biominki","status":"publish","type":"product","link":"https:\/\/wiejskieprzysmaki.estima.site\/en\/product\/kulki-kakaowe-bio-500-g-biominki\/","title":{"rendered":"KULKI KAKAOWE BIO 500 g &#8211; BIOMINKI"},"content":{"rendered":"<p>Chrupki zbo\u017cowe z kakao\t<\/p>\n<p>SK\u0141ADNIKI<br \/>m\u0105ki ze zb\u00f3\u017c* 59 % (ry\u017c*, PSZENICA*, kukurydza*), cukier trzcinowy*, kakao o obni\u017conej zawarto\u015bci t\u0142uszczu* 7 %, syrop ry\u017cowy*, wanilia Bourbon*, s\u00f3l (*certyfikowany sk\u0142adnik ekologiczny).\t<\/p>\n<p>OPIS<br \/>Ekologiczne kulki czekoladowe mog\u0105 stanowi\u0107 doskona\u0142y dodatek do MLEKA, napoju zbo\u017cowego lub jogurtu oraz samodzieln\u0105 przek\u0105sk\u0119 w szkole, w domu i na spacerze.<\/p>\n<p>WARTO\u015a\u0106 OD\u017bYWCZA W 100 g<br \/>Warto\u015b\u0107 energetyczna \t1557 kJ\/368 kcal<br \/>T\u0142uszcz \t1,8 g<br \/>w tym kwasy t\u0142uszczowe nasycone \t0,9 g<br \/>W\u0119glowodany \t77 g<br \/>w tym cukry \t13 g<br \/>B\u0142onnik \t5,5 g<br \/>Bia\u0142ko \t8,1 g<br \/>S\u00f3l \t0,75 g<\/p>\n<p>INFORMACJA ALERGENNA<br \/>Produkt mo\u017ce zawiera\u0107: ORZECHY, ORZESZKI ZIEMNE, NASIONA SEZAMU, SOJ\u0118.<\/p>\n<p>ZALECANE WARUNKI PRZECHOWYWANIA<br \/>Przechowywa\u0107 w suchym i ch\u0142odnym miejscu.<\/p>","protected":false},"excerpt":{"rendered":"<p>Chrupki zbo\u017cowe z kakao SK\u0141ADNIKIm\u0105ki ze zb\u00f3\u017c* 59 % (ry\u017c*, PSZENICA*, kukurydza*), cukier trzcinowy*, kakao o obni\u017conej zawarto\u015bci t\u0142uszczu* 7 %, syrop ry\u017cowy*, wanilia Bourbon*, s\u00f3l (*certyfikowany sk\u0142adnik ekologiczny). OPISEkologiczne kulki czekoladowe mog\u0105 stanowi\u0107 doskona\u0142y dodatek do MLEKA, napoju zbo\u017cowego lub jogurtu oraz samodzieln\u0105 przek\u0105sk\u0119 w szkole, w domu i na spacerze. WARTO\u015a\u0106 OD\u017bYWCZA W [&hellip;]<\/p>","protected":false},"featured_media":6058,"comment_status":"closed","ping_status":"open","template":"","meta":{"_acf_changed":false},"product_brand":[],"product_cat":[941,265],"product_tag":[],"class_list":{"0":"post-6057","1":"product","2":"type-product","3":"status-publish","4":"has-post-thumbnail","6":"product_cat-kulki-poduszki-platki-na-slodko","7":"product_cat-sniadaniowe","8":"pa_ean-matka-4379","9":"pa_gwarancja-przydatnosci-320","10":"pa_ilosc-w-opakowaniu-543","11":"pa_jednostka-podstawowa-szt","12":"pa_kod-cn-1904-10-30","13":"pa_kraj-pochodzenia-skladnikow-rolnictwo-ue-spoza-ue","14":"pa_masa-netto-347","15":"pa_objetosc-brutto-548","16":"pa_producent-biominki-przekaski-dla-dzieci-kaszki","17":"pa_producent-nazwa-adres-bio-planet-s-a-wilkowa-wies-7-05-084-leszno","18":"pa_tagi-certyfikat-bio","19":"pa_tagi-weganski","20":"pa_tagi-wegetarianski","22":"first","23":"instock","24":"taxable","25":"shipping-taxable","26":"purchasable","27":"product-type-simple"},"acf":[],"_links":{"self":[{"href":"https:\/\/wiejskieprzysmaki.estima.site\/en\/wp-json\/wp\/v2\/product\/6057","targetHints":{"allow":["GET"]}}],"collection":[{"href":"https:\/\/wiejskieprzysmaki.estima.site\/en\/wp-json\/wp\/v2\/product"}],"about":[{"href":"https:\/\/wiejskieprzysmaki.estima.site\/en\/wp-json\/wp\/v2\/types\/product"}],"replies":[{"embeddable":true,"href":"https:\/\/wiejskieprzysmaki.estima.site\/en\/wp-json\/wp\/v2\/comments?post=6057"}],"wp:featuredmedia":[{"embeddable":true,"href":"https:\/\/wiejskieprzysmaki.estima.site\/en\/wp-json\/wp\/v2\/media\/6058"}],"wp:attachment":[{"href":"https:\/\/wiejskieprzysmaki.estima.site\/en\/wp-json\/wp\/v2\/media?parent=6057"}],"wp:term":[{"taxonomy":"product_brand","embeddable":true,"href":"https:\/\/wiejskieprzysmaki.estima.site\/en\/wp-json\/wp\/v2\/product_brand?post=6057"},{"taxonomy":"product_cat","embeddable":true,"href":"https:\/\/wiejskieprzysmaki.estima.site\/en\/wp-json\/wp\/v2\/product_cat?post=6057"},{"taxonomy":"product_tag","embeddable":true,"href":"https:\/\/wiejskieprzysmaki.estima.site\/en\/wp-json\/wp\/v2\/product_tag?post=6057"}],"curies":[{"name":"wp","href":"https:\/\/api.w.org\/{rel}","templated":true}]}}