{"id":6070,"date":"2025-02-18T11:12:21","date_gmt":"2025-02-18T10:12:21","guid":{"rendered":"https:\/\/wiejskieprzysmaki.estima.site\/produkt\/oliwa-z-oliwek-extra-virgin-bio-750-ml-flavours-colours\/"},"modified":"2025-02-18T11:12:23","modified_gmt":"2025-02-18T10:12:23","slug":"oliwa-z-oliwek-extra-virgin-bio-750-ml-flavours-colours","status":"publish","type":"product","link":"https:\/\/wiejskieprzysmaki.estima.site\/en\/product\/oliwa-z-oliwek-extra-virgin-bio-750-ml-flavours-colours\/","title":{"rendered":"OLIWA Z OLIWEK EXTRA VIRGIN BIO 750 ml &#8211; FLAVOURS &#038; COLOURS"},"content":{"rendered":"<p>SK\u0141ADNIKI<br \/>oliwa z oliwek extra virgin* (*certyfikowany sk\u0142adnik ekologiczny)<\/p>\n<p>OPIS<br \/>Oliwa z oliwek najwy\u017cszej jako\u015bci z pierwszego t\u0142oczenia. Najwy\u017csza kategoria oliwy z oliwek, uzyskana bezpo\u015brednio z oliwek i wy\u0142\u0105cznie za pomoc\u0105 \u015brodk\u00f3w mechanicznych.<br \/>Pozyskiwane s\u0105 metod\u0105 wirowania na zimno.<br \/>Oliwki ARBEQUINA to odmiana pochodz\u0105ca z Katalonii  charakteryzuj\u0105ca si\u0119 najni\u017csz\u0105  kwasowo\u015bci\u0105 spo\u015br\u00f3d innych gatunk\u00f3w oliwek.<br \/>Oliwa ta jest zalecana osobom szukaj\u0105cym delikatnej w smaku oliwy z oliwek najwy\u017cszej jako\u015bci z pierwszego t\u0142oczenia.<\/p>\n<p>WARTO\u015a\u0106 OD\u017bYWCZA W 100 ml<br \/>Warto\u015b\u0107 energetyczna: 3471 kJ \/ 829 kcal  <br \/>T\u0142uszcz: 98,6 g  <br \/>w tym kwasy t\u0142uszczowe nasycone: 15,6 g  <br \/>kwasy t\u0142uszczowe jednonienasycone: 73,1 g  <br \/>kwasy t\u0142uszczowe wielonienasycone: 9,9 g  <br \/>W\u0119glowodany: 0 g  <br \/>tym cukry: 0 g  <br \/>Bia\u0142ko: 0g  <br \/>S\u00f3l: 0 g<\/p>\n<p>ZALECANE WARUNKI PRZECHOWYWANIA<br \/>Przechowywa\u0107 z dala od ciep\u0142a i \u015bwiat\u0142a.<\/p>","protected":false},"excerpt":{"rendered":"<p>SK\u0141ADNIKIoliwa z oliwek extra virgin* (*certyfikowany sk\u0142adnik ekologiczny) OPISOliwa z oliwek najwy\u017cszej jako\u015bci z pierwszego t\u0142oczenia. Najwy\u017csza kategoria oliwy z oliwek, uzyskana bezpo\u015brednio z oliwek i wy\u0142\u0105cznie za pomoc\u0105 \u015brodk\u00f3w mechanicznych.Pozyskiwane s\u0105 metod\u0105 wirowania na zimno.Oliwki ARBEQUINA to odmiana pochodz\u0105ca z Katalonii charakteryzuj\u0105ca si\u0119 najni\u017csz\u0105 kwasowo\u015bci\u0105 spo\u015br\u00f3d innych gatunk\u00f3w oliwek.Oliwa ta jest zalecana osobom szukaj\u0105cym [&hellip;]<\/p>","protected":false},"featured_media":6072,"comment_status":"closed","ping_status":"open","template":"","meta":{"_acf_changed":false},"product_brand":[],"product_cat":[993,1100],"product_tag":[],"class_list":{"0":"post-6070","1":"product","2":"type-product","3":"status-publish","4":"has-post-thumbnail","6":"product_cat-oleje-i-oliwy","7":"product_cat-oliwy","8":"pa_ean-matka-4846","9":"pa_gwarancja-przydatnosci-320","10":"pa_ilosc-w-opakowaniu-298","11":"pa_jednostka-podstawowa-szt","12":"pa_kod-cn-1509-20-00","13":"pa_kraj-pochodzenia-skladnikow-hiszpania","14":"pa_objetosc-brutto-4845","15":"pa_objetosc-netto-450","16":"pa_producent-flavours-colours-oliwa-z-oliwek","17":"pa_producent-nazwa-adres-lr-115-almazara-riojana-s-l-ctra-lr-115-km-43-aldeanueva-de-ebro","18":"pa_tagi-bez-cukru-w-skladnikach","19":"pa_tagi-bez-glutenu-w-skladnikach","20":"pa_tagi-certyfikat-bio","21":"pa_tagi-weganski","22":"pa_tagi-wegetarianski","24":"first","25":"instock","26":"taxable","27":"shipping-taxable","28":"purchasable","29":"product-type-simple"},"acf":[],"_links":{"self":[{"href":"https:\/\/wiejskieprzysmaki.estima.site\/en\/wp-json\/wp\/v2\/product\/6070","targetHints":{"allow":["GET"]}}],"collection":[{"href":"https:\/\/wiejskieprzysmaki.estima.site\/en\/wp-json\/wp\/v2\/product"}],"about":[{"href":"https:\/\/wiejskieprzysmaki.estima.site\/en\/wp-json\/wp\/v2\/types\/product"}],"replies":[{"embeddable":true,"href":"https:\/\/wiejskieprzysmaki.estima.site\/en\/wp-json\/wp\/v2\/comments?post=6070"}],"wp:featuredmedia":[{"embeddable":true,"href":"https:\/\/wiejskieprzysmaki.estima.site\/en\/wp-json\/wp\/v2\/media\/6072"}],"wp:attachment":[{"href":"https:\/\/wiejskieprzysmaki.estima.site\/en\/wp-json\/wp\/v2\/media?parent=6070"}],"wp:term":[{"taxonomy":"product_brand","embeddable":true,"href":"https:\/\/wiejskieprzysmaki.estima.site\/en\/wp-json\/wp\/v2\/product_brand?post=6070"},{"taxonomy":"product_cat","embeddable":true,"href":"https:\/\/wiejskieprzysmaki.estima.site\/en\/wp-json\/wp\/v2\/product_cat?post=6070"},{"taxonomy":"product_tag","embeddable":true,"href":"https:\/\/wiejskieprzysmaki.estima.site\/en\/wp-json\/wp\/v2\/product_tag?post=6070"}],"curies":[{"name":"wp","href":"https:\/\/api.w.org\/{rel}","templated":true}]}}