{"id":6096,"date":"2025-02-18T11:12:32","date_gmt":"2025-02-18T10:12:32","guid":{"rendered":"https:\/\/wiejskieprzysmaki.estima.site\/produkt\/erytrytol-bio-1-kg-batom\/"},"modified":"2025-02-18T11:12:37","modified_gmt":"2025-02-18T10:12:37","slug":"erytrytol-bio-1-kg-batom","status":"publish","type":"product","link":"https:\/\/wiejskieprzysmaki.estima.site\/en\/product\/erytrytol-bio-1-kg-batom\/","title":{"rendered":"ERYTRYTOL BIO 1 kg &#8211; BATOM"},"content":{"rendered":"<p>SK\u0141ADANIKI  <br \/>substancja s\u0142odz\u0105ca: erytrytol* (*certyfikowany sk\u0142adnik ekologiczny)<\/p>\n<p>OPIS<br \/>Erytrol mo\u017ce by\u0107 stosowany do gotowania, pieczenia lub s\u0142odzenia. Redukuj\u0105c w ten spos\u00f3b kaloryczno\u015b\u0107 przygotowanych potraw. Erytrol jest mniej s\u0142odki ni\u017c tradycyjny cukier osi\u0105gaj\u0105c oko\u0142o 75 % jego s\u0142odyczy.<\/p>\n<p>WARTO\u015a\u0106 OD\u017bYWCZA W 100 g  <br \/>Warto\u015b\u0107 energetyczna:  0 kJ \/ 0 kcal  <br \/>T\u0142uszcz: 0 g  <br \/>w tym kwasy t\u0142uszczowe nasycone: 0 g  <br \/>W\u0119glowodany: 99,5 g  <br \/>w tym cukry: 0 g  <br \/>alkohole wielowodorotlenowe: 99,5 g  <br \/>Bia\u0142ko: 0 g  <br \/>S\u00f3l: 0 g<\/p>\n<p>UWAGA  <br \/>Spo\u017cycie w nadmiernych ilo\u015bciach mo\u017ce mie\u0107 efekt przeczyszczaj\u0105cy  <\/p>\n<p>INFORMACJA ALERGENNA  <br \/>Mo\u017ce zawiera\u0107 ZBO\u017bA ZAWIERAJ\u0104CE GLUTEN, ORZECHY, SEZAM.  <\/p>\n<p>ZALECANE WARUNKI PRZECHOWYWANIA  <br \/>Przechowywa\u0107 w suchym i ch\u0142odnym miejscu.<\/p>","protected":false},"excerpt":{"rendered":"<p>SK\u0141ADANIKI substancja s\u0142odz\u0105ca: erytrytol* (*certyfikowany sk\u0142adnik ekologiczny) OPISErytrol mo\u017ce by\u0107 stosowany do gotowania, pieczenia lub s\u0142odzenia. Redukuj\u0105c w ten spos\u00f3b kaloryczno\u015b\u0107 przygotowanych potraw. Erytrol jest mniej s\u0142odki ni\u017c tradycyjny cukier osi\u0105gaj\u0105c oko\u0142o 75 % jego s\u0142odyczy. WARTO\u015a\u0106 OD\u017bYWCZA W 100 g Warto\u015b\u0107 energetyczna: 0 kJ \/ 0 kcal T\u0142uszcz: 0 g w tym kwasy t\u0142uszczowe [&hellip;]<\/p>","protected":false},"featured_media":6097,"comment_status":"closed","ping_status":"open","template":"","meta":{"_acf_changed":false},"product_brand":[],"product_cat":[329,304],"product_tag":[],"class_list":{"0":"post-6096","1":"product","2":"type-product","3":"status-publish","4":"has-post-thumbnail","6":"product_cat-cukry-slodziki-owoce-sproszkowane","7":"product_cat-slodziki","8":"pa_ean-matka-4858","9":"pa_gwarancja-przydatnosci-311","10":"pa_ilosc-w-opakowaniu-350","11":"pa_jednostka-podstawowa-szt","12":"pa_kod-cn-2905-49-00","13":"pa_kraj-pochodzenia-skladnikow-chiny","14":"pa_masa-netto-209","15":"pa_objetosc-brutto-4857","16":"pa_producent-batom-oleje-soki-sole-kapielowe","17":"pa_producent-nazwa-adres-batom-pl-jozef-lesniak-hurtownia-zdrowej-zywnosci-generala-augusta-fieldorfa-nila-17-31-209-krakow","18":"pa_tagi-bez-cukru-w-skladnikach","19":"pa_tagi-certyfikat-bio","20":"pa_tagi-weganski","21":"pa_tagi-wegetarianski","23":"first","24":"instock","25":"taxable","26":"shipping-taxable","27":"purchasable","28":"product-type-simple"},"acf":[],"_links":{"self":[{"href":"https:\/\/wiejskieprzysmaki.estima.site\/en\/wp-json\/wp\/v2\/product\/6096","targetHints":{"allow":["GET"]}}],"collection":[{"href":"https:\/\/wiejskieprzysmaki.estima.site\/en\/wp-json\/wp\/v2\/product"}],"about":[{"href":"https:\/\/wiejskieprzysmaki.estima.site\/en\/wp-json\/wp\/v2\/types\/product"}],"replies":[{"embeddable":true,"href":"https:\/\/wiejskieprzysmaki.estima.site\/en\/wp-json\/wp\/v2\/comments?post=6096"}],"wp:featuredmedia":[{"embeddable":true,"href":"https:\/\/wiejskieprzysmaki.estima.site\/en\/wp-json\/wp\/v2\/media\/6097"}],"wp:attachment":[{"href":"https:\/\/wiejskieprzysmaki.estima.site\/en\/wp-json\/wp\/v2\/media?parent=6096"}],"wp:term":[{"taxonomy":"product_brand","embeddable":true,"href":"https:\/\/wiejskieprzysmaki.estima.site\/en\/wp-json\/wp\/v2\/product_brand?post=6096"},{"taxonomy":"product_cat","embeddable":true,"href":"https:\/\/wiejskieprzysmaki.estima.site\/en\/wp-json\/wp\/v2\/product_cat?post=6096"},{"taxonomy":"product_tag","embeddable":true,"href":"https:\/\/wiejskieprzysmaki.estima.site\/en\/wp-json\/wp\/v2\/product_tag?post=6096"}],"curies":[{"name":"wp","href":"https:\/\/api.w.org\/{rel}","templated":true}]}}