{"id":6108,"date":"2025-02-18T11:12:32","date_gmt":"2025-02-18T10:12:32","guid":{"rendered":"https:\/\/wiejskieprzysmaki.estima.site\/produkt\/crunchy-owsiane-waniliowe-bezglutenowe-bio-325-g-bauck-hof\/"},"modified":"2025-02-18T11:12:41","modified_gmt":"2025-02-18T10:12:41","slug":"crunchy-owsiane-waniliowe-bezglutenowe-bio-325-g-bauck-hof","status":"publish","type":"product","link":"https:\/\/wiejskieprzysmaki.estima.site\/en\/product\/crunchy-owsiane-waniliowe-bezglutenowe-bio-325-g-bauck-hof\/","title":{"rendered":"CRUNCHY OWSIANE WANILIOWE BEZGLUTENOWE BIO 325 g &#8211; BAUCK HOF"},"content":{"rendered":"<p>SK\u0141ADNIKI<br \/>p\u0142atki OWSIANE pe\u0142noziarniste* bezglutenowe 71 %, cukier buraczany*, olej s\u0142onecznikowy*, ekstrudat ry\u017cowy* 3,6 % (m\u0105ka ry\u017cowa pe\u0142noziarnista*), wanilia* 0,01 %.(*certyfikowany sk\u0142adnik ekologiczny)<\/p>\n<p>WARTO\u015a\u0106 OD\u017bYWCZA W 100 g<br \/>Warto\u015b\u0107 energetyczna: 1830 kJ \/ 435 kcal <br \/>T\u0142uszcz: 12 g <br \/>w tym kwasy t\u0142uszczowe nasycone: 1,4 g <br \/>W\u0119glowodany: 68 g <br \/>w tym cukry: 21 g <br \/>B\u0142onnik: 7,5 g <br \/>Bia\u0142ko: 10 g <br \/>S\u00f3l: &lt;0,01 g <\/p>\n<p>INFORMACJA ALERGENNA<br \/>Mo\u017ce zawiera\u0107 ORZECHY, SOJ\u0118, SEZAM, GORCZYC\u0118 i \u0141UBIN. <\/p>\n<p>ZALECANE WARUNKI PRZECHOWYWANIA<br \/>Przechowywa\u0107 w suchym i ch\u0142odnym miejscu.<\/p>","protected":false},"excerpt":{"rendered":"<p>SK\u0141ADNIKIp\u0142atki OWSIANE pe\u0142noziarniste* bezglutenowe 71 %, cukier buraczany*, olej s\u0142onecznikowy*, ekstrudat ry\u017cowy* 3,6 % (m\u0105ka ry\u017cowa pe\u0142noziarnista*), wanilia* 0,01 %.(*certyfikowany sk\u0142adnik ekologiczny) WARTO\u015a\u0106 OD\u017bYWCZA W 100 gWarto\u015b\u0107 energetyczna: 1830 kJ \/ 435 kcal T\u0142uszcz: 12 g w tym kwasy t\u0142uszczowe nasycone: 1,4 g W\u0119glowodany: 68 g w tym cukry: 21 g B\u0142onnik: 7,5 g Bia\u0142ko: [&hellip;]<\/p>","protected":false},"featured_media":6109,"comment_status":"closed","ping_status":"open","template":"","meta":{"_acf_changed":false},"product_brand":[],"product_cat":[404,265],"product_tag":[],"class_list":{"0":"post-6108","1":"product","2":"type-product","3":"status-publish","4":"has-post-thumbnail","6":"product_cat-musli-crunchy-granole","7":"product_cat-sniadaniowe","8":"pa_ean-matka-4865","9":"pa_gwarancja-przydatnosci-324","10":"pa_ilosc-w-opakowaniu-298","11":"pa_jednostka-podstawowa-szt","12":"pa_kod-cn-1904-10-90","13":"pa_masa-netto-4864","14":"pa_objetosc-brutto-4319","15":"pa_producent-bauck-hof-mieszanki-do-wypiekow","16":"pa_producent-nazwa-adres-bauck-gmbh-duhenweitz-4-29571-rosche","17":"pa_tagi-bez-glutenu-deklaracja","18":"pa_tagi-certyfikat-bio","19":"pa_tagi-weganski","20":"pa_tagi-wegetarianski","22":"first","23":"instock","24":"taxable","25":"shipping-taxable","26":"purchasable","27":"product-type-simple"},"acf":[],"_links":{"self":[{"href":"https:\/\/wiejskieprzysmaki.estima.site\/en\/wp-json\/wp\/v2\/product\/6108","targetHints":{"allow":["GET"]}}],"collection":[{"href":"https:\/\/wiejskieprzysmaki.estima.site\/en\/wp-json\/wp\/v2\/product"}],"about":[{"href":"https:\/\/wiejskieprzysmaki.estima.site\/en\/wp-json\/wp\/v2\/types\/product"}],"replies":[{"embeddable":true,"href":"https:\/\/wiejskieprzysmaki.estima.site\/en\/wp-json\/wp\/v2\/comments?post=6108"}],"wp:featuredmedia":[{"embeddable":true,"href":"https:\/\/wiejskieprzysmaki.estima.site\/en\/wp-json\/wp\/v2\/media\/6109"}],"wp:attachment":[{"href":"https:\/\/wiejskieprzysmaki.estima.site\/en\/wp-json\/wp\/v2\/media?parent=6108"}],"wp:term":[{"taxonomy":"product_brand","embeddable":true,"href":"https:\/\/wiejskieprzysmaki.estima.site\/en\/wp-json\/wp\/v2\/product_brand?post=6108"},{"taxonomy":"product_cat","embeddable":true,"href":"https:\/\/wiejskieprzysmaki.estima.site\/en\/wp-json\/wp\/v2\/product_cat?post=6108"},{"taxonomy":"product_tag","embeddable":true,"href":"https:\/\/wiejskieprzysmaki.estima.site\/en\/wp-json\/wp\/v2\/product_tag?post=6108"}],"curies":[{"name":"wp","href":"https:\/\/api.w.org\/{rel}","templated":true}]}}