{"id":6128,"date":"2025-02-18T11:12:48","date_gmt":"2025-02-18T10:12:48","guid":{"rendered":"https:\/\/wiejskieprzysmaki.estima.site\/produkt\/spirulina-bio-500-mg-100-tabletek-be-organic\/"},"modified":"2025-02-20T15:13:37","modified_gmt":"2025-02-20T14:13:37","slug":"spirulina-bio-500-mg-100-tabletek-be-organic","status":"publish","type":"product","link":"https:\/\/wiejskieprzysmaki.estima.site\/en\/product\/spirulina-bio-500-mg-100-tabletek-be-organic\/","title":{"rendered":"SPIRULINA BIO (500 mg) 100 TABLETEK &#8211; BE ORGANIC"},"content":{"rendered":"<p>SK\u0141ADNIKI <br \/>spirulina w proszku* (Arthrospira platensis), substancja przeciwzbrylajaca: dwutlenek krzemu. (* certyfikowany sk\u0142adnik ekologiczny)<\/p>\n<p>OPIS  <br \/>Suplement diety. Wspiera witalno\u015b\u0107 organizmu, pomaga w przypadku zm\u0119czenia, utrzymuje prawid\u0142owy poziom cukru.  <\/p>\n<p>ZALECANE SPO\u017bYCIE I INNE UWAGI<br \/>1-6 tabletek w trakcie lub po posi\u0142ku popijaj\u0105c wod\u0105.<br \/>Nie nale\u017cy przekracza\u0107 zalecanej porcji do spo\u017cycia w ci\u0105gu dnia. Produkt nie mo\u017ce by\u0107 stosowany jako substytut (zamiennik) zr\u00f3\u017cnicowanej diety. Zr\u00f3wnowa\u017cony spos\u00f3b \u017cywienia oraz zdrowy tryb \u017cycia s\u0105 podstaw\u0105 prawid\u0142owego funkcjonowania organizmu.<\/p>\n<p>ZALECANE WARUNKI PRZECHOWYWANIA <br \/>Przechowywa\u0107 w temperaturze pokojowej, w spos\u00f3b niedost\u0119pny dla ma\u0142ych dzieci. Chroni\u0107 przed wilgoci\u0105 i \u015bwiat\u0142em.  <\/p>","protected":false},"excerpt":{"rendered":"<p>SK\u0141ADNIKI spirulina w proszku* (Arthrospira platensis), substancja przeciwzbrylajaca: dwutlenek krzemu. (* certyfikowany sk\u0142adnik ekologiczny) OPIS Suplement diety. Wspiera witalno\u015b\u0107 organizmu, pomaga w przypadku zm\u0119czenia, utrzymuje prawid\u0142owy poziom cukru. ZALECANE SPO\u017bYCIE I INNE UWAGI1-6 tabletek w trakcie lub po posi\u0142ku popijaj\u0105c wod\u0105.Nie nale\u017cy przekracza\u0107 zalecanej porcji do spo\u017cycia w ci\u0105gu dnia. Produkt nie mo\u017ce by\u0107 stosowany [&hellip;]<\/p>","protected":false},"featured_media":6129,"comment_status":"closed","ping_status":"open","template":"","meta":{"_acf_changed":false},"product_brand":[],"product_cat":[1497,9057],"product_tag":[],"class_list":{"0":"post-6128","1":"product","2":"type-product","3":"status-publish","4":"has-post-thumbnail","6":"product_cat-kapsulki-tabletki","7":"product_cat-suplementy-diety","8":"pa_ean-matka-4882","9":"pa_gwarancja-przydatnosci-311","10":"pa_ilosc-w-opakowaniu-298","11":"pa_jednostka-podstawowa-szt","12":"pa_kod-cn-2102-20-90","13":"pa_masa-netto-461","14":"pa_objetosc-brutto-4596","15":"pa_producent-be-organic-suplementy-diety","16":"pa_producent-nazwa-adres-medicaline-konrad-malitka-ostrowiec-150-05-480-karczew","17":"pa_tagi-bez-cukru-w-skladnikach","18":"pa_tagi-bez-glutenu-w-skladnikach","19":"pa_tagi-certyfikat-bio","20":"pa_tagi-weganski","21":"pa_tagi-wegetarianski","23":"first","24":"instock","25":"taxable","26":"shipping-taxable","27":"purchasable","28":"product-type-simple"},"acf":[],"_links":{"self":[{"href":"https:\/\/wiejskieprzysmaki.estima.site\/en\/wp-json\/wp\/v2\/product\/6128","targetHints":{"allow":["GET"]}}],"collection":[{"href":"https:\/\/wiejskieprzysmaki.estima.site\/en\/wp-json\/wp\/v2\/product"}],"about":[{"href":"https:\/\/wiejskieprzysmaki.estima.site\/en\/wp-json\/wp\/v2\/types\/product"}],"replies":[{"embeddable":true,"href":"https:\/\/wiejskieprzysmaki.estima.site\/en\/wp-json\/wp\/v2\/comments?post=6128"}],"wp:featuredmedia":[{"embeddable":true,"href":"https:\/\/wiejskieprzysmaki.estima.site\/en\/wp-json\/wp\/v2\/media\/6129"}],"wp:attachment":[{"href":"https:\/\/wiejskieprzysmaki.estima.site\/en\/wp-json\/wp\/v2\/media?parent=6128"}],"wp:term":[{"taxonomy":"product_brand","embeddable":true,"href":"https:\/\/wiejskieprzysmaki.estima.site\/en\/wp-json\/wp\/v2\/product_brand?post=6128"},{"taxonomy":"product_cat","embeddable":true,"href":"https:\/\/wiejskieprzysmaki.estima.site\/en\/wp-json\/wp\/v2\/product_cat?post=6128"},{"taxonomy":"product_tag","embeddable":true,"href":"https:\/\/wiejskieprzysmaki.estima.site\/en\/wp-json\/wp\/v2\/product_tag?post=6128"}],"curies":[{"name":"wp","href":"https:\/\/api.w.org\/{rel}","templated":true}]}}