{"id":6130,"date":"2025-02-18T11:12:48","date_gmt":"2025-02-18T10:12:48","guid":{"rendered":"https:\/\/wiejskieprzysmaki.estima.site\/produkt\/jod-bio-150-%c2%b5g-100-tabletek-be-organic\/"},"modified":"2025-02-20T15:13:37","modified_gmt":"2025-02-20T14:13:37","slug":"jod-bio-150-%c2%b5g-100-tabletek-be-organic","status":"publish","type":"product","link":"https:\/\/wiejskieprzysmaki.estima.site\/en\/product\/jod-bio-150-%c2%b5g-100-tabletek-be-organic\/","title":{"rendered":"JOD BIO (150 \u00b5g) 100 TABLETEK &#8211; BE ORGANIC"},"content":{"rendered":"<p>SK\u0141ADNIKI <br \/>alga (Ascophyllum nodoSUM) w proszku*, substancja wype\u0142niaj\u0105ca: b\u0142onnik akacjowy*. (* certyfikowany sk\u0142adnik ekologiczny) <\/p>\n<p>Sk\u0142adniki w porcji dziennej &#8211; 1 tabletka<br \/>jod &#8211; 150 \u03bcg (100 %)**<br \/>**dzienna referencyjna warto\u015b\u0107 spo\u017cycia<\/p>\n<p>OPIS <br \/>Suplement diety. Jod pomaga w prawid\u0142owej produkcji hormon\u00f3w tarczycy i przyczynia si\u0119 do jej prawid\u0142owego funkcjonowania. Jod pomaga w prawid\u0142owym funkcjonowaniu uk\u0142adu nerwowego, poprawia funkcje poznawcze, poprawia metabolizm energetyczny. <\/p>\n<p>ZALECANE SPO\u017bYCIE I INNE UWAGI <br \/>1 tabletka w trakcie lub po posi\u0142ku popijaj\u0105c wod\u0105. <br \/>Nie nale\u017cy przekracza\u0107 zalecanej porcji do spo\u017cycia w ci\u0105gu dnia. Produkt nie mo\u017ce by\u0107 stosowany jako substytut (zamiennik) zr\u00f3\u017cnicowanej diety. <br \/>Zr\u00f3wnowa\u017cony spos\u00f3b \u017cywienia oraz zdrowy tryb \u017cycia s\u0105 podstaw\u0105 prawid\u0142owego funkcjonowania organizmu.<\/p>\n<p>ZALECANE WARUNKI PRZECHOWYWANIA <br \/>Przechowywa\u0107 w temperaturze pokojowej, w spos\u00f3b niedost\u0119pny dla ma\u0142ych dzieci. Chroni\u0107 przed wilgoci\u0105 i \u015bwiat\u0142em. <\/p>","protected":false},"excerpt":{"rendered":"<p>SK\u0141ADNIKI alga (Ascophyllum nodoSUM) w proszku*, substancja wype\u0142niaj\u0105ca: b\u0142onnik akacjowy*. (* certyfikowany sk\u0142adnik ekologiczny) Sk\u0142adniki w porcji dziennej &#8211; 1 tabletkajod &#8211; 150 \u03bcg (100 %)****dzienna referencyjna warto\u015b\u0107 spo\u017cycia OPIS Suplement diety. Jod pomaga w prawid\u0142owej produkcji hormon\u00f3w tarczycy i przyczynia si\u0119 do jej prawid\u0142owego funkcjonowania. Jod pomaga w prawid\u0142owym funkcjonowaniu uk\u0142adu nerwowego, poprawia funkcje [&hellip;]<\/p>","protected":false},"featured_media":6131,"comment_status":"closed","ping_status":"open","template":"","meta":{"_acf_changed":false},"product_brand":[],"product_cat":[1497,9057],"product_tag":[],"class_list":{"0":"post-6130","1":"product","2":"type-product","3":"status-publish","4":"has-post-thumbnail","6":"product_cat-kapsulki-tabletki","7":"product_cat-suplementy-diety","8":"pa_ean-matka-4883","9":"pa_gwarancja-przydatnosci-311","10":"pa_ilosc-w-opakowaniu-298","11":"pa_jednostka-podstawowa-szt","12":"pa_kod-cn-2106-90-98","13":"pa_masa-netto-4813","14":"pa_objetosc-brutto-4596","15":"pa_producent-be-organic-suplementy-diety","16":"pa_producent-nazwa-adres-medicaline-konrad-malitka-ostrowiec-150-05-480-karczew","17":"pa_tagi-bez-cukru-w-skladnikach","18":"pa_tagi-bez-glutenu-w-skladnikach","19":"pa_tagi-certyfikat-bio","20":"pa_tagi-weganski","21":"pa_tagi-wegetarianski","23":"first","24":"instock","25":"taxable","26":"shipping-taxable","27":"purchasable","28":"product-type-simple"},"acf":[],"_links":{"self":[{"href":"https:\/\/wiejskieprzysmaki.estima.site\/en\/wp-json\/wp\/v2\/product\/6130","targetHints":{"allow":["GET"]}}],"collection":[{"href":"https:\/\/wiejskieprzysmaki.estima.site\/en\/wp-json\/wp\/v2\/product"}],"about":[{"href":"https:\/\/wiejskieprzysmaki.estima.site\/en\/wp-json\/wp\/v2\/types\/product"}],"replies":[{"embeddable":true,"href":"https:\/\/wiejskieprzysmaki.estima.site\/en\/wp-json\/wp\/v2\/comments?post=6130"}],"wp:featuredmedia":[{"embeddable":true,"href":"https:\/\/wiejskieprzysmaki.estima.site\/en\/wp-json\/wp\/v2\/media\/6131"}],"wp:attachment":[{"href":"https:\/\/wiejskieprzysmaki.estima.site\/en\/wp-json\/wp\/v2\/media?parent=6130"}],"wp:term":[{"taxonomy":"product_brand","embeddable":true,"href":"https:\/\/wiejskieprzysmaki.estima.site\/en\/wp-json\/wp\/v2\/product_brand?post=6130"},{"taxonomy":"product_cat","embeddable":true,"href":"https:\/\/wiejskieprzysmaki.estima.site\/en\/wp-json\/wp\/v2\/product_cat?post=6130"},{"taxonomy":"product_tag","embeddable":true,"href":"https:\/\/wiejskieprzysmaki.estima.site\/en\/wp-json\/wp\/v2\/product_tag?post=6130"}],"curies":[{"name":"wp","href":"https:\/\/api.w.org\/{rel}","templated":true}]}}