{"id":6132,"date":"2025-02-18T11:12:48","date_gmt":"2025-02-18T10:12:48","guid":{"rendered":"https:\/\/wiejskieprzysmaki.estima.site\/produkt\/herbatka-relax-bio-17-x-18-g-306-g-yogi-tea\/"},"modified":"2025-02-18T11:12:56","modified_gmt":"2025-02-18T10:12:56","slug":"herbatka-relax-bio-17-x-18-g-306-g-yogi-tea","status":"publish","type":"product","link":"https:\/\/wiejskieprzysmaki.estima.site\/en\/product\/herbatka-relax-bio-17-x-18-g-306-g-yogi-tea\/","title":{"rendered":"HERBATKA RELAX BIO (17 x 1,8 g) 30,6 g &#8211; YOGI TEA"},"content":{"rendered":"<p>SK\u0141ADNIKI<br \/>kwiaty rumianku* (17 %), koper w\u0142oski*, kwiat lipy* (15 %), kardamon*, s\u0142\u00f3d J\u0118CZMIENNY*, hibiskus*, lukrecja*, lucerna*, li\u015b\u0107 maliny*, sk\u00f3rka z pomara\u0144czy*, owoc dzikiej r\u00f3\u017cy* (2 %), cynamon*, imbir*, go\u017adziki*, pieprz czarny* (*certyfikowany sk\u0142adnik ekologiczny)<\/p>\n<p>OPIS<br \/>Fili\u017canka YOGI TEA\u00ae Relax to oaza spokoju w naszych burzliwych czasach. Kusz\u0105cy aromat koj\u0105cego rumianku i kwiatu lipy wystarczy, by emanowa\u0107 spokojem, a w po\u0142\u0105czeniu z owocem dzikiej r\u00f3\u017cy jest w stanie wyg\u0142adzi\u0107 wzburzone fale. Opanowanie i spok\u00f3j pozwalaj\u0105 Ci na nowo przej\u0105\u0107 kontrol\u0119.<br \/>Herbatka dla wszystkich ceni\u0105cych si\u0142\u0119 spokoju.<\/p>\n<p>SPOS\u00d3B PRZYGOTOWANIA<br \/>Torebk\u0119 zala\u0107 \u015bwie\u017co przegotowan\u0105 wod\u0105 i zaparza\u0107 przez 6-7 minut lub d\u0142u\u017cej w celu uzyskania mocniejszego smaku.<\/p>\n<p>ZALECANE WARUNKI PRZECHOWYWANIA <br \/>Przechowywa\u0107 w suchym i ch\u0142odnym miejscu.<\/p>","protected":false},"excerpt":{"rendered":"<p>SK\u0141ADNIKIkwiaty rumianku* (17 %), koper w\u0142oski*, kwiat lipy* (15 %), kardamon*, s\u0142\u00f3d J\u0118CZMIENNY*, hibiskus*, lukrecja*, lucerna*, li\u015b\u0107 maliny*, sk\u00f3rka z pomara\u0144czy*, owoc dzikiej r\u00f3\u017cy* (2 %), cynamon*, imbir*, go\u017adziki*, pieprz czarny* (*certyfikowany sk\u0142adnik ekologiczny) OPISFili\u017canka YOGI TEA\u00ae Relax to oaza spokoju w naszych burzliwych czasach. Kusz\u0105cy aromat koj\u0105cego rumianku i kwiatu lipy wystarczy, by emanowa\u0107 [&hellip;]<\/p>","protected":false},"featured_media":6133,"comment_status":"closed","ping_status":"open","template":"","meta":{"_acf_changed":false},"product_brand":[],"product_cat":[282,478],"product_tag":[],"class_list":{"0":"post-6132","1":"product","2":"type-product","3":"status-publish","4":"has-post-thumbnail","6":"product_cat-herbaty-i-ziola","7":"product_cat-ziolowe-owocowe-mieszanki","8":"pa_ean-matka-4884","9":"pa_gwarancja-przydatnosci-522","10":"pa_ilosc-w-opakowaniu-298","11":"pa_jednostka-podstawowa-szt","12":"pa_kod-cn-2106-90-92","13":"pa_masa-netto-443","14":"pa_objetosc-brutto-1264","15":"pa_producent-yogi-tea-herbaty-i-herbatki","16":"pa_producent-nazwa-adres-yogi-tea-gmbh-burchardstrase-24-20095-hamburg","17":"pa_tagi-bez-cukru-w-skladnikach","18":"pa_tagi-certyfikat-bio","19":"pa_tagi-weganski","20":"pa_tagi-wegetarianski","22":"first","23":"instock","24":"taxable","25":"shipping-taxable","26":"purchasable","27":"product-type-simple"},"acf":[],"_links":{"self":[{"href":"https:\/\/wiejskieprzysmaki.estima.site\/en\/wp-json\/wp\/v2\/product\/6132","targetHints":{"allow":["GET"]}}],"collection":[{"href":"https:\/\/wiejskieprzysmaki.estima.site\/en\/wp-json\/wp\/v2\/product"}],"about":[{"href":"https:\/\/wiejskieprzysmaki.estima.site\/en\/wp-json\/wp\/v2\/types\/product"}],"replies":[{"embeddable":true,"href":"https:\/\/wiejskieprzysmaki.estima.site\/en\/wp-json\/wp\/v2\/comments?post=6132"}],"wp:featuredmedia":[{"embeddable":true,"href":"https:\/\/wiejskieprzysmaki.estima.site\/en\/wp-json\/wp\/v2\/media\/6133"}],"wp:attachment":[{"href":"https:\/\/wiejskieprzysmaki.estima.site\/en\/wp-json\/wp\/v2\/media?parent=6132"}],"wp:term":[{"taxonomy":"product_brand","embeddable":true,"href":"https:\/\/wiejskieprzysmaki.estima.site\/en\/wp-json\/wp\/v2\/product_brand?post=6132"},{"taxonomy":"product_cat","embeddable":true,"href":"https:\/\/wiejskieprzysmaki.estima.site\/en\/wp-json\/wp\/v2\/product_cat?post=6132"},{"taxonomy":"product_tag","embeddable":true,"href":"https:\/\/wiejskieprzysmaki.estima.site\/en\/wp-json\/wp\/v2\/product_tag?post=6132"}],"curies":[{"name":"wp","href":"https:\/\/api.w.org\/{rel}","templated":true}]}}